{"id":1251,"date":"2024-05-27T22:58:51","date_gmt":"2024-05-27T20:58:51","guid":{"rendered":"https:\/\/uki3d.pl\/?post_type=product&#038;p=1251"},"modified":"2026-04-17T11:55:04","modified_gmt":"2026-04-17T09:55:04","slug":"d-o-p-e-card-holder","status":"publish","type":"product","link":"https:\/\/uki3d.pl\/en\/store\/d-o-p-e-card-holder\/","title":{"rendered":"D.O.P.E. Card Holder"},"content":{"rendered":"<p class=\" translation-block\"><strong>D.O.P.E. Card Holder<\/strong> for corrections or other notes, suitable for scopes with diameters of <strong>25.4mm, 30mm, 34mm, 35mm, 36mm<\/strong>, and other diameters, as well as for <strong>SPUHR<\/strong> mounting holes.\nMounts onto the scope tube or onto the SPUHR mount and tilts sideways. The holder holds a blank white card (Zebra) the size of a bank card.\nThe card is removable and can be written on with permanent marker (easily removed with alcohol, e.g., IPA) or dry-erase, or you can simply stick tape, labels, etc. on it.\n<p>\nMounting to the <strong>scope tube<\/strong> with two screws, the one closer to the tube is used to tighten it securely on the tube, the other is used to adjust the holder's rotation force.<br>\n<p>\nMounts onto the <strong>SPUHR mount<\/strong> with two screws. It fits both the side of the mount and the holes on the lower rail. <br>Stainless steel screws (but black!), brass threaded inserts.<\/p>\n<p>RING WIDTH \u2013 12mm (can be slightly changed).<\/p>\n<hr \/>\n<p><strong>INSTALLATION:<\/strong><\/p>\n<div style=\"width: 1280px;\" class=\"wp-video\"><video class=\"wp-video-shortcode\" id=\"video-1251-1\" width=\"1280\" height=\"720\" preload=\"metadata\" controls=\"controls\"><source type=\"video\/webm\" src=\"https:\/\/uki3d.pl\/wp-content\/uploads\/2025\/11\/PRS_CARD_HOLDER_new.webm?_=1\" \/><a href=\"https:\/\/uki3d.pl\/wp-content\/uploads\/2025\/11\/PRS_CARD_HOLDER_new.webm\">https:\/\/uki3d.pl\/wp-content\/uploads\/2025\/11\/PRS_CARD_HOLDER_new.webm<\/a><\/video><\/div>\n<p>Slide the ring onto the scope tube (it will bend without any problems, will not break or damage the tube - it is plastic), insert the second screw, remembering about the washers between the ring and the hinge of the holder, screw in the first screw (closer to the tube) and adjust the level of the holder. Tighten the first screw so that the ring does not move on the tube, adjust the rotation resistance of the holder hinge with the second screw.<br \/>\nInstalling the hinge may be slightly problematic because the washers tend to escape, but with a little patience they will go where they need to be.<\/p>\n<p><strong>Made using 3D printing technology using PETG-CF (Carbon Fiber).<\/strong><\/p>\n<hr \/>\n<\/div>","protected":false},"excerpt":{"rendered":"<p>D.O.P.E. Card Holder do poprawek lub innych notatek na lunety o \u015brednicy 25.4mm, 30mm, 34mm, 35mm, 36mm i innych dowolnych oraz do otwor\u00f3w monta\u017cowych SPUHR. Montowany na tubus lunety lub do monta\u017cu SPUHR i odchylany na boki. W holderze bia\u0142a karta (Zebra) o wymiarach takich jak karta bankomatowa, czysta. Karta wyci\u0105gana, mo\u017cna na niej pisa\u0107&#8230;<\/p>","protected":false},"featured_media":6989,"comment_status":"open","ping_status":"closed","template":"","meta":{"_uag_custom_page_level_css":"","_kad_post_transparent":"default","_kad_post_title":"","_kad_post_layout":"default","_kad_post_sidebar_id":"","_kad_post_content_style":"default","_kad_post_vertical_padding":"default","_kad_post_feature":"","_kad_post_feature_position":"","_kad_post_header":false,"_kad_post_footer":false,"_kad_post_classname":""},"product_brand":[],"product_cat":[126],"product_tag":[],"class_list":{"0":"post-1251","1":"product","2":"type-product","3":"status-publish","4":"has-post-thumbnail","6":"product_cat-strzelectwo","7":"product_shipping_class-standard","9":"first","10":"instock","11":"featured","12":"taxable","13":"shipping-taxable","14":"purchasable","15":"product-type-variable","16":"has-default-attributes","17":"entry","18":"content-bg","19":"loop-entry","20":"wpzoom-wc-spi-has-enabled"},"uagb_featured_image_src":{"full":["https:\/\/uki3d.pl\/wp-content\/uploads\/2025\/05\/PRS_CARD_HOLDER_1_L.png",800,800,false],"thumbnail":["https:\/\/uki3d.pl\/wp-content\/uploads\/2025\/05\/PRS_CARD_HOLDER_1_L.png",96,96,false],"medium":["https:\/\/uki3d.pl\/wp-content\/uploads\/2025\/05\/PRS_CARD_HOLDER_1_L.png",800,800,false],"medium_large":["https:\/\/uki3d.pl\/wp-content\/uploads\/2025\/05\/PRS_CARD_HOLDER_1_L-768x768.png",768,768,true],"large":["https:\/\/uki3d.pl\/wp-content\/uploads\/2025\/05\/PRS_CARD_HOLDER_1_L.png",800,800,false],"1536x1536":["https:\/\/uki3d.pl\/wp-content\/uploads\/2025\/05\/PRS_CARD_HOLDER_1_L.png",800,800,false],"2048x2048":["https:\/\/uki3d.pl\/wp-content\/uploads\/2025\/05\/PRS_CARD_HOLDER_1_L.png",800,800,false],"trp-custom-language-flag":["https:\/\/uki3d.pl\/wp-content\/uploads\/2025\/05\/PRS_CARD_HOLDER_1_L-12x12.png",12,12,true],"woocommerce_thumbnail":["https:\/\/uki3d.pl\/wp-content\/uploads\/2025\/05\/PRS_CARD_HOLDER_1_L.png",800,800,false],"woocommerce_single":["https:\/\/uki3d.pl\/wp-content\/uploads\/2025\/05\/PRS_CARD_HOLDER_1_L.png",800,800,false],"woocommerce_gallery_thumbnail":["https:\/\/uki3d.pl\/wp-content\/uploads\/2025\/05\/PRS_CARD_HOLDER_1_L-100x100.png",100,100,true]},"uagb_author_info":{"display_name":"uki","author_link":"https:\/\/uki3d.pl\/en\/author\/"},"uagb_comment_info":1,"uagb_excerpt":"D.O.P.E. Card Holder do poprawek lub innych notatek na lunety o \u015brednicy 25.4mm, 30mm, 34mm, 35mm, 36mm i innych dowolnych oraz do otwor\u00f3w monta\u017cowych SPUHR. Montowany na tubus lunety lub do monta\u017cu SPUHR i odchylany na boki. W holderze bia\u0142a karta (Zebra) o wymiarach takich jak karta bankomatowa, czysta. Karta wyci\u0105gana, mo\u017cna na niej pisa\u0107...","_links":{"self":[{"href":"https:\/\/uki3d.pl\/en\/wp-json\/wp\/v2\/product\/1251","targetHints":{"allow":["GET"]}}],"collection":[{"href":"https:\/\/uki3d.pl\/en\/wp-json\/wp\/v2\/product"}],"about":[{"href":"https:\/\/uki3d.pl\/en\/wp-json\/wp\/v2\/types\/product"}],"replies":[{"embeddable":true,"href":"https:\/\/uki3d.pl\/en\/wp-json\/wp\/v2\/comments?post=1251"}],"wp:featuredmedia":[{"embeddable":true,"href":"https:\/\/uki3d.pl\/en\/wp-json\/wp\/v2\/media\/6989"}],"wp:attachment":[{"href":"https:\/\/uki3d.pl\/en\/wp-json\/wp\/v2\/media?parent=1251"}],"wp:term":[{"taxonomy":"product_brand","embeddable":true,"href":"https:\/\/uki3d.pl\/en\/wp-json\/wp\/v2\/product_brand?post=1251"},{"taxonomy":"product_cat","embeddable":true,"href":"https:\/\/uki3d.pl\/en\/wp-json\/wp\/v2\/product_cat?post=1251"},{"taxonomy":"product_tag","embeddable":true,"href":"https:\/\/uki3d.pl\/en\/wp-json\/wp\/v2\/product_tag?post=1251"}],"curies":[{"name":"wp","href":"https:\/\/api.w.org\/{rel}","templated":true}]}}