{"id":1271,"date":"2024-05-27T22:58:51","date_gmt":"2024-05-27T20:58:51","guid":{"rendered":"https:\/\/uki3d.pl\/?post_type=product&#038;p=1271"},"modified":"2026-04-16T07:23:50","modified_gmt":"2026-04-16T05:23:50","slug":"bore-guide-prowadnica-do-wyciora-cz457","status":"publish","type":"product","link":"https:\/\/uki3d.pl\/en\/store\/bore-guide-prowadnica-do-wyciora-cz457\/","title":{"rendered":"CZ457 Bore Guide"},"content":{"rendered":"<p class=\" translation-block\"><strong>Bore Guide<\/strong> for a cleaning rod for <strong>CZ 457<\/strong>.<br>\nThe guide makes cleaning with a cleaning rod much easier and prevents cleaning cloth\/oil from getting into the trigger mechanism.<br>\nPerfectly matched to the CZ 457 system, it catches on the <em>left-hand<\/em> or <em>right-hand<\/em> bolt latch and fits perfectly to the front of the chamber. Special protrusions fitted to the recesses in the barrel prevent the guide from rotating. Inner diameter 6mm.<\/p>\n<p><strong>Made using 3D printing technology using PETG-CF (Carbon Fiber).<\/strong><\/p>\n<hr \/>","protected":false},"excerpt":{"rendered":"<p>Bore Guide &#8211; prowadnica do wyciora do CZ 457. Prowadnica znacznie u\u0142atwia czyszczenie przy pomocy wyciora oraz uniemo\u017cliwia dostanie si\u0119 czy\u015bciwa\/olejku do mechanizmu spustowego. Idealnie dopasowana do systemu CZ 457, \u0142apie si\u0119 na zatrzask prawostronnego i lewostronnego zamka, idealnie przylega do czo\u0142a komory. Specjalne wypustki dopasowane do wybra\u0144 w lufie zapobiegaj\u0105 obracaniu si\u0119 prowadnicy. \u015arednica&#8230;<\/p>","protected":false},"featured_media":2538,"comment_status":"open","ping_status":"closed","template":"","meta":{"_uag_custom_page_level_css":"","_kad_post_transparent":"default","_kad_post_title":"","_kad_post_layout":"default","_kad_post_sidebar_id":"","_kad_post_content_style":"default","_kad_post_vertical_padding":"default","_kad_post_feature":"","_kad_post_feature_position":"","_kad_post_header":false,"_kad_post_footer":false,"_kad_post_classname":""},"product_brand":[],"product_cat":[126],"product_tag":[],"class_list":{"0":"post-1271","1":"product","2":"type-product","3":"status-publish","4":"has-post-thumbnail","6":"product_cat-strzelectwo","7":"product_shipping_class-standard","9":"first","10":"instock","11":"featured","12":"taxable","13":"shipping-taxable","14":"purchasable","15":"product-type-simple","16":"entry","17":"content-bg","18":"loop-entry","19":"wpzoom-wc-spi-has-enabled"},"uagb_featured_image_src":{"full":["https:\/\/uki3d.pl\/wp-content\/uploads\/2024\/06\/CZ457_BORE_GUIDE_1.png",800,800,false],"thumbnail":["https:\/\/uki3d.pl\/wp-content\/uploads\/2024\/06\/CZ457_BORE_GUIDE_1.png",96,96,false],"medium":["https:\/\/uki3d.pl\/wp-content\/uploads\/2024\/06\/CZ457_BORE_GUIDE_1.png",800,800,false],"medium_large":["https:\/\/uki3d.pl\/wp-content\/uploads\/2024\/06\/CZ457_BORE_GUIDE_1-768x768.png",768,768,true],"large":["https:\/\/uki3d.pl\/wp-content\/uploads\/2024\/06\/CZ457_BORE_GUIDE_1.png",800,800,false],"1536x1536":["https:\/\/uki3d.pl\/wp-content\/uploads\/2024\/06\/CZ457_BORE_GUIDE_1.png",800,800,false],"2048x2048":["https:\/\/uki3d.pl\/wp-content\/uploads\/2024\/06\/CZ457_BORE_GUIDE_1.png",800,800,false],"trp-custom-language-flag":["https:\/\/uki3d.pl\/wp-content\/uploads\/2024\/06\/CZ457_BORE_GUIDE_1-12x12.png",12,12,true],"woocommerce_thumbnail":["https:\/\/uki3d.pl\/wp-content\/uploads\/2024\/06\/CZ457_BORE_GUIDE_1.png",800,800,false],"woocommerce_single":["https:\/\/uki3d.pl\/wp-content\/uploads\/2024\/06\/CZ457_BORE_GUIDE_1.png",800,800,false],"woocommerce_gallery_thumbnail":["https:\/\/uki3d.pl\/wp-content\/uploads\/2024\/06\/CZ457_BORE_GUIDE_1-100x100.png",100,100,true]},"uagb_author_info":{"display_name":"uki","author_link":"https:\/\/uki3d.pl\/en\/author\/"},"uagb_comment_info":1,"uagb_excerpt":"Bore Guide &#8211; prowadnica do wyciora do CZ 457. Prowadnica znacznie u\u0142atwia czyszczenie przy pomocy wyciora oraz uniemo\u017cliwia dostanie si\u0119 czy\u015bciwa\/olejku do mechanizmu spustowego. Idealnie dopasowana do systemu CZ 457, \u0142apie si\u0119 na zatrzask prawostronnego i lewostronnego zamka, idealnie przylega do czo\u0142a komory. Specjalne wypustki dopasowane do wybra\u0144 w lufie zapobiegaj\u0105 obracaniu si\u0119 prowadnicy. \u015arednica...","_links":{"self":[{"href":"https:\/\/uki3d.pl\/en\/wp-json\/wp\/v2\/product\/1271","targetHints":{"allow":["GET"]}}],"collection":[{"href":"https:\/\/uki3d.pl\/en\/wp-json\/wp\/v2\/product"}],"about":[{"href":"https:\/\/uki3d.pl\/en\/wp-json\/wp\/v2\/types\/product"}],"replies":[{"embeddable":true,"href":"https:\/\/uki3d.pl\/en\/wp-json\/wp\/v2\/comments?post=1271"}],"wp:featuredmedia":[{"embeddable":true,"href":"https:\/\/uki3d.pl\/en\/wp-json\/wp\/v2\/media\/2538"}],"wp:attachment":[{"href":"https:\/\/uki3d.pl\/en\/wp-json\/wp\/v2\/media?parent=1271"}],"wp:term":[{"taxonomy":"product_brand","embeddable":true,"href":"https:\/\/uki3d.pl\/en\/wp-json\/wp\/v2\/product_brand?post=1271"},{"taxonomy":"product_cat","embeddable":true,"href":"https:\/\/uki3d.pl\/en\/wp-json\/wp\/v2\/product_cat?post=1271"},{"taxonomy":"product_tag","embeddable":true,"href":"https:\/\/uki3d.pl\/en\/wp-json\/wp\/v2\/product_tag?post=1271"}],"curies":[{"name":"wp","href":"https:\/\/api.w.org\/{rel}","templated":true}]}}