{"id":1272,"date":"2024-05-27T22:58:51","date_gmt":"2024-05-27T20:58:51","guid":{"rendered":"https:\/\/uki3d.pl\/?post_type=product&#038;p=1272"},"modified":"2026-04-16T22:39:10","modified_gmt":"2026-04-16T20:39:10","slug":"wydluzona-dzwignia-cz-457-0-22-lr","status":"publish","type":"product","link":"https:\/\/uki3d.pl\/en\/store\/wydluzona-dzwignia-cz-457-0-22-lr\/","title":{"rendered":"Extended mag catch for CZ 457 0.22 LR"},"content":{"rendered":"<p class=\" translation-block\">Extended mag catch for <strong>CZ 457 0.22 LR.<\/strong><br>\nPerfectly suited to 10- and 5-round magazines, including those with a +2 or +3 extension.<\/p>\n<p><strong>Made using 3D printing technology using PETG-CF (Carbon Fiber).<\/strong><\/p>\n<hr \/>","protected":false},"excerpt":{"rendered":"<p>Wyd\u0142u\u017cona d\u017awignia zrzutu magazynka do CZ 457 0.22 LR. Idealnie spasowana do magazynk\u00f3w 10 i 5 nabojowych, w tym ze stopk\u0105 powi\u0119kszaj\u0105c\u0105 +2 lub +3. Wykonano w technologii druku 3D z PETG-CF (Carbon Fiber).<\/p>","protected":false},"featured_media":3571,"comment_status":"open","ping_status":"closed","template":"","meta":{"_uag_custom_page_level_css":"","_kad_post_transparent":"default","_kad_post_title":"","_kad_post_layout":"default","_kad_post_sidebar_id":"","_kad_post_content_style":"default","_kad_post_vertical_padding":"default","_kad_post_feature":"","_kad_post_feature_position":"","_kad_post_header":false,"_kad_post_footer":false,"_kad_post_classname":""},"product_brand":[],"product_cat":[126],"product_tag":[],"class_list":{"0":"post-1272","1":"product","2":"type-product","3":"status-publish","4":"has-post-thumbnail","6":"product_cat-strzelectwo","7":"product_shipping_class-standard","9":"first","10":"instock","11":"featured","12":"taxable","13":"shipping-taxable","14":"purchasable","15":"product-type-simple","16":"entry","17":"content-bg","18":"loop-entry","19":"wpzoom-wc-spi-has-enabled"},"uagb_featured_image_src":{"full":["https:\/\/uki3d.pl\/wp-content\/uploads\/2024\/05\/MAG_RELEASE_1.png",800,800,false],"thumbnail":["https:\/\/uki3d.pl\/wp-content\/uploads\/2024\/05\/MAG_RELEASE_1-150x150.png",96,96,true],"medium":["https:\/\/uki3d.pl\/wp-content\/uploads\/2024\/05\/MAG_RELEASE_1-300x300.png",300,300,true],"medium_large":["https:\/\/uki3d.pl\/wp-content\/uploads\/2024\/05\/MAG_RELEASE_1-768x768.png",768,768,true],"large":["https:\/\/uki3d.pl\/wp-content\/uploads\/2024\/05\/MAG_RELEASE_1.png",800,800,false],"1536x1536":["https:\/\/uki3d.pl\/wp-content\/uploads\/2024\/05\/MAG_RELEASE_1.png",800,800,false],"2048x2048":["https:\/\/uki3d.pl\/wp-content\/uploads\/2024\/05\/MAG_RELEASE_1.png",800,800,false],"trp-custom-language-flag":["https:\/\/uki3d.pl\/wp-content\/uploads\/2024\/05\/MAG_RELEASE_1-12x12.png",12,12,true],"woocommerce_thumbnail":["https:\/\/uki3d.pl\/wp-content\/uploads\/2024\/05\/MAG_RELEASE_1.png",800,800,false],"woocommerce_single":["https:\/\/uki3d.pl\/wp-content\/uploads\/2024\/05\/MAG_RELEASE_1.png",800,800,false],"woocommerce_gallery_thumbnail":["https:\/\/uki3d.pl\/wp-content\/uploads\/2024\/05\/MAG_RELEASE_1-100x100.png",100,100,true]},"uagb_author_info":{"display_name":"uki","author_link":"https:\/\/uki3d.pl\/en\/author\/"},"uagb_comment_info":1,"uagb_excerpt":"Wyd\u0142u\u017cona d\u017awignia zrzutu magazynka do CZ 457 0.22 LR. Idealnie spasowana do magazynk\u00f3w 10 i 5 nabojowych, w tym ze stopk\u0105 powi\u0119kszaj\u0105c\u0105 +2 lub +3. Wykonano w technologii druku 3D z PETG-CF (Carbon Fiber).","_links":{"self":[{"href":"https:\/\/uki3d.pl\/en\/wp-json\/wp\/v2\/product\/1272","targetHints":{"allow":["GET"]}}],"collection":[{"href":"https:\/\/uki3d.pl\/en\/wp-json\/wp\/v2\/product"}],"about":[{"href":"https:\/\/uki3d.pl\/en\/wp-json\/wp\/v2\/types\/product"}],"replies":[{"embeddable":true,"href":"https:\/\/uki3d.pl\/en\/wp-json\/wp\/v2\/comments?post=1272"}],"wp:featuredmedia":[{"embeddable":true,"href":"https:\/\/uki3d.pl\/en\/wp-json\/wp\/v2\/media\/3571"}],"wp:attachment":[{"href":"https:\/\/uki3d.pl\/en\/wp-json\/wp\/v2\/media?parent=1272"}],"wp:term":[{"taxonomy":"product_brand","embeddable":true,"href":"https:\/\/uki3d.pl\/en\/wp-json\/wp\/v2\/product_brand?post=1272"},{"taxonomy":"product_cat","embeddable":true,"href":"https:\/\/uki3d.pl\/en\/wp-json\/wp\/v2\/product_cat?post=1272"},{"taxonomy":"product_tag","embeddable":true,"href":"https:\/\/uki3d.pl\/en\/wp-json\/wp\/v2\/product_tag?post=1272"}],"curies":[{"name":"wp","href":"https:\/\/api.w.org\/{rel}","templated":true}]}}