{"id":1290,"date":"2024-05-27T22:58:51","date_gmt":"2024-05-27T20:58:51","guid":{"rendered":"https:\/\/uki3d.pl\/?post_type=product&#038;p=1290"},"modified":"2026-04-02T22:05:06","modified_gmt":"2026-04-02T20:05:06","slug":"marker-lusek","status":"publish","type":"product","link":"https:\/\/uki3d.pl\/en\/store\/marker-lusek\/","title":{"rendered":"Brass Marker"},"content":{"rendered":"<p class=\" translation-block\"><strong>Brass Marker<\/strong> for .223 Rem, .308 Win. <br>Only the flange of the brass is marked, which ensures that it will not wear off in the chamber or on sand.<\/p>\n<p><strong>INSTRUCTIONAL VIDEO:<\/strong><br \/>\n<div style=\"width: 360px;\" class=\"wp-video\"><video class=\"wp-video-shortcode\" id=\"video-1290-1\" width=\"360\" height=\"640\" preload=\"metadata\" controls=\"controls\"><source type=\"video\/mp4\" src=\"https:\/\/uki3d.pl\/wp-content\/uploads\/2025\/03\/Marker-Lusek-308-Win.mp4?_=1\" \/><a href=\"https:\/\/uki3d.pl\/wp-content\/uploads\/2025\/03\/Marker-Lusek-308-Win.mp4\">https:\/\/uki3d.pl\/wp-content\/uploads\/2025\/03\/Marker-Lusek-308-Win.mp4<\/a><\/video><\/div><\/p>\n<p><font color=\"red\"><\/p>\n<blockquote><p><em><strong>Trzeba wyposa\u017cy\u0107 si\u0119 w marker MOLOTOW ONE4ALL 127HS 2mm<\/strong><\/em><\/p><\/blockquote>\n<p><\/font><\/p>\n<blockquote><p><em><strong>Mo\u017cliwo\u015b\u0107 dopasowania pod inny marker\/pisak, ale trzeba go dostarczy\u0107 do mnie &#8211; <a href=\"https:\/\/uki3d.pl\/contact\/\">email me<\/a>.<\/strong><\/em><\/p><\/blockquote>\n<p><strong>Made using 3D printing technology using PETG-CF (Carbon Fiber).<\/strong><\/p>\n<hr \/>","protected":false},"excerpt":{"rendered":"<p>Marker \u0142usek do kalibru 223Rem, .308 Win. Zaznaczana jest tylko kryza \u0142uski, przez co jest pewno\u015b\u0107, \u017ce si\u0119 nie zetrze w komorze lub na piachu. FILM INSTRUKTA\u017bOWY: Trzeba wyposa\u017cy\u0107 si\u0119 w marker MOLOTOW ONE4ALL 127HS 2mm Mo\u017cliwo\u015b\u0107 dopasowania pod inny marker\/pisak, ale trzeba go dostarczy\u0107 do mnie &#8211; napisz. Wykonano w technologii druku 3D z&#8230;<\/p>","protected":false},"featured_media":6362,"comment_status":"open","ping_status":"closed","template":"","meta":{"_uag_custom_page_level_css":"","_kad_post_transparent":"default","_kad_post_title":"","_kad_post_layout":"default","_kad_post_sidebar_id":"","_kad_post_content_style":"default","_kad_post_vertical_padding":"default","_kad_post_feature":"","_kad_post_feature_position":"","_kad_post_header":false,"_kad_post_footer":false,"_kad_post_classname":""},"product_brand":[],"product_cat":[126],"product_tag":[],"class_list":{"0":"post-1290","1":"product","2":"type-product","3":"status-publish","4":"has-post-thumbnail","6":"product_cat-strzelectwo","7":"product_shipping_class-standard","9":"first","10":"instock","11":"featured","12":"taxable","13":"shipping-taxable","14":"purchasable","15":"product-type-variable","16":"has-default-attributes","17":"entry","18":"content-bg","19":"loop-entry","20":"wpzoom-wc-spi-has-enabled"},"uagb_featured_image_src":{"full":["https:\/\/uki3d.pl\/wp-content\/uploads\/2025\/02\/CARTRIGE_MARKER_v2_308_1.png",800,800,false],"thumbnail":["https:\/\/uki3d.pl\/wp-content\/uploads\/2025\/02\/CARTRIGE_MARKER_v2_308_1.png",96,96,false],"medium":["https:\/\/uki3d.pl\/wp-content\/uploads\/2025\/02\/CARTRIGE_MARKER_v2_308_1.png",800,800,false],"medium_large":["https:\/\/uki3d.pl\/wp-content\/uploads\/2025\/02\/CARTRIGE_MARKER_v2_308_1-768x768.png",768,768,true],"large":["https:\/\/uki3d.pl\/wp-content\/uploads\/2025\/02\/CARTRIGE_MARKER_v2_308_1.png",800,800,false],"1536x1536":["https:\/\/uki3d.pl\/wp-content\/uploads\/2025\/02\/CARTRIGE_MARKER_v2_308_1.png",800,800,false],"2048x2048":["https:\/\/uki3d.pl\/wp-content\/uploads\/2025\/02\/CARTRIGE_MARKER_v2_308_1.png",800,800,false],"trp-custom-language-flag":["https:\/\/uki3d.pl\/wp-content\/uploads\/2025\/02\/CARTRIGE_MARKER_v2_308_1-12x12.png",12,12,true],"woocommerce_thumbnail":["https:\/\/uki3d.pl\/wp-content\/uploads\/2025\/02\/CARTRIGE_MARKER_v2_308_1.png",800,800,false],"woocommerce_single":["https:\/\/uki3d.pl\/wp-content\/uploads\/2025\/02\/CARTRIGE_MARKER_v2_308_1.png",800,800,false],"woocommerce_gallery_thumbnail":["https:\/\/uki3d.pl\/wp-content\/uploads\/2025\/02\/CARTRIGE_MARKER_v2_308_1-100x100.png",100,100,true]},"uagb_author_info":{"display_name":"uki","author_link":"https:\/\/uki3d.pl\/en\/author\/"},"uagb_comment_info":0,"uagb_excerpt":"Marker \u0142usek do kalibru 223Rem, .308 Win. Zaznaczana jest tylko kryza \u0142uski, przez co jest pewno\u015b\u0107, \u017ce si\u0119 nie zetrze w komorze lub na piachu. FILM INSTRUKTA\u017bOWY: Trzeba wyposa\u017cy\u0107 si\u0119 w marker MOLOTOW ONE4ALL 127HS 2mm Mo\u017cliwo\u015b\u0107 dopasowania pod inny marker\/pisak, ale trzeba go dostarczy\u0107 do mnie &#8211; napisz. Wykonano w technologii druku 3D z...","_links":{"self":[{"href":"https:\/\/uki3d.pl\/en\/wp-json\/wp\/v2\/product\/1290","targetHints":{"allow":["GET"]}}],"collection":[{"href":"https:\/\/uki3d.pl\/en\/wp-json\/wp\/v2\/product"}],"about":[{"href":"https:\/\/uki3d.pl\/en\/wp-json\/wp\/v2\/types\/product"}],"replies":[{"embeddable":true,"href":"https:\/\/uki3d.pl\/en\/wp-json\/wp\/v2\/comments?post=1290"}],"wp:featuredmedia":[{"embeddable":true,"href":"https:\/\/uki3d.pl\/en\/wp-json\/wp\/v2\/media\/6362"}],"wp:attachment":[{"href":"https:\/\/uki3d.pl\/en\/wp-json\/wp\/v2\/media?parent=1290"}],"wp:term":[{"taxonomy":"product_brand","embeddable":true,"href":"https:\/\/uki3d.pl\/en\/wp-json\/wp\/v2\/product_brand?post=1290"},{"taxonomy":"product_cat","embeddable":true,"href":"https:\/\/uki3d.pl\/en\/wp-json\/wp\/v2\/product_cat?post=1290"},{"taxonomy":"product_tag","embeddable":true,"href":"https:\/\/uki3d.pl\/en\/wp-json\/wp\/v2\/product_tag?post=1290"}],"curies":[{"name":"wp","href":"https:\/\/api.w.org\/{rel}","templated":true}]}}