{"id":1294,"date":"2024-05-27T22:58:51","date_gmt":"2024-05-27T20:58:51","guid":{"rendered":"https:\/\/uki3d.pl\/?post_type=product&#038;p=1294"},"modified":"2026-04-06T13:45:27","modified_gmt":"2026-04-06T11:45:27","slug":"uchwyt-magazynka-do-cz457-0-22-lr","status":"publish","type":"product","link":"https:\/\/uki3d.pl\/en\/store\/uchwyt-magazynka-do-cz457-0-22-lr\/","title":{"rendered":"CZ457 0.22 LR Mag Holder"},"content":{"rendered":"<p class=\" translation-block\">Magazine holder for CZ457 0.22 LR.<br>\nEquipped with a lever identical to the original (longer). After inserting the magazine, it holds very securely. The holder fits both plastic and metal magazines.<br>\nAvailable versions: for MLOK and for the BLITZ stock (CZ457) from rusznikarnia.eu.<br>\nThe use of a wedge prevents accidental rotation of the handle in the M-LOK slot. The set includes an M-LOK screw and nut or an M5x10 screw with a low head.<\/p>\n<p><strong>Made using 3D printing technology using PETG-CF (Carbon Fiber).<\/strong><\/p>\n<hr \/>","protected":false},"excerpt":{"rendered":"<p>Uchwyt magazynka do CZ457 0.22 LR. Wyposa\u017cony w d\u017awigni\u0119 zrzutu bli\u017aniacz\u0105 do orygina\u0142u (wyd\u0142u\u017con\u0105). Po wpi\u0119ciu magazynka trzyma si\u0119 bardzo pewnie. Uchwyt pasuje zar\u00f3wno do plastikowych jak i metalowych magazynk\u00f3w. Dost\u0119pne wersje: na MLOK oraz do osady BLITZ (CZ457) z rusznikarnia.eu. Zastosowanie klina uniemo\u017cliwia przypadkowe obracanie uchwytu w slocie M-LOK. W zestawie \u015bruba i nakr\u0119tka&#8230;<\/p>","protected":false},"featured_media":3527,"comment_status":"open","ping_status":"closed","template":"","meta":{"_uag_custom_page_level_css":"","_kad_post_transparent":"default","_kad_post_title":"","_kad_post_layout":"default","_kad_post_sidebar_id":"","_kad_post_content_style":"default","_kad_post_vertical_padding":"default","_kad_post_feature":"","_kad_post_feature_position":"","_kad_post_header":false,"_kad_post_footer":false,"_kad_post_classname":""},"product_brand":[],"product_cat":[126],"product_tag":[],"class_list":{"0":"post-1294","1":"product","2":"type-product","3":"status-publish","4":"has-post-thumbnail","6":"product_cat-strzelectwo","7":"product_shipping_class-standard","9":"first","10":"instock","11":"featured","12":"taxable","13":"shipping-taxable","14":"purchasable","15":"product-type-variable","16":"has-default-attributes","17":"entry","18":"content-bg","19":"loop-entry","20":"wpzoom-wc-spi-has-enabled"},"uagb_featured_image_src":{"full":["https:\/\/uki3d.pl\/wp-content\/uploads\/2024\/06\/CZ_MH_MLOK_1.png",800,800,false],"thumbnail":["https:\/\/uki3d.pl\/wp-content\/uploads\/2024\/06\/CZ_MH_MLOK_1-150x150.png",96,96,true],"medium":["https:\/\/uki3d.pl\/wp-content\/uploads\/2024\/06\/CZ_MH_MLOK_1-300x300.png",300,300,true],"medium_large":["https:\/\/uki3d.pl\/wp-content\/uploads\/2024\/06\/CZ_MH_MLOK_1-768x768.png",768,768,true],"large":["https:\/\/uki3d.pl\/wp-content\/uploads\/2024\/06\/CZ_MH_MLOK_1.png",800,800,false],"1536x1536":["https:\/\/uki3d.pl\/wp-content\/uploads\/2024\/06\/CZ_MH_MLOK_1.png",800,800,false],"2048x2048":["https:\/\/uki3d.pl\/wp-content\/uploads\/2024\/06\/CZ_MH_MLOK_1.png",800,800,false],"trp-custom-language-flag":["https:\/\/uki3d.pl\/wp-content\/uploads\/2024\/06\/CZ_MH_MLOK_1-12x12.png",12,12,true],"woocommerce_thumbnail":["https:\/\/uki3d.pl\/wp-content\/uploads\/2024\/06\/CZ_MH_MLOK_1.png",800,800,false],"woocommerce_single":["https:\/\/uki3d.pl\/wp-content\/uploads\/2024\/06\/CZ_MH_MLOK_1.png",800,800,false],"woocommerce_gallery_thumbnail":["https:\/\/uki3d.pl\/wp-content\/uploads\/2024\/06\/CZ_MH_MLOK_1-100x100.png",100,100,true]},"uagb_author_info":{"display_name":"uki","author_link":"https:\/\/uki3d.pl\/en\/author\/"},"uagb_comment_info":0,"uagb_excerpt":"Uchwyt magazynka do CZ457 0.22 LR. Wyposa\u017cony w d\u017awigni\u0119 zrzutu bli\u017aniacz\u0105 do orygina\u0142u (wyd\u0142u\u017con\u0105). Po wpi\u0119ciu magazynka trzyma si\u0119 bardzo pewnie. Uchwyt pasuje zar\u00f3wno do plastikowych jak i metalowych magazynk\u00f3w. Dost\u0119pne wersje: na MLOK oraz do osady BLITZ (CZ457) z rusznikarnia.eu. Zastosowanie klina uniemo\u017cliwia przypadkowe obracanie uchwytu w slocie M-LOK. W zestawie \u015bruba i nakr\u0119tka...","_links":{"self":[{"href":"https:\/\/uki3d.pl\/en\/wp-json\/wp\/v2\/product\/1294","targetHints":{"allow":["GET"]}}],"collection":[{"href":"https:\/\/uki3d.pl\/en\/wp-json\/wp\/v2\/product"}],"about":[{"href":"https:\/\/uki3d.pl\/en\/wp-json\/wp\/v2\/types\/product"}],"replies":[{"embeddable":true,"href":"https:\/\/uki3d.pl\/en\/wp-json\/wp\/v2\/comments?post=1294"}],"wp:featuredmedia":[{"embeddable":true,"href":"https:\/\/uki3d.pl\/en\/wp-json\/wp\/v2\/media\/3527"}],"wp:attachment":[{"href":"https:\/\/uki3d.pl\/en\/wp-json\/wp\/v2\/media?parent=1294"}],"wp:term":[{"taxonomy":"product_brand","embeddable":true,"href":"https:\/\/uki3d.pl\/en\/wp-json\/wp\/v2\/product_brand?post=1294"},{"taxonomy":"product_cat","embeddable":true,"href":"https:\/\/uki3d.pl\/en\/wp-json\/wp\/v2\/product_cat?post=1294"},{"taxonomy":"product_tag","embeddable":true,"href":"https:\/\/uki3d.pl\/en\/wp-json\/wp\/v2\/product_tag?post=1294"}],"curies":[{"name":"wp","href":"https:\/\/api.w.org\/{rel}","templated":true}]}}