{"id":1308,"date":"2024-05-27T22:58:51","date_gmt":"2024-05-27T20:58:51","guid":{"rendered":"https:\/\/uki3d.pl\/?post_type=product&#038;p=1308"},"modified":"2026-04-12T13:56:29","modified_gmt":"2026-04-12T11:56:29","slug":"side-wings-mlok","status":"publish","type":"product","link":"https:\/\/uki3d.pl\/en\/store\/side-wings-mlok\/","title":{"rendered":"Side Wings MLOK"},"content":{"rendered":"<p class=\" translation-block\"><strong>Side Wings<\/strong> mounted on the side of the stock equipped with M-LOK slots. The wings increase stability when shooting from an unstable position and using the front bag. The wings fit, among others, the stock: <strong>MDT ACC CZ457, ELEMENTS CZ457, VISION CZ457, BLITZ CZ457, GRAY BIRCH, CZart \u2026<\/strong><br>\nAfter providing dimensions, it is possible to design wings for any stock with M-LOK slots.<br>\nThe design includes a built-in thumbrest and has rough surfaces on the top and bottom.<\/p>\n<p>Included in the set:<\/p>\n<ul class=\" translation-block\">\u2013 Side Wings \u2013 for right and left side (set)<br>\n\u2013 M-LOK screws and nuts<\/ul>\n<p class=\" translation-block\">The wings can be mounted <strong>IN PARALLEL<\/strong> with the edge of the ARCA rail, or <strong>ABOVE<\/strong> to provide access to the full length of the rail.<\/p>\n<p><strong>Made using 3D printing technology using PETG-CF (Carbon Fiber).<\/strong><\/p>\n<hr \/>","protected":false},"excerpt":{"rendered":"<p>Side Wings montowane na bok osady wyposa\u017conej w sloty M-LOK. Skrzyd\u0142a zwi\u0119kszaj\u0105 stabilno\u015b\u0107 podczas strzelania z niestabilnej pozycji i korzystania z przedniego worka. Skrzyd\u0142a pasuj\u0105 m.in. do osady: MDT ACC CZ457, ELEMENTS CZ457, VISION CZ457, BLITZ CZ457, GRAY BIRCH, CZart &#8230; Po dostarczeniu wymiar\u00f3w istnieje mo\u017cliwo\u015b\u0107 zaprojektowania skrzyde\u0142 do dowolnej osady ze slotami M-LOK. Projekt&#8230;<\/p>","protected":false},"featured_media":2561,"comment_status":"open","ping_status":"closed","template":"","meta":{"_uag_custom_page_level_css":"","_kad_post_transparent":"default","_kad_post_title":"","_kad_post_layout":"default","_kad_post_sidebar_id":"","_kad_post_content_style":"default","_kad_post_vertical_padding":"default","_kad_post_feature":"","_kad_post_feature_position":"","_kad_post_header":false,"_kad_post_footer":false,"_kad_post_classname":""},"product_brand":[],"product_cat":[126],"product_tag":[],"class_list":{"0":"post-1308","1":"product","2":"type-product","3":"status-publish","4":"has-post-thumbnail","6":"product_cat-strzelectwo","7":"product_shipping_class-standard","9":"first","10":"instock","11":"featured","12":"taxable","13":"shipping-taxable","14":"purchasable","15":"product-type-variable","16":"has-default-attributes","17":"entry","18":"content-bg","19":"loop-entry","20":"wpzoom-wc-spi-has-enabled"},"uagb_featured_image_src":{"full":["https:\/\/uki3d.pl\/wp-content\/uploads\/2024\/06\/VISION_WINGS_1.png",800,800,false],"thumbnail":["https:\/\/uki3d.pl\/wp-content\/uploads\/2024\/06\/VISION_WINGS_1-150x150.png",96,96,true],"medium":["https:\/\/uki3d.pl\/wp-content\/uploads\/2024\/06\/VISION_WINGS_1-300x300.png",300,300,true],"medium_large":["https:\/\/uki3d.pl\/wp-content\/uploads\/2024\/06\/VISION_WINGS_1-768x768.png",768,768,true],"large":["https:\/\/uki3d.pl\/wp-content\/uploads\/2024\/06\/VISION_WINGS_1.png",800,800,false],"1536x1536":["https:\/\/uki3d.pl\/wp-content\/uploads\/2024\/06\/VISION_WINGS_1.png",800,800,false],"2048x2048":["https:\/\/uki3d.pl\/wp-content\/uploads\/2024\/06\/VISION_WINGS_1.png",800,800,false],"trp-custom-language-flag":["https:\/\/uki3d.pl\/wp-content\/uploads\/2024\/06\/VISION_WINGS_1.png",12,12,false],"woocommerce_thumbnail":["https:\/\/uki3d.pl\/wp-content\/uploads\/2024\/06\/VISION_WINGS_1.png",800,800,false],"woocommerce_single":["https:\/\/uki3d.pl\/wp-content\/uploads\/2024\/06\/VISION_WINGS_1.png",800,800,false],"woocommerce_gallery_thumbnail":["https:\/\/uki3d.pl\/wp-content\/uploads\/2024\/06\/VISION_WINGS_1-100x100.png",100,100,true]},"uagb_author_info":{"display_name":"uki","author_link":"https:\/\/uki3d.pl\/en\/author\/"},"uagb_comment_info":0,"uagb_excerpt":"Side Wings montowane na bok osady wyposa\u017conej w sloty M-LOK. Skrzyd\u0142a zwi\u0119kszaj\u0105 stabilno\u015b\u0107 podczas strzelania z niestabilnej pozycji i korzystania z przedniego worka. Skrzyd\u0142a pasuj\u0105 m.in. do osady: MDT ACC CZ457, ELEMENTS CZ457, VISION CZ457, BLITZ CZ457, GRAY BIRCH, CZart &#8230; Po dostarczeniu wymiar\u00f3w istnieje mo\u017cliwo\u015b\u0107 zaprojektowania skrzyde\u0142 do dowolnej osady ze slotami M-LOK. Projekt...","_links":{"self":[{"href":"https:\/\/uki3d.pl\/en\/wp-json\/wp\/v2\/product\/1308","targetHints":{"allow":["GET"]}}],"collection":[{"href":"https:\/\/uki3d.pl\/en\/wp-json\/wp\/v2\/product"}],"about":[{"href":"https:\/\/uki3d.pl\/en\/wp-json\/wp\/v2\/types\/product"}],"replies":[{"embeddable":true,"href":"https:\/\/uki3d.pl\/en\/wp-json\/wp\/v2\/comments?post=1308"}],"wp:featuredmedia":[{"embeddable":true,"href":"https:\/\/uki3d.pl\/en\/wp-json\/wp\/v2\/media\/2561"}],"wp:attachment":[{"href":"https:\/\/uki3d.pl\/en\/wp-json\/wp\/v2\/media?parent=1308"}],"wp:term":[{"taxonomy":"product_brand","embeddable":true,"href":"https:\/\/uki3d.pl\/en\/wp-json\/wp\/v2\/product_brand?post=1308"},{"taxonomy":"product_cat","embeddable":true,"href":"https:\/\/uki3d.pl\/en\/wp-json\/wp\/v2\/product_cat?post=1308"},{"taxonomy":"product_tag","embeddable":true,"href":"https:\/\/uki3d.pl\/en\/wp-json\/wp\/v2\/product_tag?post=1308"}],"curies":[{"name":"wp","href":"https:\/\/api.w.org\/{rel}","templated":true}]}}