{"id":3275,"date":"2024-06-07T23:18:21","date_gmt":"2024-06-07T21:18:21","guid":{"rendered":"https:\/\/uki3d.pl\/?post_type=product&#038;p=3275"},"modified":"2026-04-02T22:05:05","modified_gmt":"2026-04-02T20:05:05","slug":"bag-plate-na-szyne-arca","status":"publish","type":"product","link":"https:\/\/uki3d.pl\/en\/store\/bag-plate-na-szyne-arca\/","title":{"rendered":"ARCA Rail Bag Plate"},"content":{"rendered":"<p class=\" translation-block\"><strong>Bag plate<\/strong> for an ARCA rail intended for mounting bags, e.g. Cole-TAC, Armageddon Gear, Ulfhendar and other \"harnesses\" with similar dimensions.<br>\nThe whole thing is held very firmly on the rail; jaw width \u2013 75mm. All structural elements (rollers, springs, inserts, screw) made of stainless steel.<br>\nThe modular structure allows for the possible replacement of a damaged part.<\/p>\n<p><strong>Made using 3D printing technology using PETG-CF (Carbon Fiber).<\/strong><\/p>\n<hr \/>","protected":false},"excerpt":{"rendered":"<p>Bag plate na szyn\u0119 ARCA przeznaczony do zamontowania work\u00f3w, np. Cole-TAC, Armageddon Gear, Ulfhendar i innych o podobnych wymiarach &#8222;szelek&#8221;. Ca\u0142o\u015b\u0107 bardzo mocno trzyma si\u0119 na szynie; szeroko\u015b\u0107 szcz\u0119k &#8211; 75mm. Wszystkie elementy konstrukcyjne (wa\u0142ki, spr\u0119\u017cyny, inserty, \u015bruba) ze stali nierdzewnej. Modu\u0142owa budowa pozwala na ewentualn\u0105 wymian\u0119 uszkodzonej cz\u0119\u015bci. Wykonano w technologii druku 3D z&#8230;<\/p>","protected":false},"featured_media":3378,"comment_status":"open","ping_status":"closed","template":"","meta":{"_uag_custom_page_level_css":"","_kad_post_transparent":"default","_kad_post_title":"","_kad_post_layout":"default","_kad_post_sidebar_id":"","_kad_post_content_style":"default","_kad_post_vertical_padding":"default","_kad_post_feature":"","_kad_post_feature_position":"","_kad_post_header":false,"_kad_post_footer":false,"_kad_post_classname":""},"product_brand":[],"product_cat":[126],"product_tag":[],"class_list":{"0":"post-3275","1":"product","2":"type-product","3":"status-publish","4":"has-post-thumbnail","6":"product_cat-strzelectwo","7":"product_shipping_class-standard","9":"first","10":"instock","11":"featured","12":"taxable","13":"shipping-taxable","14":"purchasable","15":"product-type-simple","16":"entry","17":"content-bg","18":"loop-entry","19":"wpzoom-wc-spi-has-enabled"},"uagb_featured_image_src":{"full":["https:\/\/uki3d.pl\/wp-content\/uploads\/2024\/06\/BAG_PLATE_1.png",800,800,false],"thumbnail":["https:\/\/uki3d.pl\/wp-content\/uploads\/2024\/06\/BAG_PLATE_1-150x150.png",96,96,true],"medium":["https:\/\/uki3d.pl\/wp-content\/uploads\/2024\/06\/BAG_PLATE_1-300x300.png",300,300,true],"medium_large":["https:\/\/uki3d.pl\/wp-content\/uploads\/2024\/06\/BAG_PLATE_1-768x768.png",768,768,true],"large":["https:\/\/uki3d.pl\/wp-content\/uploads\/2024\/06\/BAG_PLATE_1.png",800,800,false],"1536x1536":["https:\/\/uki3d.pl\/wp-content\/uploads\/2024\/06\/BAG_PLATE_1.png",800,800,false],"2048x2048":["https:\/\/uki3d.pl\/wp-content\/uploads\/2024\/06\/BAG_PLATE_1.png",800,800,false],"trp-custom-language-flag":["https:\/\/uki3d.pl\/wp-content\/uploads\/2024\/06\/BAG_PLATE_1.png",12,12,false],"woocommerce_thumbnail":["https:\/\/uki3d.pl\/wp-content\/uploads\/2024\/06\/BAG_PLATE_1.png",800,800,false],"woocommerce_single":["https:\/\/uki3d.pl\/wp-content\/uploads\/2024\/06\/BAG_PLATE_1.png",800,800,false],"woocommerce_gallery_thumbnail":["https:\/\/uki3d.pl\/wp-content\/uploads\/2024\/06\/BAG_PLATE_1-100x100.png",100,100,true]},"uagb_author_info":{"display_name":"uki","author_link":"https:\/\/uki3d.pl\/en\/author\/"},"uagb_comment_info":1,"uagb_excerpt":"Bag plate na szyn\u0119 ARCA przeznaczony do zamontowania work\u00f3w, np. Cole-TAC, Armageddon Gear, Ulfhendar i innych o podobnych wymiarach &#8222;szelek&#8221;. Ca\u0142o\u015b\u0107 bardzo mocno trzyma si\u0119 na szynie; szeroko\u015b\u0107 szcz\u0119k &#8211; 75mm. Wszystkie elementy konstrukcyjne (wa\u0142ki, spr\u0119\u017cyny, inserty, \u015bruba) ze stali nierdzewnej. Modu\u0142owa budowa pozwala na ewentualn\u0105 wymian\u0119 uszkodzonej cz\u0119\u015bci. Wykonano w technologii druku 3D z...","_links":{"self":[{"href":"https:\/\/uki3d.pl\/en\/wp-json\/wp\/v2\/product\/3275","targetHints":{"allow":["GET"]}}],"collection":[{"href":"https:\/\/uki3d.pl\/en\/wp-json\/wp\/v2\/product"}],"about":[{"href":"https:\/\/uki3d.pl\/en\/wp-json\/wp\/v2\/types\/product"}],"replies":[{"embeddable":true,"href":"https:\/\/uki3d.pl\/en\/wp-json\/wp\/v2\/comments?post=3275"}],"wp:featuredmedia":[{"embeddable":true,"href":"https:\/\/uki3d.pl\/en\/wp-json\/wp\/v2\/media\/3378"}],"wp:attachment":[{"href":"https:\/\/uki3d.pl\/en\/wp-json\/wp\/v2\/media?parent=3275"}],"wp:term":[{"taxonomy":"product_brand","embeddable":true,"href":"https:\/\/uki3d.pl\/en\/wp-json\/wp\/v2\/product_brand?post=3275"},{"taxonomy":"product_cat","embeddable":true,"href":"https:\/\/uki3d.pl\/en\/wp-json\/wp\/v2\/product_cat?post=3275"},{"taxonomy":"product_tag","embeddable":true,"href":"https:\/\/uki3d.pl\/en\/wp-json\/wp\/v2\/product_tag?post=3275"}],"curies":[{"name":"wp","href":"https:\/\/api.w.org\/{rel}","templated":true}]}}