{"id":3374,"date":"2024-06-09T14:09:27","date_gmt":"2024-06-09T12:09:27","guid":{"rendered":"https:\/\/uki3d.pl\/?post_type=product&#038;p=3374"},"modified":"2026-04-02T22:05:05","modified_gmt":"2026-04-02T20:05:05","slug":"fat-vertical-grip-0-ar15","status":"publish","type":"product","link":"https:\/\/uki3d.pl\/en\/store\/fat-vertical-grip-0-ar15\/","title":{"rendered":"FAT Grip 0\u00b0 Vertical AR15"},"content":{"rendered":"<p><strong>FAT Grip<\/strong> <strong>0\u00b0 <\/strong>&#8211; uchwyt pionowy kompatybilny ze standardem AR15.<br \/>\nMocno chropowata faktura zwi\u0119kszaj\u0105ca przyczepno\u015b\u0107. Monta\u017c domy\u015blny na \u015brub\u0119 M6x25 &#8211; w zestawie wraz z podk\u0142adk\u0105 z\u0105bkowan\u0105 (nierdzewne).<br \/>\nUchwyt przetestowany &#8222;w boju&#8221; trzyma si\u0119 bardzo stabilnie!<\/p>\n<ul>\n<li>\nD\u0142ugo\u015b\u0107 ca\u0142kowita &#8211; 90mm.\n<\/li>\n<\/ul>\n<p><strong>Made using 3D printing technology using PETG-CF (Carbon Fiber).<\/strong><\/p>\n<hr>","protected":false},"excerpt":{"rendered":"<p>FAT Grip 0\u00b0 &#8211; uchwyt pionowy kompatybilny ze standardem AR15. Mocno chropowata faktura zwi\u0119kszaj\u0105ca przyczepno\u015b\u0107. Monta\u017c domy\u015blny na \u015brub\u0119 M6x25 &#8211; w zestawie wraz z podk\u0142adk\u0105 z\u0105bkowan\u0105 (nierdzewne). Uchwyt przetestowany &#8222;w boju&#8221; trzyma si\u0119 bardzo stabilnie! D\u0142ugo\u015b\u0107 ca\u0142kowita &#8211; 90mm. Wykonano w technologii druku 3D z PETG-CF (Carbon Fiber).<\/p>","protected":false},"featured_media":3417,"comment_status":"open","ping_status":"closed","template":"","meta":{"_uag_custom_page_level_css":"","_kad_post_transparent":"default","_kad_post_title":"","_kad_post_layout":"default","_kad_post_sidebar_id":"","_kad_post_content_style":"default","_kad_post_vertical_padding":"default","_kad_post_feature":"","_kad_post_feature_position":"","_kad_post_header":false,"_kad_post_footer":false,"_kad_post_classname":""},"product_brand":[],"product_cat":[126],"product_tag":[],"class_list":{"0":"post-3374","1":"product","2":"type-product","3":"status-publish","4":"has-post-thumbnail","6":"product_cat-strzelectwo","7":"product_shipping_class-standard","9":"first","10":"instock","11":"featured","12":"taxable","13":"shipping-taxable","14":"purchasable","15":"product-type-simple","16":"entry","17":"content-bg","18":"loop-entry","19":"wpzoom-wc-spi-has-enabled"},"uagb_featured_image_src":{"full":["https:\/\/uki3d.pl\/wp-content\/uploads\/2024\/06\/FAT_GRIP_1.png",800,800,false],"thumbnail":["https:\/\/uki3d.pl\/wp-content\/uploads\/2024\/06\/FAT_GRIP_1.png",96,96,false],"medium":["https:\/\/uki3d.pl\/wp-content\/uploads\/2024\/06\/FAT_GRIP_1.png",800,800,false],"medium_large":["https:\/\/uki3d.pl\/wp-content\/uploads\/2024\/06\/FAT_GRIP_1-768x768.png",768,768,true],"large":["https:\/\/uki3d.pl\/wp-content\/uploads\/2024\/06\/FAT_GRIP_1.png",800,800,false],"1536x1536":["https:\/\/uki3d.pl\/wp-content\/uploads\/2024\/06\/FAT_GRIP_1.png",800,800,false],"2048x2048":["https:\/\/uki3d.pl\/wp-content\/uploads\/2024\/06\/FAT_GRIP_1.png",800,800,false],"trp-custom-language-flag":["https:\/\/uki3d.pl\/wp-content\/uploads\/2024\/06\/FAT_GRIP_1-12x12.png",12,12,true],"woocommerce_thumbnail":["https:\/\/uki3d.pl\/wp-content\/uploads\/2024\/06\/FAT_GRIP_1.png",800,800,false],"woocommerce_single":["https:\/\/uki3d.pl\/wp-content\/uploads\/2024\/06\/FAT_GRIP_1.png",800,800,false],"woocommerce_gallery_thumbnail":["https:\/\/uki3d.pl\/wp-content\/uploads\/2024\/06\/FAT_GRIP_1-100x100.png",100,100,true]},"uagb_author_info":{"display_name":"uki","author_link":"https:\/\/uki3d.pl\/en\/author\/"},"uagb_comment_info":0,"uagb_excerpt":"FAT Grip 0\u00b0 &#8211; uchwyt pionowy kompatybilny ze standardem AR15. Mocno chropowata faktura zwi\u0119kszaj\u0105ca przyczepno\u015b\u0107. Monta\u017c domy\u015blny na \u015brub\u0119 M6x25 &#8211; w zestawie wraz z podk\u0142adk\u0105 z\u0105bkowan\u0105 (nierdzewne). Uchwyt przetestowany &#8222;w boju&#8221; trzyma si\u0119 bardzo stabilnie! D\u0142ugo\u015b\u0107 ca\u0142kowita &#8211; 90mm. Wykonano w technologii druku 3D z PETG-CF (Carbon Fiber).","_links":{"self":[{"href":"https:\/\/uki3d.pl\/en\/wp-json\/wp\/v2\/product\/3374","targetHints":{"allow":["GET"]}}],"collection":[{"href":"https:\/\/uki3d.pl\/en\/wp-json\/wp\/v2\/product"}],"about":[{"href":"https:\/\/uki3d.pl\/en\/wp-json\/wp\/v2\/types\/product"}],"replies":[{"embeddable":true,"href":"https:\/\/uki3d.pl\/en\/wp-json\/wp\/v2\/comments?post=3374"}],"wp:featuredmedia":[{"embeddable":true,"href":"https:\/\/uki3d.pl\/en\/wp-json\/wp\/v2\/media\/3417"}],"wp:attachment":[{"href":"https:\/\/uki3d.pl\/en\/wp-json\/wp\/v2\/media?parent=3374"}],"wp:term":[{"taxonomy":"product_brand","embeddable":true,"href":"https:\/\/uki3d.pl\/en\/wp-json\/wp\/v2\/product_brand?post=3374"},{"taxonomy":"product_cat","embeddable":true,"href":"https:\/\/uki3d.pl\/en\/wp-json\/wp\/v2\/product_cat?post=3374"},{"taxonomy":"product_tag","embeddable":true,"href":"https:\/\/uki3d.pl\/en\/wp-json\/wp\/v2\/product_tag?post=3374"}],"curies":[{"name":"wp","href":"https:\/\/api.w.org\/{rel}","templated":true}]}}