{"id":4339,"date":"2024-06-24T23:10:04","date_gmt":"2024-06-24T21:10:04","guid":{"rendered":"https:\/\/uki3d.pl\/?post_type=product&#038;p=4339"},"modified":"2026-04-02T22:05:05","modified_gmt":"2026-04-02T20:05:05","slug":"area-419-rcx-thumb-stop","status":"publish","type":"product","link":"https:\/\/uki3d.pl\/en\/store\/area-419-rcx-thumb-stop\/","title":{"rendered":"AREA 419 RCX Thumb Stop"},"content":{"rendered":"<p class=\" translation-block\"><strong>AREA 419 RCX Thumb Stop.<\/strong> Designed like the original. There are stainless steel square nuts inside the print. The set includes two stainless steel M4x12 screws.<\/p>\n<p><strong>Made using 3D printing technology using PETG-CF (Carbon Fiber).<\/strong><\/p>\n<hr \/>","protected":false},"excerpt":{"rendered":"<p>AREA 419 RCX Thumb Stop. Zaprojektowany na wz\u00f3r orygina\u0142u. W \u015brodku wydruku nierdzewne kwadratowe nakr\u0119tki. W zestawie dwie nierdzewne \u015bruby M4x12. Wykonano w technologii druku 3D z PETG-CF (Carbon Fiber).<\/p>","protected":false},"featured_media":5008,"comment_status":"open","ping_status":"closed","template":"","meta":{"_uag_custom_page_level_css":"","_kad_post_transparent":"default","_kad_post_title":"","_kad_post_layout":"default","_kad_post_sidebar_id":"","_kad_post_content_style":"default","_kad_post_vertical_padding":"default","_kad_post_feature":"","_kad_post_feature_position":"","_kad_post_header":false,"_kad_post_footer":false,"_kad_post_classname":""},"product_brand":[],"product_cat":[126],"product_tag":[],"class_list":{"0":"post-4339","1":"product","2":"type-product","3":"status-publish","4":"has-post-thumbnail","6":"product_cat-strzelectwo","7":"product_shipping_class-standard","9":"first","10":"instock","11":"featured","12":"taxable","13":"shipping-taxable","14":"purchasable","15":"product-type-simple","16":"entry","17":"content-bg","18":"loop-entry","19":"wpzoom-wc-spi-has-enabled"},"uagb_featured_image_src":{"full":["https:\/\/uki3d.pl\/wp-content\/uploads\/2024\/06\/AREA419_THUMB_STOP_1.png",800,800,false],"thumbnail":["https:\/\/uki3d.pl\/wp-content\/uploads\/2024\/06\/AREA419_THUMB_STOP_1-150x150.png",96,96,true],"medium":["https:\/\/uki3d.pl\/wp-content\/uploads\/2024\/06\/AREA419_THUMB_STOP_1-300x300.png",300,300,true],"medium_large":["https:\/\/uki3d.pl\/wp-content\/uploads\/2024\/06\/AREA419_THUMB_STOP_1-768x768.png",768,768,true],"large":["https:\/\/uki3d.pl\/wp-content\/uploads\/2024\/06\/AREA419_THUMB_STOP_1.png",800,800,false],"1536x1536":["https:\/\/uki3d.pl\/wp-content\/uploads\/2024\/06\/AREA419_THUMB_STOP_1.png",800,800,false],"2048x2048":["https:\/\/uki3d.pl\/wp-content\/uploads\/2024\/06\/AREA419_THUMB_STOP_1.png",800,800,false],"trp-custom-language-flag":["https:\/\/uki3d.pl\/wp-content\/uploads\/2024\/06\/AREA419_THUMB_STOP_1-12x12.png",12,12,true],"woocommerce_thumbnail":["https:\/\/uki3d.pl\/wp-content\/uploads\/2024\/06\/AREA419_THUMB_STOP_1.png",800,800,false],"woocommerce_single":["https:\/\/uki3d.pl\/wp-content\/uploads\/2024\/06\/AREA419_THUMB_STOP_1.png",800,800,false],"woocommerce_gallery_thumbnail":["https:\/\/uki3d.pl\/wp-content\/uploads\/2024\/06\/AREA419_THUMB_STOP_1-100x100.png",100,100,true]},"uagb_author_info":{"display_name":"uki","author_link":"https:\/\/uki3d.pl\/en\/author\/"},"uagb_comment_info":0,"uagb_excerpt":"AREA 419 RCX Thumb Stop. Zaprojektowany na wz\u00f3r orygina\u0142u. W \u015brodku wydruku nierdzewne kwadratowe nakr\u0119tki. W zestawie dwie nierdzewne \u015bruby M4x12. Wykonano w technologii druku 3D z PETG-CF (Carbon Fiber).","_links":{"self":[{"href":"https:\/\/uki3d.pl\/en\/wp-json\/wp\/v2\/product\/4339","targetHints":{"allow":["GET"]}}],"collection":[{"href":"https:\/\/uki3d.pl\/en\/wp-json\/wp\/v2\/product"}],"about":[{"href":"https:\/\/uki3d.pl\/en\/wp-json\/wp\/v2\/types\/product"}],"replies":[{"embeddable":true,"href":"https:\/\/uki3d.pl\/en\/wp-json\/wp\/v2\/comments?post=4339"}],"wp:featuredmedia":[{"embeddable":true,"href":"https:\/\/uki3d.pl\/en\/wp-json\/wp\/v2\/media\/5008"}],"wp:attachment":[{"href":"https:\/\/uki3d.pl\/en\/wp-json\/wp\/v2\/media?parent=4339"}],"wp:term":[{"taxonomy":"product_brand","embeddable":true,"href":"https:\/\/uki3d.pl\/en\/wp-json\/wp\/v2\/product_brand?post=4339"},{"taxonomy":"product_cat","embeddable":true,"href":"https:\/\/uki3d.pl\/en\/wp-json\/wp\/v2\/product_cat?post=4339"},{"taxonomy":"product_tag","embeddable":true,"href":"https:\/\/uki3d.pl\/en\/wp-json\/wp\/v2\/product_tag?post=4339"}],"curies":[{"name":"wp","href":"https:\/\/api.w.org\/{rel}","templated":true}]}}