{"id":5443,"date":"2024-07-14T22:27:44","date_gmt":"2024-07-14T20:27:44","guid":{"rendered":"https:\/\/uki3d.pl\/?post_type=product&#038;p=5443"},"modified":"2026-04-06T13:45:27","modified_gmt":"2026-04-06T11:45:27","slug":"barricade-stop-do-osady-blitz","status":"publish","type":"product","link":"https:\/\/uki3d.pl\/en\/store\/barricade-stop-do-osady-blitz\/","title":{"rendered":"Barricade Stop for BLITZ Chassis"},"content":{"rendered":"<p><strong>Barricade Stop <\/strong>do osady BLITZ z rusznikarnia.eu. Szeroko\u015b\u0107 zgodna z osad\u0105, wysoko\u015b\u0107 do wyboru: <strong>50mm lub 60mm<\/strong> (je\u017celi chcesz inn\u0105 &#8211; <a href=\"https:\/\/uki3d.pl\/contact\/\">email me<\/a>).<br \/>\nWybranie pod spodem nie ingeruje w swobodne wypinanie magazynka.<br \/>\nElement o wype\u0142nieniu <strong>100%<\/strong>. Bardzo mocny. Spokojnie wytrzyma nie jedn\u0105 wymagaj\u0105c\u0105 barykad\u0119!<br \/>\nW zestawie dwie \u015bruby z nierdzewki.<\/p>\n<p><strong>Made using 3D printing technology using PETG-CF (Carbon Fiber).<\/strong><\/p>\n<hr \/>","protected":false},"excerpt":{"rendered":"<p>Barricade Stop do osady BLITZ z rusznikarnia.eu. Szeroko\u015b\u0107 zgodna z osad\u0105, wysoko\u015b\u0107 do wyboru: 50mm lub 60mm (je\u017celi chcesz inn\u0105 &#8211; napisz). Wybranie pod spodem nie ingeruje w swobodne wypinanie magazynka. Element o wype\u0142nieniu 100%. Bardzo mocny. Spokojnie wytrzyma nie jedn\u0105 wymagaj\u0105c\u0105 barykad\u0119! W zestawie dwie \u015bruby z nierdzewki. Wykonano w technologii druku 3D z&#8230;<\/p>","protected":false},"featured_media":5510,"comment_status":"open","ping_status":"closed","template":"","meta":{"_uag_custom_page_level_css":"","_kad_post_transparent":"default","_kad_post_title":"","_kad_post_layout":"default","_kad_post_sidebar_id":"","_kad_post_content_style":"default","_kad_post_vertical_padding":"default","_kad_post_feature":"","_kad_post_feature_position":"","_kad_post_header":false,"_kad_post_footer":false,"_kad_post_classname":""},"product_brand":[],"product_cat":[126],"product_tag":[],"class_list":{"0":"post-5443","1":"product","2":"type-product","3":"status-publish","4":"has-post-thumbnail","6":"product_cat-strzelectwo","7":"product_shipping_class-standard","9":"first","10":"instock","11":"featured","12":"taxable","13":"shipping-taxable","14":"purchasable","15":"product-type-variable","16":"has-default-attributes","17":"entry","18":"content-bg","19":"loop-entry","20":"wpzoom-wc-spi-has-enabled"},"uagb_featured_image_src":{"full":["https:\/\/uki3d.pl\/wp-content\/uploads\/2024\/07\/BLITZ_BARRICADE_STOP_60mm_1.png",800,800,false],"thumbnail":["https:\/\/uki3d.pl\/wp-content\/uploads\/2024\/07\/BLITZ_BARRICADE_STOP_60mm_1-150x150.png",96,96,true],"medium":["https:\/\/uki3d.pl\/wp-content\/uploads\/2024\/07\/BLITZ_BARRICADE_STOP_60mm_1-300x300.png",300,300,true],"medium_large":["https:\/\/uki3d.pl\/wp-content\/uploads\/2024\/07\/BLITZ_BARRICADE_STOP_60mm_1-768x768.png",768,768,true],"large":["https:\/\/uki3d.pl\/wp-content\/uploads\/2024\/07\/BLITZ_BARRICADE_STOP_60mm_1.png",800,800,false],"1536x1536":["https:\/\/uki3d.pl\/wp-content\/uploads\/2024\/07\/BLITZ_BARRICADE_STOP_60mm_1.png",800,800,false],"2048x2048":["https:\/\/uki3d.pl\/wp-content\/uploads\/2024\/07\/BLITZ_BARRICADE_STOP_60mm_1.png",800,800,false],"trp-custom-language-flag":["https:\/\/uki3d.pl\/wp-content\/uploads\/2024\/07\/BLITZ_BARRICADE_STOP_60mm_1-12x12.png",12,12,true],"woocommerce_thumbnail":["https:\/\/uki3d.pl\/wp-content\/uploads\/2024\/07\/BLITZ_BARRICADE_STOP_60mm_1.png",800,800,false],"woocommerce_single":["https:\/\/uki3d.pl\/wp-content\/uploads\/2024\/07\/BLITZ_BARRICADE_STOP_60mm_1.png",800,800,false],"woocommerce_gallery_thumbnail":["https:\/\/uki3d.pl\/wp-content\/uploads\/2024\/07\/BLITZ_BARRICADE_STOP_60mm_1-100x100.png",100,100,true]},"uagb_author_info":{"display_name":"uki","author_link":"https:\/\/uki3d.pl\/en\/author\/"},"uagb_comment_info":1,"uagb_excerpt":"Barricade Stop do osady BLITZ z rusznikarnia.eu. Szeroko\u015b\u0107 zgodna z osad\u0105, wysoko\u015b\u0107 do wyboru: 50mm lub 60mm (je\u017celi chcesz inn\u0105 &#8211; napisz). Wybranie pod spodem nie ingeruje w swobodne wypinanie magazynka. Element o wype\u0142nieniu 100%. Bardzo mocny. Spokojnie wytrzyma nie jedn\u0105 wymagaj\u0105c\u0105 barykad\u0119! W zestawie dwie \u015bruby z nierdzewki. Wykonano w technologii druku 3D z...","_links":{"self":[{"href":"https:\/\/uki3d.pl\/en\/wp-json\/wp\/v2\/product\/5443","targetHints":{"allow":["GET"]}}],"collection":[{"href":"https:\/\/uki3d.pl\/en\/wp-json\/wp\/v2\/product"}],"about":[{"href":"https:\/\/uki3d.pl\/en\/wp-json\/wp\/v2\/types\/product"}],"replies":[{"embeddable":true,"href":"https:\/\/uki3d.pl\/en\/wp-json\/wp\/v2\/comments?post=5443"}],"wp:featuredmedia":[{"embeddable":true,"href":"https:\/\/uki3d.pl\/en\/wp-json\/wp\/v2\/media\/5510"}],"wp:attachment":[{"href":"https:\/\/uki3d.pl\/en\/wp-json\/wp\/v2\/media?parent=5443"}],"wp:term":[{"taxonomy":"product_brand","embeddable":true,"href":"https:\/\/uki3d.pl\/en\/wp-json\/wp\/v2\/product_brand?post=5443"},{"taxonomy":"product_cat","embeddable":true,"href":"https:\/\/uki3d.pl\/en\/wp-json\/wp\/v2\/product_cat?post=5443"},{"taxonomy":"product_tag","embeddable":true,"href":"https:\/\/uki3d.pl\/en\/wp-json\/wp\/v2\/product_tag?post=5443"}],"curies":[{"name":"wp","href":"https:\/\/api.w.org\/{rel}","templated":true}]}}