{"id":5456,"date":"2024-07-15T23:42:07","date_gmt":"2024-07-15T21:42:07","guid":{"rendered":"https:\/\/uki3d.pl\/?post_type=product&#038;p=5456"},"modified":"2026-04-02T22:05:05","modified_gmt":"2026-04-02T20:05:05","slug":"uchwyt-na-filament-bambu-a1","status":"publish","type":"product","link":"https:\/\/uki3d.pl\/en\/store\/uchwyt-na-filament-bambu-a1\/","title":{"rendered":"Filament hanger for Bambu A1"},"content":{"rendered":"<p class=\" translation-block\">Additional<strong> filament hanger<\/strong> for the <strong>Bambu A1 printer.<\/strong> Thread compatible with the original one.<\/p>\n<p>3 lengths available:<br \/>\n1. 72mm (as original),<br \/>\n2. 82mm (for wider spools),<br \/>\n3. 85mm (for unusually wide spools).<\/p>\n<p><strong>Made using 3D printing technology using PETG-CF (Carbon Fiber).<\/strong><\/p>\n<hr \/>","protected":false},"excerpt":{"rendered":"<p>Dodatkowy wieszak na filament do drukarki Bambu A1. Gwint zgodny z oryginalnym. Do wyboru 3 d\u0142ugo\u015bci: 1. 72mm (jak orygina\u0142), 2. 82mm (do szerszych szpul), 3. 85mm (do nietypowo szerokich szpul). Wykonano w technologii druku 3D z PETG-CF (Carbon Fiber).<\/p>","protected":false},"featured_media":5452,"comment_status":"open","ping_status":"closed","template":"","meta":{"_uag_custom_page_level_css":"","_kad_post_transparent":"default","_kad_post_title":"","_kad_post_layout":"default","_kad_post_sidebar_id":"","_kad_post_content_style":"default","_kad_post_vertical_padding":"default","_kad_post_feature":"","_kad_post_feature_position":"","_kad_post_header":false,"_kad_post_footer":false,"_kad_post_classname":""},"product_brand":[],"product_cat":[112],"product_tag":[],"class_list":{"0":"post-5456","1":"product","2":"type-product","3":"status-publish","4":"has-post-thumbnail","6":"product_cat-rozne","7":"product_shipping_class-standard","9":"first","10":"instock","11":"featured","12":"taxable","13":"shipping-taxable","14":"purchasable","15":"product-type-variable","16":"has-default-attributes","17":"entry","18":"content-bg","19":"loop-entry","20":"wpzoom-wc-spi-has-enabled"},"uagb_featured_image_src":{"full":["https:\/\/uki3d.pl\/wp-content\/uploads\/2024\/07\/A1_FILAMENT_SPOOL_HOLDER_EXTENDER_1.png",800,800,false],"thumbnail":["https:\/\/uki3d.pl\/wp-content\/uploads\/2024\/07\/A1_FILAMENT_SPOOL_HOLDER_EXTENDER_1-150x150.png",96,96,true],"medium":["https:\/\/uki3d.pl\/wp-content\/uploads\/2024\/07\/A1_FILAMENT_SPOOL_HOLDER_EXTENDER_1-300x300.png",300,300,true],"medium_large":["https:\/\/uki3d.pl\/wp-content\/uploads\/2024\/07\/A1_FILAMENT_SPOOL_HOLDER_EXTENDER_1-768x768.png",768,768,true],"large":["https:\/\/uki3d.pl\/wp-content\/uploads\/2024\/07\/A1_FILAMENT_SPOOL_HOLDER_EXTENDER_1.png",800,800,false],"1536x1536":["https:\/\/uki3d.pl\/wp-content\/uploads\/2024\/07\/A1_FILAMENT_SPOOL_HOLDER_EXTENDER_1.png",800,800,false],"2048x2048":["https:\/\/uki3d.pl\/wp-content\/uploads\/2024\/07\/A1_FILAMENT_SPOOL_HOLDER_EXTENDER_1.png",800,800,false],"trp-custom-language-flag":["https:\/\/uki3d.pl\/wp-content\/uploads\/2024\/07\/A1_FILAMENT_SPOOL_HOLDER_EXTENDER_1-12x12.png",12,12,true],"woocommerce_thumbnail":["https:\/\/uki3d.pl\/wp-content\/uploads\/2024\/07\/A1_FILAMENT_SPOOL_HOLDER_EXTENDER_1.png",800,800,false],"woocommerce_single":["https:\/\/uki3d.pl\/wp-content\/uploads\/2024\/07\/A1_FILAMENT_SPOOL_HOLDER_EXTENDER_1.png",800,800,false],"woocommerce_gallery_thumbnail":["https:\/\/uki3d.pl\/wp-content\/uploads\/2024\/07\/A1_FILAMENT_SPOOL_HOLDER_EXTENDER_1-100x100.png",100,100,true]},"uagb_author_info":{"display_name":"uki","author_link":"https:\/\/uki3d.pl\/en\/author\/"},"uagb_comment_info":0,"uagb_excerpt":"Dodatkowy wieszak na filament do drukarki Bambu A1. Gwint zgodny z oryginalnym. Do wyboru 3 d\u0142ugo\u015bci: 1. 72mm (jak orygina\u0142), 2. 82mm (do szerszych szpul), 3. 85mm (do nietypowo szerokich szpul). Wykonano w technologii druku 3D z PETG-CF (Carbon Fiber).","_links":{"self":[{"href":"https:\/\/uki3d.pl\/en\/wp-json\/wp\/v2\/product\/5456","targetHints":{"allow":["GET"]}}],"collection":[{"href":"https:\/\/uki3d.pl\/en\/wp-json\/wp\/v2\/product"}],"about":[{"href":"https:\/\/uki3d.pl\/en\/wp-json\/wp\/v2\/types\/product"}],"replies":[{"embeddable":true,"href":"https:\/\/uki3d.pl\/en\/wp-json\/wp\/v2\/comments?post=5456"}],"wp:featuredmedia":[{"embeddable":true,"href":"https:\/\/uki3d.pl\/en\/wp-json\/wp\/v2\/media\/5452"}],"wp:attachment":[{"href":"https:\/\/uki3d.pl\/en\/wp-json\/wp\/v2\/media?parent=5456"}],"wp:term":[{"taxonomy":"product_brand","embeddable":true,"href":"https:\/\/uki3d.pl\/en\/wp-json\/wp\/v2\/product_brand?post=5456"},{"taxonomy":"product_cat","embeddable":true,"href":"https:\/\/uki3d.pl\/en\/wp-json\/wp\/v2\/product_cat?post=5456"},{"taxonomy":"product_tag","embeddable":true,"href":"https:\/\/uki3d.pl\/en\/wp-json\/wp\/v2\/product_tag?post=5456"}],"curies":[{"name":"wp","href":"https:\/\/api.w.org\/{rel}","templated":true}]}}