{"id":5578,"date":"2024-08-15T22:45:50","date_gmt":"2024-08-15T20:45:50","guid":{"rendered":"https:\/\/uki3d.pl\/?post_type=product&#038;p=5578"},"modified":"2026-04-02T22:05:05","modified_gmt":"2026-04-02T20:05:05","slug":"ramie-blotnika-hulajnogi-kukirin-g2-pro","status":"publish","type":"product","link":"https:\/\/uki3d.pl\/en\/store\/ramie-blotnika-hulajnogi-kukirin-g2-pro\/","title":{"rendered":"Mudguard bracket for KuKirin G2 PRO (2023) scooter"},"content":{"rendered":"<p>Mudguard arm for KuKirin G2 PRO 2023 scooter (facelift version). All holes and cable guides as original. Arm widened and reinforced. Set includes 2 stainless steel M5x16 screws.<\/p>\n<p><strong>Wykonano w technologii druku 3D z PCTG.<\/strong><\/p>\n<hr \/>","protected":false},"excerpt":{"rendered":"<p>Rami\u0119 b\u0142otnika hulajnogi KuKirin G2 PRO 2023 (wersja po lifcie). Wszystkie otwory oraz prowadzenie na przewody zgodnie z orygina\u0142em. Rami\u0119 poszerzone i wzmocnione. W zestawie 2 nierdzewne \u015bruby M5x16. Wykonano w technologii druku 3D z PCTG.<\/p>","protected":false},"featured_media":5765,"comment_status":"open","ping_status":"closed","template":"","meta":{"_uag_custom_page_level_css":"","_kad_post_transparent":"default","_kad_post_title":"","_kad_post_layout":"default","_kad_post_sidebar_id":"","_kad_post_content_style":"default","_kad_post_vertical_padding":"default","_kad_post_feature":"","_kad_post_feature_position":"","_kad_post_header":false,"_kad_post_footer":false,"_kad_post_classname":""},"product_brand":[],"product_cat":[112],"product_tag":[],"class_list":{"0":"post-5578","1":"product","2":"type-product","3":"status-publish","4":"has-post-thumbnail","6":"product_cat-rozne","7":"product_shipping_class-standard","9":"first","10":"instock","11":"featured","12":"taxable","13":"shipping-taxable","14":"purchasable","15":"product-type-simple","16":"entry","17":"content-bg","18":"loop-entry","19":"wpzoom-wc-spi-has-enabled"},"uagb_featured_image_src":{"full":["https:\/\/uki3d.pl\/wp-content\/uploads\/2024\/10\/v2_KuKirin_G2_PRO_FENDER_ARM_1.png",800,800,false],"thumbnail":["https:\/\/uki3d.pl\/wp-content\/uploads\/2024\/10\/v2_KuKirin_G2_PRO_FENDER_ARM_1.png",96,96,false],"medium":["https:\/\/uki3d.pl\/wp-content\/uploads\/2024\/10\/v2_KuKirin_G2_PRO_FENDER_ARM_1.png",800,800,false],"medium_large":["https:\/\/uki3d.pl\/wp-content\/uploads\/2024\/10\/v2_KuKirin_G2_PRO_FENDER_ARM_1-768x768.png",768,768,true],"large":["https:\/\/uki3d.pl\/wp-content\/uploads\/2024\/10\/v2_KuKirin_G2_PRO_FENDER_ARM_1.png",800,800,false],"1536x1536":["https:\/\/uki3d.pl\/wp-content\/uploads\/2024\/10\/v2_KuKirin_G2_PRO_FENDER_ARM_1.png",800,800,false],"2048x2048":["https:\/\/uki3d.pl\/wp-content\/uploads\/2024\/10\/v2_KuKirin_G2_PRO_FENDER_ARM_1.png",800,800,false],"trp-custom-language-flag":["https:\/\/uki3d.pl\/wp-content\/uploads\/2024\/10\/v2_KuKirin_G2_PRO_FENDER_ARM_1-12x12.png",12,12,true],"woocommerce_thumbnail":["https:\/\/uki3d.pl\/wp-content\/uploads\/2024\/10\/v2_KuKirin_G2_PRO_FENDER_ARM_1.png",800,800,false],"woocommerce_single":["https:\/\/uki3d.pl\/wp-content\/uploads\/2024\/10\/v2_KuKirin_G2_PRO_FENDER_ARM_1.png",800,800,false],"woocommerce_gallery_thumbnail":["https:\/\/uki3d.pl\/wp-content\/uploads\/2024\/10\/v2_KuKirin_G2_PRO_FENDER_ARM_1-100x100.png",100,100,true]},"uagb_author_info":{"display_name":"uki","author_link":"https:\/\/uki3d.pl\/en\/author\/"},"uagb_comment_info":0,"uagb_excerpt":"Rami\u0119 b\u0142otnika hulajnogi KuKirin G2 PRO 2023 (wersja po lifcie). Wszystkie otwory oraz prowadzenie na przewody zgodnie z orygina\u0142em. Rami\u0119 poszerzone i wzmocnione. W zestawie 2 nierdzewne \u015bruby M5x16. Wykonano w technologii druku 3D z PCTG.","_links":{"self":[{"href":"https:\/\/uki3d.pl\/en\/wp-json\/wp\/v2\/product\/5578","targetHints":{"allow":["GET"]}}],"collection":[{"href":"https:\/\/uki3d.pl\/en\/wp-json\/wp\/v2\/product"}],"about":[{"href":"https:\/\/uki3d.pl\/en\/wp-json\/wp\/v2\/types\/product"}],"replies":[{"embeddable":true,"href":"https:\/\/uki3d.pl\/en\/wp-json\/wp\/v2\/comments?post=5578"}],"wp:featuredmedia":[{"embeddable":true,"href":"https:\/\/uki3d.pl\/en\/wp-json\/wp\/v2\/media\/5765"}],"wp:attachment":[{"href":"https:\/\/uki3d.pl\/en\/wp-json\/wp\/v2\/media?parent=5578"}],"wp:term":[{"taxonomy":"product_brand","embeddable":true,"href":"https:\/\/uki3d.pl\/en\/wp-json\/wp\/v2\/product_brand?post=5578"},{"taxonomy":"product_cat","embeddable":true,"href":"https:\/\/uki3d.pl\/en\/wp-json\/wp\/v2\/product_cat?post=5578"},{"taxonomy":"product_tag","embeddable":true,"href":"https:\/\/uki3d.pl\/en\/wp-json\/wp\/v2\/product_tag?post=5578"}],"curies":[{"name":"wp","href":"https:\/\/api.w.org\/{rel}","templated":true}]}}