{"id":5622,"date":"2024-09-22T23:34:48","date_gmt":"2024-09-22T21:34:48","guid":{"rendered":"https:\/\/uki3d.pl\/?post_type=product&#038;p=5622"},"modified":"2026-04-02T22:05:05","modified_gmt":"2026-04-02T20:05:05","slug":"ramka-tablicy-rejestracyjnej-do-skutera","status":"publish","type":"product","link":"https:\/\/uki3d.pl\/en\/store\/ramka-tablicy-rejestracyjnej-do-skutera\/","title":{"rendered":"Scooter\/motorcycle license plate frame"},"content":{"rendered":"<p class=\" translation-block\"><strong>License plate frame for scooter or motorcycle.<\/strong> The frame consists of two parts, screwed together with 6 M3 screws and self-locking nuts. Mounting to the scooter frame - two M5 screws with widened washers. Horizontal mounting adjustment. All fasteners made of stainless steel. The plate rests on special grooves in the frame - perfect fit without shaking!<\/p>\n<p class=\" translation-block\">The text in the lower part of the frame can be personalized. The default text background is the same as the frame color - a subtle cut-off texture (hard to read from a distance). The background color (white in the photo) can be changed to another depending on availability.<br>\nFrame design tailored specifically to the Yamaha XMAX. Possibility of significant modification.<\/p>\n<p><strong>Made using 3D printing technology using PETG-CF (Carbon Fiber).<\/strong><\/p>\n<hr \/>","protected":false},"excerpt":{"rendered":"<p>Ramka tablicy rejestracyjnej do skutera lub motocykla. Ramka sk\u0142ada si\u0119 z dw\u00f3ch cz\u0119\u015bci, skr\u0119canych ze sob\u0105 za pomoc\u0105 6 \u015brub M3 oraz nakr\u0119tek samohamownych. Monta\u017c do stela\u017ca skutera &#8211; dwie \u015bruby M5 z poszerzonymi podk\u0142adkami. Regulacja montowania w poziomie. Wszystkie elementy z\u0142\u0105czne ze stali nierdzewnej. Tablica osiada na specjalnych \u017c\u0142obieniach w ramce &#8211; idealne dopasowanie&#8230;<\/p>","protected":false},"featured_media":5623,"comment_status":"open","ping_status":"closed","template":"","meta":{"_uag_custom_page_level_css":"","_kad_post_transparent":"default","_kad_post_title":"","_kad_post_layout":"default","_kad_post_sidebar_id":"","_kad_post_content_style":"default","_kad_post_vertical_padding":"default","_kad_post_feature":"","_kad_post_feature_position":"","_kad_post_header":false,"_kad_post_footer":false,"_kad_post_classname":""},"product_brand":[],"product_cat":[112],"product_tag":[],"class_list":{"0":"post-5622","1":"product","2":"type-product","3":"status-publish","4":"has-post-thumbnail","6":"product_cat-rozne","7":"product_shipping_class-standard","9":"first","10":"instock","11":"featured","12":"taxable","13":"shipping-taxable","14":"purchasable","15":"product-type-simple","16":"entry","17":"content-bg","18":"loop-entry","19":"wpzoom-wc-spi-has-enabled"},"uagb_featured_image_src":{"full":["https:\/\/uki3d.pl\/wp-content\/uploads\/2024\/09\/XMAX_PLATE_1.png",800,800,false],"thumbnail":["https:\/\/uki3d.pl\/wp-content\/uploads\/2024\/09\/XMAX_PLATE_1-150x150.png",96,96,true],"medium":["https:\/\/uki3d.pl\/wp-content\/uploads\/2024\/09\/XMAX_PLATE_1-300x300.png",300,300,true],"medium_large":["https:\/\/uki3d.pl\/wp-content\/uploads\/2024\/09\/XMAX_PLATE_1-768x768.png",768,768,true],"large":["https:\/\/uki3d.pl\/wp-content\/uploads\/2024\/09\/XMAX_PLATE_1.png",800,800,false],"1536x1536":["https:\/\/uki3d.pl\/wp-content\/uploads\/2024\/09\/XMAX_PLATE_1.png",800,800,false],"2048x2048":["https:\/\/uki3d.pl\/wp-content\/uploads\/2024\/09\/XMAX_PLATE_1.png",800,800,false],"trp-custom-language-flag":["https:\/\/uki3d.pl\/wp-content\/uploads\/2024\/09\/XMAX_PLATE_1-12x12.png",12,12,true],"woocommerce_thumbnail":["https:\/\/uki3d.pl\/wp-content\/uploads\/2024\/09\/XMAX_PLATE_1.png",800,800,false],"woocommerce_single":["https:\/\/uki3d.pl\/wp-content\/uploads\/2024\/09\/XMAX_PLATE_1.png",800,800,false],"woocommerce_gallery_thumbnail":["https:\/\/uki3d.pl\/wp-content\/uploads\/2024\/09\/XMAX_PLATE_1-100x100.png",100,100,true]},"uagb_author_info":{"display_name":"uki","author_link":"https:\/\/uki3d.pl\/en\/author\/"},"uagb_comment_info":0,"uagb_excerpt":"Ramka tablicy rejestracyjnej do skutera lub motocykla. Ramka sk\u0142ada si\u0119 z dw\u00f3ch cz\u0119\u015bci, skr\u0119canych ze sob\u0105 za pomoc\u0105 6 \u015brub M3 oraz nakr\u0119tek samohamownych. Monta\u017c do stela\u017ca skutera &#8211; dwie \u015bruby M5 z poszerzonymi podk\u0142adkami. Regulacja montowania w poziomie. Wszystkie elementy z\u0142\u0105czne ze stali nierdzewnej. Tablica osiada na specjalnych \u017c\u0142obieniach w ramce &#8211; idealne dopasowanie...","_links":{"self":[{"href":"https:\/\/uki3d.pl\/en\/wp-json\/wp\/v2\/product\/5622","targetHints":{"allow":["GET"]}}],"collection":[{"href":"https:\/\/uki3d.pl\/en\/wp-json\/wp\/v2\/product"}],"about":[{"href":"https:\/\/uki3d.pl\/en\/wp-json\/wp\/v2\/types\/product"}],"replies":[{"embeddable":true,"href":"https:\/\/uki3d.pl\/en\/wp-json\/wp\/v2\/comments?post=5622"}],"wp:featuredmedia":[{"embeddable":true,"href":"https:\/\/uki3d.pl\/en\/wp-json\/wp\/v2\/media\/5623"}],"wp:attachment":[{"href":"https:\/\/uki3d.pl\/en\/wp-json\/wp\/v2\/media?parent=5622"}],"wp:term":[{"taxonomy":"product_brand","embeddable":true,"href":"https:\/\/uki3d.pl\/en\/wp-json\/wp\/v2\/product_brand?post=5622"},{"taxonomy":"product_cat","embeddable":true,"href":"https:\/\/uki3d.pl\/en\/wp-json\/wp\/v2\/product_cat?post=5622"},{"taxonomy":"product_tag","embeddable":true,"href":"https:\/\/uki3d.pl\/en\/wp-json\/wp\/v2\/product_tag?post=5622"}],"curies":[{"name":"wp","href":"https:\/\/api.w.org\/{rel}","templated":true}]}}