{"id":5805,"date":"2024-10-27T14:36:42","date_gmt":"2024-10-27T13:36:42","guid":{"rendered":"https:\/\/uki3d.pl\/?post_type=product&#038;p=5805"},"modified":"2026-04-02T22:05:05","modified_gmt":"2026-04-02T20:05:05","slug":"bag-rider-do-kolby-tikka-t3x-a1","status":"publish","type":"product","link":"https:\/\/uki3d.pl\/en\/store\/bag-rider-do-kolby-tikka-t3x-a1\/","title":{"rendered":"Bag Rider do kolby Tikka T3x A1"},"content":{"rendered":"<p><strong>Bag Rider<\/strong> do kolby <strong>Tikka T3x A1<\/strong>. <\/p>\n<ul>\n<li>length - 120mm<\/li>\n<li>width \u2013 matched to the width of the stock - 20mm<\/li>\n<li>angle 8\u00b0, 9\u00b0 or 10\u00b0<\/li>\n<\/ul>\n<p>Possibility to make any angle of inclination.<\/p>\n<p>Perfect fit to the curve at the LOP adjustment plate!<br \/>\nTwo stainless M4x20 mounting screws included.<\/p>\n<p><strong>Made using 3D printing technology using PETG-CF (Carbon Fiber).<\/strong><\/p>\n<hr \/>","protected":false},"excerpt":{"rendered":"<p>Bag Rider do kolby Tikka T3x A1. d\u0142ugo\u015b\u0107 &#8211; 120mm szeroko\u015b\u0107 &#8211; dopasowana do szeroko\u015bci kolby &#8211; 20mm k\u0105t 8\u00b0, 9\u00b0 lub 10\u00b0 Mo\u017cliwo\u015b\u0107 wykonania dowolnego k\u0105ta nachylenia. Idealne dopasowanie do krzywizny przy p\u0142ytce regulacji LOP! W zestawie 2 \u015bruby nierdzewne mocuj\u0105ce M4x20. Wykonano w technologii druku 3D z PETG-CF (Carbon Fiber).<\/p>","protected":false},"featured_media":5833,"comment_status":"open","ping_status":"closed","template":"","meta":{"_uag_custom_page_level_css":"","_kad_post_transparent":"default","_kad_post_title":"","_kad_post_layout":"default","_kad_post_sidebar_id":"","_kad_post_content_style":"default","_kad_post_vertical_padding":"default","_kad_post_feature":"","_kad_post_feature_position":"","_kad_post_header":false,"_kad_post_footer":false,"_kad_post_classname":""},"product_brand":[],"product_cat":[126],"product_tag":[133],"class_list":{"0":"post-5805","1":"product","2":"type-product","3":"status-publish","4":"has-post-thumbnail","6":"product_cat-strzelectwo","7":"product_tag-bagrider","8":"product_shipping_class-standard","10":"first","11":"instock","12":"featured","13":"taxable","14":"shipping-taxable","15":"purchasable","16":"product-type-variable","17":"has-default-attributes","18":"entry","19":"content-bg","20":"loop-entry","21":"wpzoom-wc-spi-has-enabled"},"uagb_featured_image_src":{"full":["https:\/\/uki3d.pl\/wp-content\/uploads\/2024\/10\/8_TIKKA_T3X_A1_BAG_RIDER_1.png",800,800,false],"thumbnail":["https:\/\/uki3d.pl\/wp-content\/uploads\/2024\/10\/8_TIKKA_T3X_A1_BAG_RIDER_1.png",96,96,false],"medium":["https:\/\/uki3d.pl\/wp-content\/uploads\/2024\/10\/8_TIKKA_T3X_A1_BAG_RIDER_1.png",800,800,false],"medium_large":["https:\/\/uki3d.pl\/wp-content\/uploads\/2024\/10\/8_TIKKA_T3X_A1_BAG_RIDER_1-768x768.png",768,768,true],"large":["https:\/\/uki3d.pl\/wp-content\/uploads\/2024\/10\/8_TIKKA_T3X_A1_BAG_RIDER_1.png",800,800,false],"1536x1536":["https:\/\/uki3d.pl\/wp-content\/uploads\/2024\/10\/8_TIKKA_T3X_A1_BAG_RIDER_1.png",800,800,false],"2048x2048":["https:\/\/uki3d.pl\/wp-content\/uploads\/2024\/10\/8_TIKKA_T3X_A1_BAG_RIDER_1.png",800,800,false],"trp-custom-language-flag":["https:\/\/uki3d.pl\/wp-content\/uploads\/2024\/10\/8_TIKKA_T3X_A1_BAG_RIDER_1-12x12.png",12,12,true],"woocommerce_thumbnail":["https:\/\/uki3d.pl\/wp-content\/uploads\/2024\/10\/8_TIKKA_T3X_A1_BAG_RIDER_1.png",800,800,false],"woocommerce_single":["https:\/\/uki3d.pl\/wp-content\/uploads\/2024\/10\/8_TIKKA_T3X_A1_BAG_RIDER_1.png",800,800,false],"woocommerce_gallery_thumbnail":["https:\/\/uki3d.pl\/wp-content\/uploads\/2024\/10\/8_TIKKA_T3X_A1_BAG_RIDER_1-100x100.png",100,100,true]},"uagb_author_info":{"display_name":"uki","author_link":"https:\/\/uki3d.pl\/en\/author\/"},"uagb_comment_info":0,"uagb_excerpt":"Bag Rider do kolby Tikka T3x A1. d\u0142ugo\u015b\u0107 &#8211; 120mm szeroko\u015b\u0107 &#8211; dopasowana do szeroko\u015bci kolby &#8211; 20mm k\u0105t 8\u00b0, 9\u00b0 lub 10\u00b0 Mo\u017cliwo\u015b\u0107 wykonania dowolnego k\u0105ta nachylenia. Idealne dopasowanie do krzywizny przy p\u0142ytce regulacji LOP! W zestawie 2 \u015bruby nierdzewne mocuj\u0105ce M4x20. Wykonano w technologii druku 3D z PETG-CF (Carbon Fiber).","_links":{"self":[{"href":"https:\/\/uki3d.pl\/en\/wp-json\/wp\/v2\/product\/5805","targetHints":{"allow":["GET"]}}],"collection":[{"href":"https:\/\/uki3d.pl\/en\/wp-json\/wp\/v2\/product"}],"about":[{"href":"https:\/\/uki3d.pl\/en\/wp-json\/wp\/v2\/types\/product"}],"replies":[{"embeddable":true,"href":"https:\/\/uki3d.pl\/en\/wp-json\/wp\/v2\/comments?post=5805"}],"wp:featuredmedia":[{"embeddable":true,"href":"https:\/\/uki3d.pl\/en\/wp-json\/wp\/v2\/media\/5833"}],"wp:attachment":[{"href":"https:\/\/uki3d.pl\/en\/wp-json\/wp\/v2\/media?parent=5805"}],"wp:term":[{"taxonomy":"product_brand","embeddable":true,"href":"https:\/\/uki3d.pl\/en\/wp-json\/wp\/v2\/product_brand?post=5805"},{"taxonomy":"product_cat","embeddable":true,"href":"https:\/\/uki3d.pl\/en\/wp-json\/wp\/v2\/product_cat?post=5805"},{"taxonomy":"product_tag","embeddable":true,"href":"https:\/\/uki3d.pl\/en\/wp-json\/wp\/v2\/product_tag?post=5805"}],"curies":[{"name":"wp","href":"https:\/\/api.w.org\/{rel}","templated":true}]}}