{"id":5846,"date":"2024-11-05T21:46:27","date_gmt":"2024-11-05T20:46:27","guid":{"rendered":"https:\/\/uki3d.pl\/?post_type=product&#038;p=5846"},"modified":"2026-04-02T22:05:05","modified_gmt":"2026-04-02T20:05:05","slug":"wydluzona-dzwignia-ladowania-do-tikka-t1x","status":"publish","type":"product","link":"https:\/\/uki3d.pl\/en\/store\/wydluzona-dzwignia-ladowania-do-tikka-t1x\/","title":{"rendered":"Extended mag catch for Tikka T1x"},"content":{"rendered":"<p class=\" translation-block\">Extended magazine catch lever for <strong>Tikka T1x<\/strong>.<br>\nThe lever is extended by <b>10mm or 15mm<\/b>, which allows for easy manipulation outside the stock outline. Perfect fit.<\/p>\n<p><strong>Made using 3D printing technology using PETG-CF (Carbon Fiber).<\/strong><\/p>\n<hr \/>","protected":false},"excerpt":{"rendered":"<p>Wyd\u0142u\u017cona d\u017awignia zrzutu magazynka do Tikka T1x. D\u017awignia wyd\u0142u\u017cona o 10mm lub 15mm, co pozwala na \u0142atw\u0105 manipulacj\u0119 poza obrysem osady. Idealnie spasowana. Wykonano w technologii druku 3D z PETG-CF (Carbon Fiber).<\/p>","protected":false},"featured_media":5874,"comment_status":"open","ping_status":"closed","template":"","meta":{"_uag_custom_page_level_css":"","_kad_post_transparent":"default","_kad_post_title":"","_kad_post_layout":"default","_kad_post_sidebar_id":"","_kad_post_content_style":"default","_kad_post_vertical_padding":"default","_kad_post_feature":"","_kad_post_feature_position":"","_kad_post_header":false,"_kad_post_footer":false,"_kad_post_classname":""},"product_brand":[],"product_cat":[126],"product_tag":[],"class_list":{"0":"post-5846","1":"product","2":"type-product","3":"status-publish","4":"has-post-thumbnail","6":"product_cat-strzelectwo","7":"product_shipping_class-standard","9":"first","10":"instock","11":"featured","12":"taxable","13":"shipping-taxable","14":"purchasable","15":"product-type-variable","16":"has-default-attributes","17":"entry","18":"content-bg","19":"loop-entry","20":"wpzoom-wc-spi-has-enabled"},"uagb_featured_image_src":{"full":["https:\/\/uki3d.pl\/wp-content\/uploads\/2024\/11\/TIKKA_MAG_RELEASE_15.png",730,730,false],"thumbnail":["https:\/\/uki3d.pl\/wp-content\/uploads\/2024\/11\/TIKKA_MAG_RELEASE_15.png",96,96,false],"medium":["https:\/\/uki3d.pl\/wp-content\/uploads\/2024\/11\/TIKKA_MAG_RELEASE_15.png",730,730,false],"medium_large":["https:\/\/uki3d.pl\/wp-content\/uploads\/2024\/11\/TIKKA_MAG_RELEASE_15.png",730,730,false],"large":["https:\/\/uki3d.pl\/wp-content\/uploads\/2024\/11\/TIKKA_MAG_RELEASE_15.png",730,730,false],"1536x1536":["https:\/\/uki3d.pl\/wp-content\/uploads\/2024\/11\/TIKKA_MAG_RELEASE_15.png",730,730,false],"2048x2048":["https:\/\/uki3d.pl\/wp-content\/uploads\/2024\/11\/TIKKA_MAG_RELEASE_15.png",730,730,false],"trp-custom-language-flag":["https:\/\/uki3d.pl\/wp-content\/uploads\/2024\/11\/TIKKA_MAG_RELEASE_15-12x12.png",12,12,true],"woocommerce_thumbnail":["https:\/\/uki3d.pl\/wp-content\/uploads\/2024\/11\/TIKKA_MAG_RELEASE_15.png",730,730,false],"woocommerce_single":["https:\/\/uki3d.pl\/wp-content\/uploads\/2024\/11\/TIKKA_MAG_RELEASE_15.png",730,730,false],"woocommerce_gallery_thumbnail":["https:\/\/uki3d.pl\/wp-content\/uploads\/2024\/11\/TIKKA_MAG_RELEASE_15-100x100.png",100,100,true]},"uagb_author_info":{"display_name":"uki","author_link":"https:\/\/uki3d.pl\/en\/author\/"},"uagb_comment_info":0,"uagb_excerpt":"Wyd\u0142u\u017cona d\u017awignia zrzutu magazynka do Tikka T1x. D\u017awignia wyd\u0142u\u017cona o 10mm lub 15mm, co pozwala na \u0142atw\u0105 manipulacj\u0119 poza obrysem osady. Idealnie spasowana. Wykonano w technologii druku 3D z PETG-CF (Carbon Fiber).","_links":{"self":[{"href":"https:\/\/uki3d.pl\/en\/wp-json\/wp\/v2\/product\/5846","targetHints":{"allow":["GET"]}}],"collection":[{"href":"https:\/\/uki3d.pl\/en\/wp-json\/wp\/v2\/product"}],"about":[{"href":"https:\/\/uki3d.pl\/en\/wp-json\/wp\/v2\/types\/product"}],"replies":[{"embeddable":true,"href":"https:\/\/uki3d.pl\/en\/wp-json\/wp\/v2\/comments?post=5846"}],"wp:featuredmedia":[{"embeddable":true,"href":"https:\/\/uki3d.pl\/en\/wp-json\/wp\/v2\/media\/5874"}],"wp:attachment":[{"href":"https:\/\/uki3d.pl\/en\/wp-json\/wp\/v2\/media?parent=5846"}],"wp:term":[{"taxonomy":"product_brand","embeddable":true,"href":"https:\/\/uki3d.pl\/en\/wp-json\/wp\/v2\/product_brand?post=5846"},{"taxonomy":"product_cat","embeddable":true,"href":"https:\/\/uki3d.pl\/en\/wp-json\/wp\/v2\/product_cat?post=5846"},{"taxonomy":"product_tag","embeddable":true,"href":"https:\/\/uki3d.pl\/en\/wp-json\/wp\/v2\/product_tag?post=5846"}],"curies":[{"name":"wp","href":"https:\/\/api.w.org\/{rel}","templated":true}]}}