{"id":5851,"date":"2024-11-07T10:38:44","date_gmt":"2024-11-07T09:38:44","guid":{"rendered":"https:\/\/uki3d.pl\/?post_type=product&#038;p=5851"},"modified":"2026-04-02T22:05:05","modified_gmt":"2026-04-02T20:05:05","slug":"hornady-case-prep-trio-zestaw-zebatek","status":"publish","type":"product","link":"https:\/\/uki3d.pl\/en\/store\/hornady-case-prep-trio-zestaw-zebatek\/","title":{"rendered":"Hornady Case Prep Trio - Gear Repair Kit"},"content":{"rendered":"<p class=\" translation-block\"><strong>Hornady Case Prep Trio<\/strong> Repair Kit.<br><\/p>\n<p>The kit includes:<\/p>\n<ul>\n<li>1 pc. of gear wheel pushed onto the original pin<\/li>\n<li>1 pc. pin with gear (fully printed)<\/li>\n<\/ul>\n<p class=\" translation-block\">Elements printed from <strong>ASA<\/strong> (better equivalent to ABS), threaded accessory hole <strong>8-32 UNC<\/strong>.<\/p>\n<p>The sprocket pushed onto the original pin must be secured with glue (not supplied), preferably epoxy.<br \/>\nIf using a printed pin with a rack, generously lubricate the pin and rack with silicone grease.<\/p>\n<p><strong>Made using 3D printing technology using ASA.<\/strong><\/p>\n<hr>","protected":false},"excerpt":{"rendered":"<p>Zestaw naprawczy do Hornady Case Prep Trio. Zestaw zawiera: 1 szt. z\u0119batki nasuwanej na oryginalny trzpie\u0144 1 szt. trzpie\u0144 wraz z z\u0119batk\u0105 (drukowany w ca\u0142o\u015bci) Elementy drukowane z ASA (lepszy odpowiednik ABS), otw\u00f3r na akcesoria gwintowany 8-32 UNC. Z\u0119batka nasuwana na oryginalny trzpie\u0144 musi by\u0107 zabezpieczona klejem (we w\u0142asnym zakresie), najlepiej epoksydowym. W przypadku zastosowania&#8230;<\/p>","protected":false},"featured_media":5865,"comment_status":"open","ping_status":"closed","template":"","meta":{"_uag_custom_page_level_css":"","_kad_post_transparent":"default","_kad_post_title":"","_kad_post_layout":"default","_kad_post_sidebar_id":"","_kad_post_content_style":"default","_kad_post_vertical_padding":"default","_kad_post_feature":"","_kad_post_feature_position":"","_kad_post_header":false,"_kad_post_footer":false,"_kad_post_classname":""},"product_brand":[],"product_cat":[126],"product_tag":[],"class_list":{"0":"post-5851","1":"product","2":"type-product","3":"status-publish","4":"has-post-thumbnail","6":"product_cat-strzelectwo","7":"product_shipping_class-standard","9":"first","10":"instock","11":"featured","12":"taxable","13":"shipping-taxable","14":"purchasable","15":"product-type-simple","16":"entry","17":"content-bg","18":"loop-entry","19":"wpzoom-wc-spi-has-enabled"},"uagb_featured_image_src":{"full":["https:\/\/uki3d.pl\/wp-content\/uploads\/2024\/11\/HORNADY_PRER_TRIO_1.png",800,800,false],"thumbnail":["https:\/\/uki3d.pl\/wp-content\/uploads\/2024\/11\/HORNADY_PRER_TRIO_1.png",96,96,false],"medium":["https:\/\/uki3d.pl\/wp-content\/uploads\/2024\/11\/HORNADY_PRER_TRIO_1.png",800,800,false],"medium_large":["https:\/\/uki3d.pl\/wp-content\/uploads\/2024\/11\/HORNADY_PRER_TRIO_1-768x768.png",768,768,true],"large":["https:\/\/uki3d.pl\/wp-content\/uploads\/2024\/11\/HORNADY_PRER_TRIO_1.png",800,800,false],"1536x1536":["https:\/\/uki3d.pl\/wp-content\/uploads\/2024\/11\/HORNADY_PRER_TRIO_1.png",800,800,false],"2048x2048":["https:\/\/uki3d.pl\/wp-content\/uploads\/2024\/11\/HORNADY_PRER_TRIO_1.png",800,800,false],"trp-custom-language-flag":["https:\/\/uki3d.pl\/wp-content\/uploads\/2024\/11\/HORNADY_PRER_TRIO_1-12x12.png",12,12,true],"woocommerce_thumbnail":["https:\/\/uki3d.pl\/wp-content\/uploads\/2024\/11\/HORNADY_PRER_TRIO_1.png",800,800,false],"woocommerce_single":["https:\/\/uki3d.pl\/wp-content\/uploads\/2024\/11\/HORNADY_PRER_TRIO_1.png",800,800,false],"woocommerce_gallery_thumbnail":["https:\/\/uki3d.pl\/wp-content\/uploads\/2024\/11\/HORNADY_PRER_TRIO_1-100x100.png",100,100,true]},"uagb_author_info":{"display_name":"uki","author_link":"https:\/\/uki3d.pl\/en\/author\/"},"uagb_comment_info":1,"uagb_excerpt":"Zestaw naprawczy do Hornady Case Prep Trio. Zestaw zawiera: 1 szt. z\u0119batki nasuwanej na oryginalny trzpie\u0144 1 szt. trzpie\u0144 wraz z z\u0119batk\u0105 (drukowany w ca\u0142o\u015bci) Elementy drukowane z ASA (lepszy odpowiednik ABS), otw\u00f3r na akcesoria gwintowany 8-32 UNC. Z\u0119batka nasuwana na oryginalny trzpie\u0144 musi by\u0107 zabezpieczona klejem (we w\u0142asnym zakresie), najlepiej epoksydowym. W przypadku zastosowania...","_links":{"self":[{"href":"https:\/\/uki3d.pl\/en\/wp-json\/wp\/v2\/product\/5851","targetHints":{"allow":["GET"]}}],"collection":[{"href":"https:\/\/uki3d.pl\/en\/wp-json\/wp\/v2\/product"}],"about":[{"href":"https:\/\/uki3d.pl\/en\/wp-json\/wp\/v2\/types\/product"}],"replies":[{"embeddable":true,"href":"https:\/\/uki3d.pl\/en\/wp-json\/wp\/v2\/comments?post=5851"}],"wp:featuredmedia":[{"embeddable":true,"href":"https:\/\/uki3d.pl\/en\/wp-json\/wp\/v2\/media\/5865"}],"wp:attachment":[{"href":"https:\/\/uki3d.pl\/en\/wp-json\/wp\/v2\/media?parent=5851"}],"wp:term":[{"taxonomy":"product_brand","embeddable":true,"href":"https:\/\/uki3d.pl\/en\/wp-json\/wp\/v2\/product_brand?post=5851"},{"taxonomy":"product_cat","embeddable":true,"href":"https:\/\/uki3d.pl\/en\/wp-json\/wp\/v2\/product_cat?post=5851"},{"taxonomy":"product_tag","embeddable":true,"href":"https:\/\/uki3d.pl\/en\/wp-json\/wp\/v2\/product_tag?post=5851"}],"curies":[{"name":"wp","href":"https:\/\/api.w.org\/{rel}","templated":true}]}}