{"id":6173,"date":"2024-12-27T00:17:55","date_gmt":"2024-12-26T23:17:55","guid":{"rendered":"https:\/\/uki3d.pl\/?post_type=product&#038;p=6173"},"modified":"2026-04-02T22:05:05","modified_gmt":"2026-04-02T20:05:05","slug":"adapter-mini-bowens-bowens","status":"publish","type":"product","link":"https:\/\/uki3d.pl\/en\/store\/adapter-mini-bowens-bowens\/","title":{"rendered":"Adapter mini Bowens &#8211; Bowens"},"content":{"rendered":"<p class=\" translation-block\"><strong>MiniBowens to Bowens adapter.<\/strong> Allows you to connect softboxes etc. with a Bowens connector to lamps with a mini Bowens connector.<br>\nOnce mounted, the counter-screw ensures a secure and safe connection. <br>The integrated <strong>ARCA SWISS<\/strong> rail allows for universal connection to a tripod.<\/p>\n<p><strong>Made using 3D printing technology using PETG-CF (Carbon Fiber).<\/strong><\/p>\n<hr \/>","protected":false},"excerpt":{"rendered":"<p>Adapter miniBowens &#8211; Bowens. Pozwala na po\u0142\u0105czenie softbox\u00f3w itp. ze z\u0142\u0105czem Bowens do lamp ze z\u0142\u0105czem mini Bowens. Po zamontowaniu kontrowanie \u015brub\u0105 zapewnia pewne i bezpieczne po\u0142\u0105czenie. Zintegrowana szyna ARCA SWISS pozwala na uniwersalne pod\u0142\u0105czenie do statywu. Wykonano w technologii druku 3D z PETG-CF (Carbon Fiber).<\/p>","protected":false},"featured_media":6172,"comment_status":"open","ping_status":"closed","template":"","meta":{"_uag_custom_page_level_css":"","_kad_post_transparent":"default","_kad_post_title":"","_kad_post_layout":"default","_kad_post_sidebar_id":"","_kad_post_content_style":"default","_kad_post_vertical_padding":"default","_kad_post_feature":"","_kad_post_feature_position":"","_kad_post_header":false,"_kad_post_footer":false,"_kad_post_classname":""},"product_brand":[],"product_cat":[151],"product_tag":[],"class_list":{"0":"post-6173","1":"product","2":"type-product","3":"status-publish","4":"has-post-thumbnail","6":"product_cat-foto","7":"product_shipping_class-standard","9":"first","10":"instock","11":"featured","12":"taxable","13":"shipping-taxable","14":"purchasable","15":"product-type-simple","16":"entry","17":"content-bg","18":"loop-entry","19":"wpzoom-wc-spi-has-enabled"},"uagb_featured_image_src":{"full":["https:\/\/uki3d.pl\/wp-content\/uploads\/2024\/12\/miniBOWENS_BOWENS_ADAPTER_1.png",800,800,false],"thumbnail":["https:\/\/uki3d.pl\/wp-content\/uploads\/2024\/12\/miniBOWENS_BOWENS_ADAPTER_1.png",96,96,false],"medium":["https:\/\/uki3d.pl\/wp-content\/uploads\/2024\/12\/miniBOWENS_BOWENS_ADAPTER_1.png",800,800,false],"medium_large":["https:\/\/uki3d.pl\/wp-content\/uploads\/2024\/12\/miniBOWENS_BOWENS_ADAPTER_1-768x768.png",768,768,true],"large":["https:\/\/uki3d.pl\/wp-content\/uploads\/2024\/12\/miniBOWENS_BOWENS_ADAPTER_1.png",800,800,false],"1536x1536":["https:\/\/uki3d.pl\/wp-content\/uploads\/2024\/12\/miniBOWENS_BOWENS_ADAPTER_1.png",800,800,false],"2048x2048":["https:\/\/uki3d.pl\/wp-content\/uploads\/2024\/12\/miniBOWENS_BOWENS_ADAPTER_1.png",800,800,false],"trp-custom-language-flag":["https:\/\/uki3d.pl\/wp-content\/uploads\/2024\/12\/miniBOWENS_BOWENS_ADAPTER_1-12x12.png",12,12,true],"woocommerce_thumbnail":["https:\/\/uki3d.pl\/wp-content\/uploads\/2024\/12\/miniBOWENS_BOWENS_ADAPTER_1.png",800,800,false],"woocommerce_single":["https:\/\/uki3d.pl\/wp-content\/uploads\/2024\/12\/miniBOWENS_BOWENS_ADAPTER_1.png",800,800,false],"woocommerce_gallery_thumbnail":["https:\/\/uki3d.pl\/wp-content\/uploads\/2024\/12\/miniBOWENS_BOWENS_ADAPTER_1-100x100.png",100,100,true]},"uagb_author_info":{"display_name":"uki","author_link":"https:\/\/uki3d.pl\/en\/author\/"},"uagb_comment_info":0,"uagb_excerpt":"Adapter miniBowens &#8211; Bowens. Pozwala na po\u0142\u0105czenie softbox\u00f3w itp. ze z\u0142\u0105czem Bowens do lamp ze z\u0142\u0105czem mini Bowens. Po zamontowaniu kontrowanie \u015brub\u0105 zapewnia pewne i bezpieczne po\u0142\u0105czenie. Zintegrowana szyna ARCA SWISS pozwala na uniwersalne pod\u0142\u0105czenie do statywu. Wykonano w technologii druku 3D z PETG-CF (Carbon Fiber).","_links":{"self":[{"href":"https:\/\/uki3d.pl\/en\/wp-json\/wp\/v2\/product\/6173","targetHints":{"allow":["GET"]}}],"collection":[{"href":"https:\/\/uki3d.pl\/en\/wp-json\/wp\/v2\/product"}],"about":[{"href":"https:\/\/uki3d.pl\/en\/wp-json\/wp\/v2\/types\/product"}],"replies":[{"embeddable":true,"href":"https:\/\/uki3d.pl\/en\/wp-json\/wp\/v2\/comments?post=6173"}],"wp:featuredmedia":[{"embeddable":true,"href":"https:\/\/uki3d.pl\/en\/wp-json\/wp\/v2\/media\/6172"}],"wp:attachment":[{"href":"https:\/\/uki3d.pl\/en\/wp-json\/wp\/v2\/media?parent=6173"}],"wp:term":[{"taxonomy":"product_brand","embeddable":true,"href":"https:\/\/uki3d.pl\/en\/wp-json\/wp\/v2\/product_brand?post=6173"},{"taxonomy":"product_cat","embeddable":true,"href":"https:\/\/uki3d.pl\/en\/wp-json\/wp\/v2\/product_cat?post=6173"},{"taxonomy":"product_tag","embeddable":true,"href":"https:\/\/uki3d.pl\/en\/wp-json\/wp\/v2\/product_tag?post=6173"}],"curies":[{"name":"wp","href":"https:\/\/api.w.org\/{rel}","templated":true}]}}