{"id":6191,"date":"2024-12-30T20:29:43","date_gmt":"2024-12-30T19:29:43","guid":{"rendered":"https:\/\/uki3d.pl\/?post_type=product&#038;p=6191"},"modified":"2026-04-02T22:05:05","modified_gmt":"2026-04-02T20:05:05","slug":"cheek-riser-bergara-b14-bmp","status":"publish","type":"product","link":"https:\/\/uki3d.pl\/en\/store\/cheek-riser-bergara-b14-bmp\/","title":{"rendered":"Cheek Riser Bergara B14 BMP"},"content":{"rendered":"<p class=\" translation-block\"><strong>Cheek Riser<\/strong> for <strong>Bergara B14 BMP<\/strong>.<\/p>\n<ul>\n<li class=\" translation-block\">length \u2013 <strong>100mm<\/strong><\/li>\n<li class=\" translation-block\">width \u2013 <strong>19mm<\/strong> (fixed) <strong>25mm<\/strong> (adjustable)<\/li>\n<li class=\" translation-block\">variant with adjustment transverse to the barrel axis <strong>\u00b13mm<\/strong> or without adjustment<\/li>\n<\/ul>\n<p class=\" translation-block\">Any length can be made. The photos show the Cheek Riser in a length of <strong>100mm<\/strong>.<\/p>\n<p class=\" translation-block\">Fastening like the original with <strong>2 stainless steel screws with a very low head (included)<\/strong>.<\/p>\n<p><strong>Made using 3D printing technology using PETG-CF (Carbon Fiber).<\/strong><\/p>\n<hr \/>","protected":false},"excerpt":{"rendered":"<p>Cheek Riser do kolby Bergara B14 BMP. d\u0142ugo\u015b\u0107 \u2013 100mm szeroko\u015b\u0107 \u2013 19mm (sta\u0142y) 25mm (regulowany) wariant z regulacj\u0105 poprzeczn\u0105 do osi lufy \u00b13mm lub bez regulacji Mo\u017cliwo\u015b\u0107 wykonania dowolnej d\u0142ugo\u015bci. Na zdj\u0119ciach Cheek Riser o d\u0142ugo\u015bci 100mm. Mocowanie tak jak orygina\u0142 na 2 nierdzewne \u015bruby z bardzo niskim \u0142bem (w zestawie). Wykonano w technologii&#8230;<\/p>","protected":false},"featured_media":6189,"comment_status":"open","ping_status":"closed","template":"","meta":{"_uag_custom_page_level_css":"","_kad_post_transparent":"default","_kad_post_title":"","_kad_post_layout":"default","_kad_post_sidebar_id":"","_kad_post_content_style":"default","_kad_post_vertical_padding":"default","_kad_post_feature":"","_kad_post_feature_position":"","_kad_post_header":false,"_kad_post_footer":false,"_kad_post_classname":""},"product_brand":[],"product_cat":[126],"product_tag":[],"class_list":{"0":"post-6191","1":"product","2":"type-product","3":"status-publish","4":"has-post-thumbnail","6":"product_cat-strzelectwo","7":"product_shipping_class-standard","9":"first","10":"instock","11":"featured","12":"taxable","13":"shipping-taxable","14":"purchasable","15":"product-type-variable","16":"has-default-attributes","17":"entry","18":"content-bg","19":"loop-entry","20":"wpzoom-wc-spi-has-enabled"},"uagb_featured_image_src":{"full":["https:\/\/uki3d.pl\/wp-content\/uploads\/2024\/12\/BERGARA_B14_BMP_CHEEKPIECE_ADJ_100_1.png",800,800,false],"thumbnail":["https:\/\/uki3d.pl\/wp-content\/uploads\/2024\/12\/BERGARA_B14_BMP_CHEEKPIECE_ADJ_100_1.png",96,96,false],"medium":["https:\/\/uki3d.pl\/wp-content\/uploads\/2024\/12\/BERGARA_B14_BMP_CHEEKPIECE_ADJ_100_1.png",800,800,false],"medium_large":["https:\/\/uki3d.pl\/wp-content\/uploads\/2024\/12\/BERGARA_B14_BMP_CHEEKPIECE_ADJ_100_1-768x768.png",768,768,true],"large":["https:\/\/uki3d.pl\/wp-content\/uploads\/2024\/12\/BERGARA_B14_BMP_CHEEKPIECE_ADJ_100_1.png",800,800,false],"1536x1536":["https:\/\/uki3d.pl\/wp-content\/uploads\/2024\/12\/BERGARA_B14_BMP_CHEEKPIECE_ADJ_100_1.png",800,800,false],"2048x2048":["https:\/\/uki3d.pl\/wp-content\/uploads\/2024\/12\/BERGARA_B14_BMP_CHEEKPIECE_ADJ_100_1.png",800,800,false],"trp-custom-language-flag":["https:\/\/uki3d.pl\/wp-content\/uploads\/2024\/12\/BERGARA_B14_BMP_CHEEKPIECE_ADJ_100_1-12x12.png",12,12,true],"woocommerce_thumbnail":["https:\/\/uki3d.pl\/wp-content\/uploads\/2024\/12\/BERGARA_B14_BMP_CHEEKPIECE_ADJ_100_1.png",800,800,false],"woocommerce_single":["https:\/\/uki3d.pl\/wp-content\/uploads\/2024\/12\/BERGARA_B14_BMP_CHEEKPIECE_ADJ_100_1.png",800,800,false],"woocommerce_gallery_thumbnail":["https:\/\/uki3d.pl\/wp-content\/uploads\/2024\/12\/BERGARA_B14_BMP_CHEEKPIECE_ADJ_100_1-100x100.png",100,100,true]},"uagb_author_info":{"display_name":"uki","author_link":"https:\/\/uki3d.pl\/en\/author\/"},"uagb_comment_info":0,"uagb_excerpt":"Cheek Riser do kolby Bergara B14 BMP. d\u0142ugo\u015b\u0107 \u2013 100mm szeroko\u015b\u0107 \u2013 19mm (sta\u0142y) 25mm (regulowany) wariant z regulacj\u0105 poprzeczn\u0105 do osi lufy \u00b13mm lub bez regulacji Mo\u017cliwo\u015b\u0107 wykonania dowolnej d\u0142ugo\u015bci. Na zdj\u0119ciach Cheek Riser o d\u0142ugo\u015bci 100mm. Mocowanie tak jak orygina\u0142 na 2 nierdzewne \u015bruby z bardzo niskim \u0142bem (w zestawie). Wykonano w technologii...","_links":{"self":[{"href":"https:\/\/uki3d.pl\/en\/wp-json\/wp\/v2\/product\/6191","targetHints":{"allow":["GET"]}}],"collection":[{"href":"https:\/\/uki3d.pl\/en\/wp-json\/wp\/v2\/product"}],"about":[{"href":"https:\/\/uki3d.pl\/en\/wp-json\/wp\/v2\/types\/product"}],"replies":[{"embeddable":true,"href":"https:\/\/uki3d.pl\/en\/wp-json\/wp\/v2\/comments?post=6191"}],"wp:featuredmedia":[{"embeddable":true,"href":"https:\/\/uki3d.pl\/en\/wp-json\/wp\/v2\/media\/6189"}],"wp:attachment":[{"href":"https:\/\/uki3d.pl\/en\/wp-json\/wp\/v2\/media?parent=6191"}],"wp:term":[{"taxonomy":"product_brand","embeddable":true,"href":"https:\/\/uki3d.pl\/en\/wp-json\/wp\/v2\/product_brand?post=6191"},{"taxonomy":"product_cat","embeddable":true,"href":"https:\/\/uki3d.pl\/en\/wp-json\/wp\/v2\/product_cat?post=6191"},{"taxonomy":"product_tag","embeddable":true,"href":"https:\/\/uki3d.pl\/en\/wp-json\/wp\/v2\/product_tag?post=6191"}],"curies":[{"name":"wp","href":"https:\/\/api.w.org\/{rel}","templated":true}]}}