{"id":6202,"date":"2025-01-05T01:10:05","date_gmt":"2025-01-05T00:10:05","guid":{"rendered":"https:\/\/uki3d.pl\/?post_type=product&#038;p=6202"},"modified":"2026-04-02T22:05:05","modified_gmt":"2026-04-02T20:05:05","slug":"bag-rider-b5-bravo-stock","status":"publish","type":"product","link":"https:\/\/uki3d.pl\/en\/store\/bag-rider-b5-bravo-stock\/","title":{"rendered":"Bag Rider B5 Bravo Stock"},"content":{"rendered":"<p class=\" translation-block\"><strong>Bag Rider<\/strong> for <strong>B5 Bravo Stock<\/strong>.<\/p>\n<ul>\n<li>length - 70mm<\/li>\n<li>width \u2013 27mm tapered to 21mm<\/li>\n<li>angle 0\u00b0<\/li>\n<\/ul>\n<p class=\" translation-block\">Bag Rider consists of two parts screwed together with 3 stainless screws (included). <strong>Screws screwed into stainless nuts inside the print!<\/strong><\/p>\n<p>Possibility to make any angle of inclination and length.<\/p>\n<p><strong>Made using 3D printing technology using PETG-CF (Carbon Fiber).<\/strong><\/p>\n<hr \/>","protected":false},"excerpt":{"rendered":"<p>Bag Rider do kolby B5 Bravo Stock. d\u0142ugo\u015b\u0107 &#8211; 70mm szeroko\u015b\u0107 &#8211; 27mm zw\u0119\u017cana do 21mm k\u0105t 0\u00b0 Bag Rider sk\u0142ada si\u0119 z dw\u00f3ch cz\u0119\u015bci skr\u0119canych ze sob\u0105 3 \u015brubami nierdzewnymi (w zestawie). \u015aruby wkr\u0119cane w nierdzewne nakr\u0119tki wewn\u0105trz wydruku! Mo\u017cliwo\u015b\u0107 wykonania dowolnego k\u0105ta nachylenia oraz d\u0142ugo\u015bci. Wykonano w technologii druku 3D z PETG-CF (Carbon&#8230;<\/p>","protected":false},"featured_media":6205,"comment_status":"open","ping_status":"closed","template":"","meta":{"_uag_custom_page_level_css":"","_kad_post_transparent":"default","_kad_post_title":"","_kad_post_layout":"default","_kad_post_sidebar_id":"","_kad_post_content_style":"default","_kad_post_vertical_padding":"default","_kad_post_feature":"","_kad_post_feature_position":"","_kad_post_header":false,"_kad_post_footer":false,"_kad_post_classname":""},"product_brand":[],"product_cat":[126],"product_tag":[133],"class_list":{"0":"post-6202","1":"product","2":"type-product","3":"status-publish","4":"has-post-thumbnail","6":"product_cat-strzelectwo","7":"product_tag-bagrider","8":"product_shipping_class-standard","10":"first","11":"instock","12":"featured","13":"taxable","14":"shipping-taxable","15":"purchasable","16":"product-type-simple","17":"entry","18":"content-bg","19":"loop-entry","20":"wpzoom-wc-spi-has-enabled"},"uagb_featured_image_src":{"full":["https:\/\/uki3d.pl\/wp-content\/uploads\/2025\/01\/B5_BRAVO_STOCK_BAG_RIDER_1.png",800,800,false],"thumbnail":["https:\/\/uki3d.pl\/wp-content\/uploads\/2025\/01\/B5_BRAVO_STOCK_BAG_RIDER_1.png",96,96,false],"medium":["https:\/\/uki3d.pl\/wp-content\/uploads\/2025\/01\/B5_BRAVO_STOCK_BAG_RIDER_1.png",800,800,false],"medium_large":["https:\/\/uki3d.pl\/wp-content\/uploads\/2025\/01\/B5_BRAVO_STOCK_BAG_RIDER_1-768x768.png",768,768,true],"large":["https:\/\/uki3d.pl\/wp-content\/uploads\/2025\/01\/B5_BRAVO_STOCK_BAG_RIDER_1.png",800,800,false],"1536x1536":["https:\/\/uki3d.pl\/wp-content\/uploads\/2025\/01\/B5_BRAVO_STOCK_BAG_RIDER_1.png",800,800,false],"2048x2048":["https:\/\/uki3d.pl\/wp-content\/uploads\/2025\/01\/B5_BRAVO_STOCK_BAG_RIDER_1.png",800,800,false],"trp-custom-language-flag":["https:\/\/uki3d.pl\/wp-content\/uploads\/2025\/01\/B5_BRAVO_STOCK_BAG_RIDER_1-12x12.png",12,12,true],"woocommerce_thumbnail":["https:\/\/uki3d.pl\/wp-content\/uploads\/2025\/01\/B5_BRAVO_STOCK_BAG_RIDER_1.png",800,800,false],"woocommerce_single":["https:\/\/uki3d.pl\/wp-content\/uploads\/2025\/01\/B5_BRAVO_STOCK_BAG_RIDER_1.png",800,800,false],"woocommerce_gallery_thumbnail":["https:\/\/uki3d.pl\/wp-content\/uploads\/2025\/01\/B5_BRAVO_STOCK_BAG_RIDER_1-100x100.png",100,100,true]},"uagb_author_info":{"display_name":"uki","author_link":"https:\/\/uki3d.pl\/en\/author\/"},"uagb_comment_info":1,"uagb_excerpt":"Bag Rider do kolby B5 Bravo Stock. d\u0142ugo\u015b\u0107 &#8211; 70mm szeroko\u015b\u0107 &#8211; 27mm zw\u0119\u017cana do 21mm k\u0105t 0\u00b0 Bag Rider sk\u0142ada si\u0119 z dw\u00f3ch cz\u0119\u015bci skr\u0119canych ze sob\u0105 3 \u015brubami nierdzewnymi (w zestawie). \u015aruby wkr\u0119cane w nierdzewne nakr\u0119tki wewn\u0105trz wydruku! Mo\u017cliwo\u015b\u0107 wykonania dowolnego k\u0105ta nachylenia oraz d\u0142ugo\u015bci. Wykonano w technologii druku 3D z PETG-CF (Carbon...","_links":{"self":[{"href":"https:\/\/uki3d.pl\/en\/wp-json\/wp\/v2\/product\/6202","targetHints":{"allow":["GET"]}}],"collection":[{"href":"https:\/\/uki3d.pl\/en\/wp-json\/wp\/v2\/product"}],"about":[{"href":"https:\/\/uki3d.pl\/en\/wp-json\/wp\/v2\/types\/product"}],"replies":[{"embeddable":true,"href":"https:\/\/uki3d.pl\/en\/wp-json\/wp\/v2\/comments?post=6202"}],"wp:featuredmedia":[{"embeddable":true,"href":"https:\/\/uki3d.pl\/en\/wp-json\/wp\/v2\/media\/6205"}],"wp:attachment":[{"href":"https:\/\/uki3d.pl\/en\/wp-json\/wp\/v2\/media?parent=6202"}],"wp:term":[{"taxonomy":"product_brand","embeddable":true,"href":"https:\/\/uki3d.pl\/en\/wp-json\/wp\/v2\/product_brand?post=6202"},{"taxonomy":"product_cat","embeddable":true,"href":"https:\/\/uki3d.pl\/en\/wp-json\/wp\/v2\/product_cat?post=6202"},{"taxonomy":"product_tag","embeddable":true,"href":"https:\/\/uki3d.pl\/en\/wp-json\/wp\/v2\/product_tag?post=6202"}],"curies":[{"name":"wp","href":"https:\/\/api.w.org\/{rel}","templated":true}]}}