{"id":6255,"date":"2025-01-17T08:44:03","date_gmt":"2025-01-17T07:44:03","guid":{"rendered":"https:\/\/uki3d.pl\/?post_type=product&#038;p=6255"},"modified":"2026-04-02T22:05:05","modified_gmt":"2026-04-02T20:05:05","slug":"dystans-do-baki-policzkowej-sako-trg","status":"publish","type":"product","link":"https:\/\/uki3d.pl\/en\/store\/dystans-do-baki-policzkowej-sako-trg\/","title":{"rendered":"SAKO TRG cheek piece spacer"},"content":{"rendered":"<p class=\" translation-block\">Spacers increasing the height of the cheekpiece in the <strong>SAKO TRG<\/strong> stock.<br>\nWidth to choose from: <strong>3mm, 5mm, 10mm<\/strong> or any other after contact - <a href=\"https:\/\/uki3d.pl\/contact\/\" target=\"_self\">email me<\/a><\/p>\n<p><strong>Made using 3D printing technology using PETG-CF (Carbon Fiber).<\/strong><\/p>\n<hr \/>","protected":false},"excerpt":{"rendered":"<p>Dystanse zwi\u0119kszaj\u0105ce wysoko\u015b\u0107 baki policzkowej w osadzie SAKO TRG. Szeroko\u015b\u0107 do wyboru: 3mm, 5mm, 10mm lub inna dowolna po kontakcie &#8211; Kontakt Wykonano w technologii druku 3D z PETG-CF (Carbon Fiber).<\/p>","protected":false},"featured_media":6264,"comment_status":"open","ping_status":"closed","template":"","meta":{"_uag_custom_page_level_css":"","_kad_post_transparent":"default","_kad_post_title":"","_kad_post_layout":"default","_kad_post_sidebar_id":"","_kad_post_content_style":"default","_kad_post_vertical_padding":"default","_kad_post_feature":"","_kad_post_feature_position":"","_kad_post_header":false,"_kad_post_footer":false,"_kad_post_classname":""},"product_brand":[],"product_cat":[126],"product_tag":[141],"class_list":{"0":"post-6255","1":"product","2":"type-product","3":"status-publish","4":"has-post-thumbnail","6":"product_cat-strzelectwo","7":"product_tag-stock-spacer","8":"product_shipping_class-standard","10":"first","11":"instock","12":"featured","13":"taxable","14":"shipping-taxable","15":"purchasable","16":"product-type-variable","17":"has-default-attributes","18":"entry","19":"content-bg","20":"loop-entry","21":"wpzoom-wc-spi-has-enabled"},"uagb_featured_image_src":{"full":["https:\/\/uki3d.pl\/wp-content\/uploads\/2025\/01\/SAKO_TRG_CHEEK_SPACER_5mm_1.png",800,800,false],"thumbnail":["https:\/\/uki3d.pl\/wp-content\/uploads\/2025\/01\/SAKO_TRG_CHEEK_SPACER_5mm_1.png",96,96,false],"medium":["https:\/\/uki3d.pl\/wp-content\/uploads\/2025\/01\/SAKO_TRG_CHEEK_SPACER_5mm_1.png",800,800,false],"medium_large":["https:\/\/uki3d.pl\/wp-content\/uploads\/2025\/01\/SAKO_TRG_CHEEK_SPACER_5mm_1-768x768.png",768,768,true],"large":["https:\/\/uki3d.pl\/wp-content\/uploads\/2025\/01\/SAKO_TRG_CHEEK_SPACER_5mm_1.png",800,800,false],"1536x1536":["https:\/\/uki3d.pl\/wp-content\/uploads\/2025\/01\/SAKO_TRG_CHEEK_SPACER_5mm_1.png",800,800,false],"2048x2048":["https:\/\/uki3d.pl\/wp-content\/uploads\/2025\/01\/SAKO_TRG_CHEEK_SPACER_5mm_1.png",800,800,false],"trp-custom-language-flag":["https:\/\/uki3d.pl\/wp-content\/uploads\/2025\/01\/SAKO_TRG_CHEEK_SPACER_5mm_1-12x12.png",12,12,true],"woocommerce_thumbnail":["https:\/\/uki3d.pl\/wp-content\/uploads\/2025\/01\/SAKO_TRG_CHEEK_SPACER_5mm_1.png",800,800,false],"woocommerce_single":["https:\/\/uki3d.pl\/wp-content\/uploads\/2025\/01\/SAKO_TRG_CHEEK_SPACER_5mm_1.png",800,800,false],"woocommerce_gallery_thumbnail":["https:\/\/uki3d.pl\/wp-content\/uploads\/2025\/01\/SAKO_TRG_CHEEK_SPACER_5mm_1-100x100.png",100,100,true]},"uagb_author_info":{"display_name":"uki","author_link":"https:\/\/uki3d.pl\/en\/author\/"},"uagb_comment_info":0,"uagb_excerpt":"Dystanse zwi\u0119kszaj\u0105ce wysoko\u015b\u0107 baki policzkowej w osadzie SAKO TRG. Szeroko\u015b\u0107 do wyboru: 3mm, 5mm, 10mm lub inna dowolna po kontakcie &#8211; Kontakt Wykonano w technologii druku 3D z PETG-CF (Carbon Fiber).","_links":{"self":[{"href":"https:\/\/uki3d.pl\/en\/wp-json\/wp\/v2\/product\/6255","targetHints":{"allow":["GET"]}}],"collection":[{"href":"https:\/\/uki3d.pl\/en\/wp-json\/wp\/v2\/product"}],"about":[{"href":"https:\/\/uki3d.pl\/en\/wp-json\/wp\/v2\/types\/product"}],"replies":[{"embeddable":true,"href":"https:\/\/uki3d.pl\/en\/wp-json\/wp\/v2\/comments?post=6255"}],"wp:featuredmedia":[{"embeddable":true,"href":"https:\/\/uki3d.pl\/en\/wp-json\/wp\/v2\/media\/6264"}],"wp:attachment":[{"href":"https:\/\/uki3d.pl\/en\/wp-json\/wp\/v2\/media?parent=6255"}],"wp:term":[{"taxonomy":"product_brand","embeddable":true,"href":"https:\/\/uki3d.pl\/en\/wp-json\/wp\/v2\/product_brand?post=6255"},{"taxonomy":"product_cat","embeddable":true,"href":"https:\/\/uki3d.pl\/en\/wp-json\/wp\/v2\/product_cat?post=6255"},{"taxonomy":"product_tag","embeddable":true,"href":"https:\/\/uki3d.pl\/en\/wp-json\/wp\/v2\/product_tag?post=6255"}],"curies":[{"name":"wp","href":"https:\/\/api.w.org\/{rel}","templated":true}]}}