{"id":6268,"date":"2026-03-10T17:00:17","date_gmt":"2026-03-10T16:00:17","guid":{"rendered":"https:\/\/uki3d.pl\/?post_type=product&#038;p=6268"},"modified":"2026-04-12T21:32:21","modified_gmt":"2026-04-12T19:32:21","slug":"regulowana-stopka","status":"publish","type":"product","link":"https:\/\/uki3d.pl\/en\/store\/regulowana-stopka\/","title":{"rendered":"Adjustable Buttplate"},"content":{"rendered":"<p class=\" translation-block\"><strong>Adjustable buttplate<\/strong> adapted to a specific stock. Simple <strong>tool-free<\/strong> change of buttplate position!<br>\nWide adjustment (<strong>45 possible settings!<\/strong>) allows for a perfect fit for the shooter.<\/p>\n<p>Info:<\/p>\n<ul>\n<li class=\" translation-block\">Buttpad width \u2013 <strong>20mm<\/strong><li class=\" translation-block\">Tilt angle \u2013 <strong>0\u00b0, 7\u00b0, 14\u00b0, 21\u00b0, 28\u00b0 both ways<\/strong><li class=\" translation-block\">Up\/down shift \u2013 <strong>\u00b120mm<\/strong> in 5mm increments<\/ul>\n<\/li>\n<p>Included in the set:<\/p>\n<ul>\n<li>Adjustable Buttplate\n<li>stainless steel screws for securing the rubber foot \u2013 suitable for the given stock*\n<\/li>\n<\/ul>\n<p>Butt Plate available for:<\/p>\n<ul>\n<strong><\/p>\n<li>MDT CCS\/ORYX\/inne w kszta\u0142cie typowym dla MDT\n<li>KRG Bravo\n<li>GRAY BIRCH La Chassis 457 (buttplate installed INSTEAD of original)\n<li>Tikka T3x A1 (konieczna wymiana \u015bruby M6x20 na t\u0119 z kompletu, kt\u00f3ry dostarczam &#8211; M6x20 z niskim \u0142bem)\n<li>HOWA Hogue (do\u0142\u0105czona wk\u0142adka (4mm), kt\u00f3ra pozwala zamontowa\u0107 stopk\u0119 mimo wystaj\u0105cych ze strony osady trzpieni)\n<li>HERA H7\n<li>Sabatti\n<p><\/strong>\n<\/li>\n<\/ul>\n<blockquote><p class=\" translation-block\"><em><strong>It is possible to make a buttplate for any stock - <a href=\"https:\/\/uki3d.pl\/contact\/\" target=\"_self\">email me<\/a>.<\/strong><\/em><\/p><\/blockquote>\n<p class=\" translation-block\"><strong>ATTENTION!<\/strong><br>\nThe foot <strong>INCREASES LOP<\/strong> by ~20mm!<\/p>\n<p><strong>Made using 3D printing technology using PETG-CF (Carbon Fiber).<\/strong><\/p>\n<hr \/>","protected":false},"excerpt":{"rendered":"<p>Regulowana stopka dopasowana do konkretnej osady. Prosta beznarz\u0119dziowa zmiana po\u0142o\u017cenia stopki! Szeroka regulacja (45 mo\u017cliwych ustawie\u0144!) pozwala na idealne dopasowanie pod strzelca. Info: Szeroko\u015b\u0107 stopek &#8211; 20mm K\u0105t przechy\u0142u &#8211; 0\u00b0, 7\u00b0, 14\u00b0, 21\u00b0, 28\u00b0 w obie strony Przesuni\u0119cie g\u00f3ra\/d\u00f3\u0142 &#8211; \u00b120mm skokowo co 5mm W zestawie: Regulowana Stopka nierdzewne \u015bruby mocuj\u0105ce gumow\u0105 stopk\u0119 &#8211;&#8230;<\/p>","protected":false},"featured_media":7850,"comment_status":"open","ping_status":"closed","template":"","meta":{"_uag_custom_page_level_css":"","_kad_post_transparent":"default","_kad_post_title":"","_kad_post_layout":"default","_kad_post_sidebar_id":"","_kad_post_content_style":"default","_kad_post_vertical_padding":"default","_kad_post_feature":"","_kad_post_feature_position":"","_kad_post_header":false,"_kad_post_footer":false,"_kad_post_classname":""},"product_brand":[],"product_cat":[126],"product_tag":[],"class_list":{"0":"post-6268","1":"product","2":"type-product","3":"status-publish","4":"has-post-thumbnail","6":"product_cat-strzelectwo","7":"product_shipping_class-standard","9":"first","10":"instock","11":"featured","12":"taxable","13":"shipping-taxable","14":"purchasable","15":"product-type-variable","16":"has-default-attributes","17":"entry","18":"content-bg","19":"loop-entry","20":"wpzoom-wc-spi-has-enabled"},"uagb_featured_image_src":{"full":["https:\/\/uki3d.pl\/wp-content\/uploads\/2026\/03\/HERA_H7_ADJUSTABLE_BUTTPLATE_3.png",800,800,false],"thumbnail":["https:\/\/uki3d.pl\/wp-content\/uploads\/2026\/03\/HERA_H7_ADJUSTABLE_BUTTPLATE_3.png",96,96,false],"medium":["https:\/\/uki3d.pl\/wp-content\/uploads\/2026\/03\/HERA_H7_ADJUSTABLE_BUTTPLATE_3.png",800,800,false],"medium_large":["https:\/\/uki3d.pl\/wp-content\/uploads\/2026\/03\/HERA_H7_ADJUSTABLE_BUTTPLATE_3-768x768.png",768,768,true],"large":["https:\/\/uki3d.pl\/wp-content\/uploads\/2026\/03\/HERA_H7_ADJUSTABLE_BUTTPLATE_3.png",800,800,false],"1536x1536":["https:\/\/uki3d.pl\/wp-content\/uploads\/2026\/03\/HERA_H7_ADJUSTABLE_BUTTPLATE_3.png",800,800,false],"2048x2048":["https:\/\/uki3d.pl\/wp-content\/uploads\/2026\/03\/HERA_H7_ADJUSTABLE_BUTTPLATE_3.png",800,800,false],"trp-custom-language-flag":["https:\/\/uki3d.pl\/wp-content\/uploads\/2026\/03\/HERA_H7_ADJUSTABLE_BUTTPLATE_3-12x12.png",12,12,true],"woocommerce_thumbnail":["https:\/\/uki3d.pl\/wp-content\/uploads\/2026\/03\/HERA_H7_ADJUSTABLE_BUTTPLATE_3.png",800,800,false],"woocommerce_single":["https:\/\/uki3d.pl\/wp-content\/uploads\/2026\/03\/HERA_H7_ADJUSTABLE_BUTTPLATE_3.png",800,800,false],"woocommerce_gallery_thumbnail":["https:\/\/uki3d.pl\/wp-content\/uploads\/2026\/03\/HERA_H7_ADJUSTABLE_BUTTPLATE_3-100x100.png",100,100,true]},"uagb_author_info":{"display_name":"uki","author_link":"https:\/\/uki3d.pl\/en\/author\/"},"uagb_comment_info":0,"uagb_excerpt":"Regulowana stopka dopasowana do konkretnej osady. Prosta beznarz\u0119dziowa zmiana po\u0142o\u017cenia stopki! Szeroka regulacja (45 mo\u017cliwych ustawie\u0144!) pozwala na idealne dopasowanie pod strzelca. Info: Szeroko\u015b\u0107 stopek &#8211; 20mm K\u0105t przechy\u0142u &#8211; 0\u00b0, 7\u00b0, 14\u00b0, 21\u00b0, 28\u00b0 w obie strony Przesuni\u0119cie g\u00f3ra\/d\u00f3\u0142 &#8211; \u00b120mm skokowo co 5mm W zestawie: Regulowana Stopka nierdzewne \u015bruby mocuj\u0105ce gumow\u0105 stopk\u0119 &#8211;...","_links":{"self":[{"href":"https:\/\/uki3d.pl\/en\/wp-json\/wp\/v2\/product\/6268","targetHints":{"allow":["GET"]}}],"collection":[{"href":"https:\/\/uki3d.pl\/en\/wp-json\/wp\/v2\/product"}],"about":[{"href":"https:\/\/uki3d.pl\/en\/wp-json\/wp\/v2\/types\/product"}],"replies":[{"embeddable":true,"href":"https:\/\/uki3d.pl\/en\/wp-json\/wp\/v2\/comments?post=6268"}],"wp:featuredmedia":[{"embeddable":true,"href":"https:\/\/uki3d.pl\/en\/wp-json\/wp\/v2\/media\/7850"}],"wp:attachment":[{"href":"https:\/\/uki3d.pl\/en\/wp-json\/wp\/v2\/media?parent=6268"}],"wp:term":[{"taxonomy":"product_brand","embeddable":true,"href":"https:\/\/uki3d.pl\/en\/wp-json\/wp\/v2\/product_brand?post=6268"},{"taxonomy":"product_cat","embeddable":true,"href":"https:\/\/uki3d.pl\/en\/wp-json\/wp\/v2\/product_cat?post=6268"},{"taxonomy":"product_tag","embeddable":true,"href":"https:\/\/uki3d.pl\/en\/wp-json\/wp\/v2\/product_tag?post=6268"}],"curies":[{"name":"wp","href":"https:\/\/api.w.org\/{rel}","templated":true}]}}