{"id":6301,"date":"2026-03-15T20:00:15","date_gmt":"2026-03-15T19:00:15","guid":{"rendered":"https:\/\/uki3d.pl\/?post_type=product&#038;p=6301"},"modified":"2026-04-17T20:59:42","modified_gmt":"2026-04-17T18:59:42","slug":"regulowany-bag-rider","status":"publish","type":"product","link":"https:\/\/uki3d.pl\/en\/store\/regulowany-bag-rider\/","title":{"rendered":"Adjustable Bag Rider"},"content":{"rendered":"<p class=\" translation-block\"><strong>Adjustable Bag Rider<\/strong> allows for smooth adjustment in the range of <strong>0-40mm<\/strong>. Stainless steel guides with a diameter of <strong>8mm<\/strong> allow for high rigidity and perfectly smooth movement.<br>\nThe <strong>TR10x2<\/strong> trapezoidal adjustment screw allows for quick but still precise height adjustment. One turn of the knob raises\/lowers the Rider by <strong>2mm<\/strong>.<br>\nThe knob design uses thrust bearings, thanks to which the adjustment itself is a butter smooth.<br>\nThe Rider in three tilt configurations has been reinforced along its length with two \u02785 and \u02784 stainless steel rods to increase rigidity.<br>\nBag Rider made of <strong>ASA-CF<\/strong>. This is a better version of ABS - reinforced with carbon fiber, resistant to external factors.<\/p>\n<p>Info:<\/p>\n<ul>\n<li class=\" translation-block\">Rider angle \u2013 <strong>0\u00b0<\/strong><li class=\" translation-block\">Adjustment <strong>0-45mm<\/strong> \u2013 depending on the stock!<li class=\" translation-block\">Bottom \"fin\" length <strong>~150mm<\/strong><li>Bottom \"fin\" width <strong>1 inch (~25.4mm)<\/strong> <strong>1&#8243; (~25.4mm)<\/strong>\n<li>MLOK mounting screws included (if required)\n<\/li>\n<\/ul>\n<p>Bag Rider available for:<\/p>\n<ul>\n<strong><\/p>\n<li>MDT CCS (0-33mm)\n<li>MDT ORYX (0-35mm)\n<li>MDT SRS-X (0-33mm)\n<li>Tikka T3x A1 (0-35mm)\n<li>Tikka T3x Ace Target (0-25mm)\n<li>MPA Competition Edition (0-35mm)\n<li>Gray Birch (0-35mm)\n<li>CZ457 LRP(0-35mm)\n<li>Bergara B14(0-35mm)\n<\/li>\n<p><\/strong>\n<\/ul>\n<blockquote><p class=\" translation-block\"><em><strong>It is possible to adapt to any stock - <a href=\"https:\/\/uki3d.pl\/contact\/\" target=\"_self\">write<\/a>.<\/strong><\/em><\/p><\/blockquote>\n<p><strong>Made using 3D printing technology using ASA-CF (Carbon Fiber).<\/strong><\/p>\n<hr>","protected":false},"excerpt":{"rendered":"<p>Regulowany Bag Rider umo\u017cliwia p\u0142ynn\u0105 regulacj\u0119 w zakresie 0-45mm. Nierdzewne prowadnice o \u015brednicy 8mm pozwalaj\u0105 uzyska\u0107 du\u017c\u0105 sztywno\u015b\u0107 i idealnie g\u0142adkie przemieszczanie. Trapezowa \u015bruba regulacyjna TR10x2 pozwala na szybk\u0105 ale nadal dok\u0142adn\u0105 regulacj\u0119 wysoko\u015bci. Jeden obr\u00f3t pokr\u0119t\u0142a podnosi\/obni\u017ca Rider o 2mm. W konstrukcji pokr\u0119t\u0142a zastosowano \u0142o\u017cyska oporowe, dzi\u0119ki nim sama regulacja to tzw. &#8222;mase\u0142ko&#8221;. Rider&#8230;<\/p>","protected":false},"featured_media":7550,"comment_status":"open","ping_status":"closed","template":"","meta":{"_uag_custom_page_level_css":"","_kad_post_transparent":"default","_kad_post_title":"","_kad_post_layout":"default","_kad_post_sidebar_id":"","_kad_post_content_style":"default","_kad_post_vertical_padding":"default","_kad_post_feature":"","_kad_post_feature_position":"","_kad_post_header":false,"_kad_post_footer":false,"_kad_post_classname":""},"product_brand":[],"product_cat":[126],"product_tag":[133],"class_list":{"0":"post-6301","1":"product","2":"type-product","3":"status-publish","4":"has-post-thumbnail","6":"product_cat-strzelectwo","7":"product_tag-bagrider","8":"product_shipping_class-standard","10":"first","11":"instock","12":"featured","13":"taxable","14":"shipping-taxable","15":"purchasable","16":"product-type-variable","17":"has-default-attributes","18":"entry","19":"content-bg","20":"loop-entry","21":"wpzoom-wc-spi-has-enabled"},"uagb_featured_image_src":{"full":["https:\/\/uki3d.pl\/wp-content\/uploads\/2026\/02\/BERGARA_B14_ADJUSTABLE_BAG_RIDER_1.png",800,800,false],"thumbnail":["https:\/\/uki3d.pl\/wp-content\/uploads\/2026\/02\/BERGARA_B14_ADJUSTABLE_BAG_RIDER_1.png",96,96,false],"medium":["https:\/\/uki3d.pl\/wp-content\/uploads\/2026\/02\/BERGARA_B14_ADJUSTABLE_BAG_RIDER_1.png",800,800,false],"medium_large":["https:\/\/uki3d.pl\/wp-content\/uploads\/2026\/02\/BERGARA_B14_ADJUSTABLE_BAG_RIDER_1-768x768.png",768,768,true],"large":["https:\/\/uki3d.pl\/wp-content\/uploads\/2026\/02\/BERGARA_B14_ADJUSTABLE_BAG_RIDER_1.png",800,800,false],"1536x1536":["https:\/\/uki3d.pl\/wp-content\/uploads\/2026\/02\/BERGARA_B14_ADJUSTABLE_BAG_RIDER_1.png",800,800,false],"2048x2048":["https:\/\/uki3d.pl\/wp-content\/uploads\/2026\/02\/BERGARA_B14_ADJUSTABLE_BAG_RIDER_1.png",800,800,false],"trp-custom-language-flag":["https:\/\/uki3d.pl\/wp-content\/uploads\/2026\/02\/BERGARA_B14_ADJUSTABLE_BAG_RIDER_1-12x12.png",12,12,true],"woocommerce_thumbnail":["https:\/\/uki3d.pl\/wp-content\/uploads\/2026\/02\/BERGARA_B14_ADJUSTABLE_BAG_RIDER_1.png",800,800,false],"woocommerce_single":["https:\/\/uki3d.pl\/wp-content\/uploads\/2026\/02\/BERGARA_B14_ADJUSTABLE_BAG_RIDER_1.png",800,800,false],"woocommerce_gallery_thumbnail":["https:\/\/uki3d.pl\/wp-content\/uploads\/2026\/02\/BERGARA_B14_ADJUSTABLE_BAG_RIDER_1-100x100.png",100,100,true]},"uagb_author_info":{"display_name":"uki","author_link":"https:\/\/uki3d.pl\/en\/author\/"},"uagb_comment_info":0,"uagb_excerpt":"Regulowany Bag Rider umo\u017cliwia p\u0142ynn\u0105 regulacj\u0119 w zakresie 0-45mm. Nierdzewne prowadnice o \u015brednicy 8mm pozwalaj\u0105 uzyska\u0107 du\u017c\u0105 sztywno\u015b\u0107 i idealnie g\u0142adkie przemieszczanie. Trapezowa \u015bruba regulacyjna TR10x2 pozwala na szybk\u0105 ale nadal dok\u0142adn\u0105 regulacj\u0119 wysoko\u015bci. Jeden obr\u00f3t pokr\u0119t\u0142a podnosi\/obni\u017ca Rider o 2mm. W konstrukcji pokr\u0119t\u0142a zastosowano \u0142o\u017cyska oporowe, dzi\u0119ki nim sama regulacja to tzw. &#8222;mase\u0142ko&#8221;. Rider...","_links":{"self":[{"href":"https:\/\/uki3d.pl\/en\/wp-json\/wp\/v2\/product\/6301","targetHints":{"allow":["GET"]}}],"collection":[{"href":"https:\/\/uki3d.pl\/en\/wp-json\/wp\/v2\/product"}],"about":[{"href":"https:\/\/uki3d.pl\/en\/wp-json\/wp\/v2\/types\/product"}],"replies":[{"embeddable":true,"href":"https:\/\/uki3d.pl\/en\/wp-json\/wp\/v2\/comments?post=6301"}],"wp:featuredmedia":[{"embeddable":true,"href":"https:\/\/uki3d.pl\/en\/wp-json\/wp\/v2\/media\/7550"}],"wp:attachment":[{"href":"https:\/\/uki3d.pl\/en\/wp-json\/wp\/v2\/media?parent=6301"}],"wp:term":[{"taxonomy":"product_brand","embeddable":true,"href":"https:\/\/uki3d.pl\/en\/wp-json\/wp\/v2\/product_brand?post=6301"},{"taxonomy":"product_cat","embeddable":true,"href":"https:\/\/uki3d.pl\/en\/wp-json\/wp\/v2\/product_cat?post=6301"},{"taxonomy":"product_tag","embeddable":true,"href":"https:\/\/uki3d.pl\/en\/wp-json\/wp\/v2\/product_tag?post=6301"}],"curies":[{"name":"wp","href":"https:\/\/api.w.org\/{rel}","templated":true}]}}