{"id":6465,"date":"2025-02-24T01:09:22","date_gmt":"2025-02-24T00:09:22","guid":{"rendered":"https:\/\/uki3d.pl\/?post_type=product&#038;p=6465"},"modified":"2026-04-08T20:32:38","modified_gmt":"2026-04-08T18:32:38","slug":"ground-pod-skimmer","status":"publish","type":"product","link":"https:\/\/uki3d.pl\/en\/store\/ground-pod-skimmer\/","title":{"rendered":"Ground Pod Skimmer"},"content":{"rendered":"<p class=\" translation-block\"><strong>Ground Pod Skimmer<\/strong>, or the so-called \"frying pan\". Allows you to conveniently take photos from ground level.<\/p>\n<ul>\n<li class=\" translation-block\">Thread \u2013 <strong>3\/8-16 UNC<\/strong>, screwed and glued into the stainless steel nut inside the print!<li>\u015arednica &#8211; <strong>250mm<\/strong>\n<\/li>\n<\/ul>\n<p><strong>Made using 3D printing technology using PETG-CF (Carbon Fiber).<\/strong><\/p>\n<hr \/>","protected":false},"excerpt":{"rendered":"<p>Ground Pod Skimmer, czyli tzw. &#8222;patelnia&#8221;. Pozwala wygodne na pstrykanie zdj\u0119\u0107 z poziomu gruntu. Gwint &#8211; 3\/8-16 UNC, wkr\u0119cona i wklejona w nierdzewn\u0105 nakr\u0119tk\u0119 wewn\u0105trz wydruku! \u015arednica &#8211; 250mm Wykonano w technologii druku 3D z PETG-CF (Carbon Fiber).<\/p>","protected":false},"featured_media":6467,"comment_status":"open","ping_status":"closed","template":"","meta":{"_uag_custom_page_level_css":"","_kad_post_transparent":"default","_kad_post_title":"","_kad_post_layout":"default","_kad_post_sidebar_id":"","_kad_post_content_style":"default","_kad_post_vertical_padding":"default","_kad_post_feature":"","_kad_post_feature_position":"","_kad_post_header":false,"_kad_post_footer":false,"_kad_post_classname":""},"product_brand":[],"product_cat":[151],"product_tag":[],"class_list":{"0":"post-6465","1":"product","2":"type-product","3":"status-publish","4":"has-post-thumbnail","6":"product_cat-foto","7":"product_shipping_class-standard","9":"first","10":"instock","11":"featured","12":"taxable","13":"shipping-taxable","14":"purchasable","15":"product-type-simple","16":"entry","17":"content-bg","18":"loop-entry","19":"wpzoom-wc-spi-has-enabled"},"uagb_featured_image_src":{"full":["https:\/\/uki3d.pl\/wp-content\/uploads\/2025\/02\/GROUND_POD_SKIMMER_1.png",800,800,false],"thumbnail":["https:\/\/uki3d.pl\/wp-content\/uploads\/2025\/02\/GROUND_POD_SKIMMER_1.png",96,96,false],"medium":["https:\/\/uki3d.pl\/wp-content\/uploads\/2025\/02\/GROUND_POD_SKIMMER_1.png",800,800,false],"medium_large":["https:\/\/uki3d.pl\/wp-content\/uploads\/2025\/02\/GROUND_POD_SKIMMER_1-768x768.png",768,768,true],"large":["https:\/\/uki3d.pl\/wp-content\/uploads\/2025\/02\/GROUND_POD_SKIMMER_1.png",800,800,false],"1536x1536":["https:\/\/uki3d.pl\/wp-content\/uploads\/2025\/02\/GROUND_POD_SKIMMER_1.png",800,800,false],"2048x2048":["https:\/\/uki3d.pl\/wp-content\/uploads\/2025\/02\/GROUND_POD_SKIMMER_1.png",800,800,false],"trp-custom-language-flag":["https:\/\/uki3d.pl\/wp-content\/uploads\/2025\/02\/GROUND_POD_SKIMMER_1-12x12.png",12,12,true],"woocommerce_thumbnail":["https:\/\/uki3d.pl\/wp-content\/uploads\/2025\/02\/GROUND_POD_SKIMMER_1.png",800,800,false],"woocommerce_single":["https:\/\/uki3d.pl\/wp-content\/uploads\/2025\/02\/GROUND_POD_SKIMMER_1.png",800,800,false],"woocommerce_gallery_thumbnail":["https:\/\/uki3d.pl\/wp-content\/uploads\/2025\/02\/GROUND_POD_SKIMMER_1-100x100.png",100,100,true]},"uagb_author_info":{"display_name":"uki","author_link":"https:\/\/uki3d.pl\/en\/author\/"},"uagb_comment_info":3,"uagb_excerpt":"Ground Pod Skimmer, czyli tzw. &#8222;patelnia&#8221;. Pozwala wygodne na pstrykanie zdj\u0119\u0107 z poziomu gruntu. Gwint &#8211; 3\/8-16 UNC, wkr\u0119cona i wklejona w nierdzewn\u0105 nakr\u0119tk\u0119 wewn\u0105trz wydruku! \u015arednica &#8211; 250mm Wykonano w technologii druku 3D z PETG-CF (Carbon Fiber).","_links":{"self":[{"href":"https:\/\/uki3d.pl\/en\/wp-json\/wp\/v2\/product\/6465","targetHints":{"allow":["GET"]}}],"collection":[{"href":"https:\/\/uki3d.pl\/en\/wp-json\/wp\/v2\/product"}],"about":[{"href":"https:\/\/uki3d.pl\/en\/wp-json\/wp\/v2\/types\/product"}],"replies":[{"embeddable":true,"href":"https:\/\/uki3d.pl\/en\/wp-json\/wp\/v2\/comments?post=6465"}],"wp:featuredmedia":[{"embeddable":true,"href":"https:\/\/uki3d.pl\/en\/wp-json\/wp\/v2\/media\/6467"}],"wp:attachment":[{"href":"https:\/\/uki3d.pl\/en\/wp-json\/wp\/v2\/media?parent=6465"}],"wp:term":[{"taxonomy":"product_brand","embeddable":true,"href":"https:\/\/uki3d.pl\/en\/wp-json\/wp\/v2\/product_brand?post=6465"},{"taxonomy":"product_cat","embeddable":true,"href":"https:\/\/uki3d.pl\/en\/wp-json\/wp\/v2\/product_cat?post=6465"},{"taxonomy":"product_tag","embeddable":true,"href":"https:\/\/uki3d.pl\/en\/wp-json\/wp\/v2\/product_tag?post=6465"}],"curies":[{"name":"wp","href":"https:\/\/api.w.org\/{rel}","templated":true}]}}