{"id":6629,"date":"2025-03-15T17:05:46","date_gmt":"2025-03-15T16:05:46","guid":{"rendered":"https:\/\/uki3d.pl\/?post_type=product&#038;p=6629"},"modified":"2026-04-15T16:36:42","modified_gmt":"2026-04-15T14:36:42","slug":"dyspenser-zaklejek","status":"publish","type":"product","link":"https:\/\/uki3d.pl\/en\/store\/dyspenser-zaklejek\/","title":{"rendered":"Sticker dispenser"},"content":{"rendered":"<p class=\" translation-block\">Sticker dispenser for tapes with a width of <strong>24mm<\/strong> or less and a roll diameter of up to <strong>65mm<\/strong>.<\/p>\n<ul>\n<li class=\" translation-block\">Maximum width \u2013 <strong>24mm<\/strong><\/li>\n<li class=\" translation-block\">Maximum diameter of the roll with stickers \u2013 <strong>65mm<\/strong><\/li>\n<\/ul>\n<p class=\" translation-block\">The dispenser with a snap-on lid allows you to use both rolls with the stickers facing outward and inward (e.g., Kruger).<br>\nEasy seal removal \u2013 just pull the strap!<\/p>\n<p>Possibility to design the dispenser for a different width and diameter of rolls \u2013 <strong><a href=\"https:\/\/uki3d.pl\/contact\/\">email me<\/a><\/strong>.<\/p>\n<p><strong>Made using 3D printing technology using PETG-CF (Carbon Fiber).<\/strong><\/p>\n<hr>","protected":false},"excerpt":{"rendered":"<p>Dyspenser zaklejek do ta\u015bm o szeroko\u015bci 24mm lub mniejszej i \u015brednicy rolki do 65mm. Maksymalna szeroko\u015b\u0107 &#8211; 24mm Maksymalna \u015brednica rolki z zaklejkami &#8211; 65mm Dyspenser z pokrywk\u0105 na zatrzaski pozwala na zastosowanie zar\u00f3wno rolek zwini\u0119tych zaklejkami do zewn\u0105trz jak i do wewn\u0105trz (np. Kruger). Bez problemowe wyci\u0105ganie zaklejek &#8211; poci\u0105gnij za pasek! Mo\u017cliwo\u015b\u0107 zaprojektowania&#8230;<\/p>","protected":false},"featured_media":6627,"comment_status":"open","ping_status":"closed","template":"","meta":{"_uag_custom_page_level_css":"","_kad_post_transparent":"default","_kad_post_title":"","_kad_post_layout":"default","_kad_post_sidebar_id":"","_kad_post_content_style":"default","_kad_post_vertical_padding":"default","_kad_post_feature":"","_kad_post_feature_position":"","_kad_post_header":false,"_kad_post_footer":false,"_kad_post_classname":""},"product_brand":[],"product_cat":[126],"product_tag":[],"class_list":{"0":"post-6629","1":"product","2":"type-product","3":"status-publish","4":"has-post-thumbnail","6":"product_cat-strzelectwo","7":"product_shipping_class-standard","9":"first","10":"instock","11":"featured","12":"taxable","13":"shipping-taxable","14":"purchasable","15":"product-type-simple","16":"entry","17":"content-bg","18":"loop-entry","19":"wpzoom-wc-spi-has-enabled"},"uagb_featured_image_src":{"full":["https:\/\/uki3d.pl\/wp-content\/uploads\/2025\/03\/STICKER_BOX_2.png",800,800,false],"thumbnail":["https:\/\/uki3d.pl\/wp-content\/uploads\/2025\/03\/STICKER_BOX_2.png",96,96,false],"medium":["https:\/\/uki3d.pl\/wp-content\/uploads\/2025\/03\/STICKER_BOX_2.png",800,800,false],"medium_large":["https:\/\/uki3d.pl\/wp-content\/uploads\/2025\/03\/STICKER_BOX_2-768x768.png",768,768,true],"large":["https:\/\/uki3d.pl\/wp-content\/uploads\/2025\/03\/STICKER_BOX_2.png",800,800,false],"1536x1536":["https:\/\/uki3d.pl\/wp-content\/uploads\/2025\/03\/STICKER_BOX_2.png",800,800,false],"2048x2048":["https:\/\/uki3d.pl\/wp-content\/uploads\/2025\/03\/STICKER_BOX_2.png",800,800,false],"trp-custom-language-flag":["https:\/\/uki3d.pl\/wp-content\/uploads\/2025\/03\/STICKER_BOX_2-12x12.png",12,12,true],"woocommerce_thumbnail":["https:\/\/uki3d.pl\/wp-content\/uploads\/2025\/03\/STICKER_BOX_2.png",800,800,false],"woocommerce_single":["https:\/\/uki3d.pl\/wp-content\/uploads\/2025\/03\/STICKER_BOX_2.png",800,800,false],"woocommerce_gallery_thumbnail":["https:\/\/uki3d.pl\/wp-content\/uploads\/2025\/03\/STICKER_BOX_2-100x100.png",100,100,true]},"uagb_author_info":{"display_name":"uki","author_link":"https:\/\/uki3d.pl\/en\/author\/"},"uagb_comment_info":0,"uagb_excerpt":"Dyspenser zaklejek do ta\u015bm o szeroko\u015bci 24mm lub mniejszej i \u015brednicy rolki do 65mm. Maksymalna szeroko\u015b\u0107 &#8211; 24mm Maksymalna \u015brednica rolki z zaklejkami &#8211; 65mm Dyspenser z pokrywk\u0105 na zatrzaski pozwala na zastosowanie zar\u00f3wno rolek zwini\u0119tych zaklejkami do zewn\u0105trz jak i do wewn\u0105trz (np. Kruger). Bez problemowe wyci\u0105ganie zaklejek &#8211; poci\u0105gnij za pasek! Mo\u017cliwo\u015b\u0107 zaprojektowania...","_links":{"self":[{"href":"https:\/\/uki3d.pl\/en\/wp-json\/wp\/v2\/product\/6629","targetHints":{"allow":["GET"]}}],"collection":[{"href":"https:\/\/uki3d.pl\/en\/wp-json\/wp\/v2\/product"}],"about":[{"href":"https:\/\/uki3d.pl\/en\/wp-json\/wp\/v2\/types\/product"}],"replies":[{"embeddable":true,"href":"https:\/\/uki3d.pl\/en\/wp-json\/wp\/v2\/comments?post=6629"}],"wp:featuredmedia":[{"embeddable":true,"href":"https:\/\/uki3d.pl\/en\/wp-json\/wp\/v2\/media\/6627"}],"wp:attachment":[{"href":"https:\/\/uki3d.pl\/en\/wp-json\/wp\/v2\/media?parent=6629"}],"wp:term":[{"taxonomy":"product_brand","embeddable":true,"href":"https:\/\/uki3d.pl\/en\/wp-json\/wp\/v2\/product_brand?post=6629"},{"taxonomy":"product_cat","embeddable":true,"href":"https:\/\/uki3d.pl\/en\/wp-json\/wp\/v2\/product_cat?post=6629"},{"taxonomy":"product_tag","embeddable":true,"href":"https:\/\/uki3d.pl\/en\/wp-json\/wp\/v2\/product_tag?post=6629"}],"curies":[{"name":"wp","href":"https:\/\/api.w.org\/{rel}","templated":true}]}}