{"id":6638,"date":"2025-03-19T19:32:11","date_gmt":"2025-03-19T18:32:11","guid":{"rendered":"https:\/\/uki3d.pl\/?post_type=product&#038;p=6638"},"modified":"2026-04-02T22:05:05","modified_gmt":"2026-04-02T20:05:05","slug":"obejma-na-lufe-z-szyna-picatinny","status":"publish","type":"product","link":"https:\/\/uki3d.pl\/en\/store\/obejma-na-lufe-z-szyna-picatinny\/","title":{"rendered":"Obejma na luf\u0119 z szyn\u0105 Picatinny (szybki monta\u017c)"},"content":{"rendered":"<p>Obejma na luf\u0119 z szyn\u0105 picatinny do szybkiego monta\u017cu chrono <strong>BULLETSEEKER<\/strong> itp.<\/p>\n<ul>\n<li class=\" translation-block\">Width \u2013 <strong>40mm<\/strong><\/li>\n<li class=\" translation-block\">Barrel diameter \u2013 <strong>any<\/strong><\/li>\n<\/ul>\n<p class=\" translation-block\">The clamp features a quick-release feature \u2013 loosen and tilt the thumbscrew, then tilt the upper half of the clamp! Done!<br>\nThe full fill ensures clamp rigidity and reliability! The thumbscrew and hinge pin are made of stainless steel!<\/p>\n<p><font color=\"red\"><\/p>\n<blockquote><p><em><strong>When ordering, please specify the barrel diameter for which the clamp should be used in the \"Barrel diameter\" field.<\/strong><\/em><\/p><\/blockquote>\n<p><\/font><\/p>\n<p><strong>Made using 3D printing technology using PETG-CF (Carbon Fiber).<\/strong><\/p>\n<hr>","protected":false},"excerpt":{"rendered":"<p>Obejma na luf\u0119 z szyn\u0105 picatinny do szybkiego monta\u017cu chrono BULLETSEEKER itp. Szeroko\u015b\u0107 &#8211; 40mm \u015arednica lufy &#8211; dowolna Obejma posiada funkcj\u0119 szybkiego demonta\u017cu &#8211; odkr\u0119\u0107 i odchyl \u015brub\u0119 rade\u0142kowan\u0105 potem odchyl g\u00f3rn\u0105 po\u0142\u00f3wk\u0119 obejmy! Gotowe! Pe\u0142ne wype\u0142nienie zapewnia sztywno\u015b\u0107 i niezawodno\u015b\u0107 zacisku! \u015aruba rade\u0142kowana i ko\u0142ek zawiasu ze stali nierdzewnej! W trakcie zam\u00f3wienia nale\u017cy&#8230;<\/p>","protected":false},"featured_media":7870,"comment_status":"open","ping_status":"closed","template":"","meta":{"_uag_custom_page_level_css":"","_kad_post_transparent":"default","_kad_post_title":"","_kad_post_layout":"default","_kad_post_sidebar_id":"","_kad_post_content_style":"default","_kad_post_vertical_padding":"default","_kad_post_feature":"","_kad_post_feature_position":"","_kad_post_header":false,"_kad_post_footer":false,"_kad_post_classname":""},"product_brand":[],"product_cat":[126],"product_tag":[],"class_list":{"0":"post-6638","1":"product","2":"type-product","3":"status-publish","4":"has-post-thumbnail","6":"product_cat-strzelectwo","7":"product_shipping_class-standard","9":"first","10":"instock","11":"featured","12":"taxable","13":"shipping-taxable","14":"purchasable","15":"product-type-simple","16":"entry","17":"content-bg","18":"loop-entry","19":"wpzoom-wc-spi-has-enabled"},"uagb_featured_image_src":{"full":["https:\/\/uki3d.pl\/wp-content\/uploads\/2026\/03\/BARREL_CLAMP_SWIVEL_PICATINNY_1.png",800,800,false],"thumbnail":["https:\/\/uki3d.pl\/wp-content\/uploads\/2026\/03\/BARREL_CLAMP_SWIVEL_PICATINNY_1.png",96,96,false],"medium":["https:\/\/uki3d.pl\/wp-content\/uploads\/2026\/03\/BARREL_CLAMP_SWIVEL_PICATINNY_1.png",800,800,false],"medium_large":["https:\/\/uki3d.pl\/wp-content\/uploads\/2026\/03\/BARREL_CLAMP_SWIVEL_PICATINNY_1-768x768.png",768,768,true],"large":["https:\/\/uki3d.pl\/wp-content\/uploads\/2026\/03\/BARREL_CLAMP_SWIVEL_PICATINNY_1.png",800,800,false],"1536x1536":["https:\/\/uki3d.pl\/wp-content\/uploads\/2026\/03\/BARREL_CLAMP_SWIVEL_PICATINNY_1.png",800,800,false],"2048x2048":["https:\/\/uki3d.pl\/wp-content\/uploads\/2026\/03\/BARREL_CLAMP_SWIVEL_PICATINNY_1.png",800,800,false],"trp-custom-language-flag":["https:\/\/uki3d.pl\/wp-content\/uploads\/2026\/03\/BARREL_CLAMP_SWIVEL_PICATINNY_1-12x12.png",12,12,true],"woocommerce_thumbnail":["https:\/\/uki3d.pl\/wp-content\/uploads\/2026\/03\/BARREL_CLAMP_SWIVEL_PICATINNY_1.png",800,800,false],"woocommerce_single":["https:\/\/uki3d.pl\/wp-content\/uploads\/2026\/03\/BARREL_CLAMP_SWIVEL_PICATINNY_1.png",800,800,false],"woocommerce_gallery_thumbnail":["https:\/\/uki3d.pl\/wp-content\/uploads\/2026\/03\/BARREL_CLAMP_SWIVEL_PICATINNY_1-100x100.png",100,100,true]},"uagb_author_info":{"display_name":"uki","author_link":"https:\/\/uki3d.pl\/en\/author\/"},"uagb_comment_info":0,"uagb_excerpt":"Obejma na luf\u0119 z szyn\u0105 picatinny do szybkiego monta\u017cu chrono BULLETSEEKER itp. Szeroko\u015b\u0107 &#8211; 40mm \u015arednica lufy &#8211; dowolna Obejma posiada funkcj\u0119 szybkiego demonta\u017cu &#8211; odkr\u0119\u0107 i odchyl \u015brub\u0119 rade\u0142kowan\u0105 potem odchyl g\u00f3rn\u0105 po\u0142\u00f3wk\u0119 obejmy! Gotowe! Pe\u0142ne wype\u0142nienie zapewnia sztywno\u015b\u0107 i niezawodno\u015b\u0107 zacisku! \u015aruba rade\u0142kowana i ko\u0142ek zawiasu ze stali nierdzewnej! W trakcie zam\u00f3wienia nale\u017cy...","_links":{"self":[{"href":"https:\/\/uki3d.pl\/en\/wp-json\/wp\/v2\/product\/6638","targetHints":{"allow":["GET"]}}],"collection":[{"href":"https:\/\/uki3d.pl\/en\/wp-json\/wp\/v2\/product"}],"about":[{"href":"https:\/\/uki3d.pl\/en\/wp-json\/wp\/v2\/types\/product"}],"replies":[{"embeddable":true,"href":"https:\/\/uki3d.pl\/en\/wp-json\/wp\/v2\/comments?post=6638"}],"wp:featuredmedia":[{"embeddable":true,"href":"https:\/\/uki3d.pl\/en\/wp-json\/wp\/v2\/media\/7870"}],"wp:attachment":[{"href":"https:\/\/uki3d.pl\/en\/wp-json\/wp\/v2\/media?parent=6638"}],"wp:term":[{"taxonomy":"product_brand","embeddable":true,"href":"https:\/\/uki3d.pl\/en\/wp-json\/wp\/v2\/product_brand?post=6638"},{"taxonomy":"product_cat","embeddable":true,"href":"https:\/\/uki3d.pl\/en\/wp-json\/wp\/v2\/product_cat?post=6638"},{"taxonomy":"product_tag","embeddable":true,"href":"https:\/\/uki3d.pl\/en\/wp-json\/wp\/v2\/product_tag?post=6638"}],"curies":[{"name":"wp","href":"https:\/\/api.w.org\/{rel}","templated":true}]}}