{"id":6656,"date":"2025-03-25T00:53:27","date_gmt":"2025-03-24T23:53:27","guid":{"rendered":"https:\/\/uki3d.pl\/?post_type=product&#038;p=6656"},"modified":"2026-04-02T22:05:05","modified_gmt":"2026-04-02T20:05:05","slug":"mdt-lra-send-it-mv3-obejma-pod-okular-lunety","status":"publish","type":"product","link":"https:\/\/uki3d.pl\/en\/store\/mdt-lra-send-it-mv3-obejma-pod-okular-lunety\/","title":{"rendered":"MDT LRA SEND IT \u2013 MV3 \u2013 Fiber optic clamp for scope eyepiece"},"content":{"rendered":"<p class=\" translation-block\">A clamp that transfers the readings of the <strong>MDT LRA SEND iT \u2013 MV3<\/strong> electronic level to the scope's eyepiece. It allows you to focus on the target and simultaneously correct the rifle's cant without taking your eyes off the reticle!<br>\nEquipped with 5 fiber optic cables with an internal diameter of 1.5mm, mounted to a housing that slides on instead of the original and is secured with the original screw.<br>\nThe housing is made with a perfect fit, ensuring watertightness just like the original!<br>\nThe removable connector allows for reverse mounting of the fiber optic cables (when mounting the level on the right, left, top, bottom of the stock, or to reverse the readings) and setting the correct tilt reading! The connector has a two-screw clamp that locks the fiber optic cables in place \u2013 allowing for precise adjustment of the length of the outgoing fiber optic cables.<\/p>\n<p>Info:<\/p>\n<ul>\n<li class=\" translation-block\">Eyepiece clamp width \u2013 <strong>16mm<\/strong><li class=\" translation-block\">Eyepiece clamp diameter \u2013 <strong>self-adjusting<\/strong><li class=\" translation-block\">Fiber optic length \u2013 <strong>any!<\/strong><\/ul>\n<\/li>\n<p>Included in the set:<\/p>\n<ul>\n<li>Housing for MDT LRA SEND iT\n<li>Eyepiece clamp with optical fibers\n<li>O-rings (several sizes) for attaching the clamp\n<\/li>\n<\/ul>\n<blockquote><p><em><strong>Adapters for mounting the housing are available in the store \u2013 <a href=\"https:\/\/uki3d.pl\/store\/mdt-send-it-adapter\/\">LINK<\/a><\/strong><\/em><\/p><\/blockquote>\n<p><font color=\"red\"><\/p>\n<blockquote><p><em><strong>NOTE! Older versions of the spirit level don't have a locking screw (the tiny one next to the knob). If you have this model, select the \"NO screw Hole\" option.<\/strong><\/em><\/p><\/blockquote>\n<p><\/font><\/p>\n<p><font color=\"red\"><\/p>\n<blockquote><p><em><strong>When ordering, please write in the \"Fiber optic length\" field what length the fiber optic cables should be (measured from the front of the clamp to the face of the level +10mm)!<\/strong><\/em><\/p><\/blockquote>\n<p><\/font><\/p>\n<blockquote><p class=\" translation-block\"><em><strong>It is possible to mount it to any place in the stock - <a href=\"https:\/\/uki3d.pl\/contact\/\" target=\"_self\">write<\/a>.<\/strong><\/em><\/p><\/blockquote>\n<p><strong>Made using 3D printing technology using PETG-CF (Carbon Fiber).<\/strong><\/p>\n<hr>","protected":false},"excerpt":{"rendered":"<p>Obejma przenosz\u0105ca wskazania poziomicy elektronicznej MDT LRA SEND iT &#8211; MV3 pod okular lunety. Pozwala na skoncentrowanie si\u0119 na celu i jednoczesnym korygowaniu przechy\u0142u karabinu bez odrywania wzroku od krzy\u017ca celowniczego! Wyposa\u017cona w 5 \u015bwiat\u0142owod\u00f3w o \u015brednicy wewn\u0119trznej 1.5mm zamontowanych do obudowy, kt\u00f3r\u0105 nasuwa si\u0119 zamiast oryginalnej i kontruje oryginaln\u0105 \u015brubk\u0105. Obudowa wykonana z idealnym&#8230;<\/p>","protected":false},"featured_media":6661,"comment_status":"open","ping_status":"closed","template":"","meta":{"_uag_custom_page_level_css":"","_kad_post_transparent":"default","_kad_post_title":"","_kad_post_layout":"default","_kad_post_sidebar_id":"","_kad_post_content_style":"default","_kad_post_vertical_padding":"default","_kad_post_feature":"","_kad_post_feature_position":"","_kad_post_header":false,"_kad_post_footer":false,"_kad_post_classname":""},"product_brand":[],"product_cat":[126],"product_tag":[],"class_list":{"0":"post-6656","1":"product","2":"type-product","3":"status-publish","4":"has-post-thumbnail","6":"product_cat-strzelectwo","7":"product_shipping_class-standard","9":"first","10":"instock","11":"featured","12":"taxable","13":"shipping-taxable","14":"purchasable","15":"product-type-variable","16":"entry","17":"content-bg","18":"loop-entry","19":"wpzoom-wc-spi-has-enabled"},"uagb_featured_image_src":{"full":["https:\/\/uki3d.pl\/wp-content\/uploads\/2025\/03\/MDT_SENDIT_1.png",800,800,false],"thumbnail":["https:\/\/uki3d.pl\/wp-content\/uploads\/2025\/03\/MDT_SENDIT_1.png",96,96,false],"medium":["https:\/\/uki3d.pl\/wp-content\/uploads\/2025\/03\/MDT_SENDIT_1.png",800,800,false],"medium_large":["https:\/\/uki3d.pl\/wp-content\/uploads\/2025\/03\/MDT_SENDIT_1-768x768.png",768,768,true],"large":["https:\/\/uki3d.pl\/wp-content\/uploads\/2025\/03\/MDT_SENDIT_1.png",800,800,false],"1536x1536":["https:\/\/uki3d.pl\/wp-content\/uploads\/2025\/03\/MDT_SENDIT_1.png",800,800,false],"2048x2048":["https:\/\/uki3d.pl\/wp-content\/uploads\/2025\/03\/MDT_SENDIT_1.png",800,800,false],"trp-custom-language-flag":["https:\/\/uki3d.pl\/wp-content\/uploads\/2025\/03\/MDT_SENDIT_1-12x12.png",12,12,true],"woocommerce_thumbnail":["https:\/\/uki3d.pl\/wp-content\/uploads\/2025\/03\/MDT_SENDIT_1.png",800,800,false],"woocommerce_single":["https:\/\/uki3d.pl\/wp-content\/uploads\/2025\/03\/MDT_SENDIT_1.png",800,800,false],"woocommerce_gallery_thumbnail":["https:\/\/uki3d.pl\/wp-content\/uploads\/2025\/03\/MDT_SENDIT_1-100x100.png",100,100,true]},"uagb_author_info":{"display_name":"uki","author_link":"https:\/\/uki3d.pl\/en\/author\/"},"uagb_comment_info":2,"uagb_excerpt":"Obejma przenosz\u0105ca wskazania poziomicy elektronicznej MDT LRA SEND iT &#8211; MV3 pod okular lunety. Pozwala na skoncentrowanie si\u0119 na celu i jednoczesnym korygowaniu przechy\u0142u karabinu bez odrywania wzroku od krzy\u017ca celowniczego! Wyposa\u017cona w 5 \u015bwiat\u0142owod\u00f3w o \u015brednicy wewn\u0119trznej 1.5mm zamontowanych do obudowy, kt\u00f3r\u0105 nasuwa si\u0119 zamiast oryginalnej i kontruje oryginaln\u0105 \u015brubk\u0105. Obudowa wykonana z idealnym...","_links":{"self":[{"href":"https:\/\/uki3d.pl\/en\/wp-json\/wp\/v2\/product\/6656","targetHints":{"allow":["GET"]}}],"collection":[{"href":"https:\/\/uki3d.pl\/en\/wp-json\/wp\/v2\/product"}],"about":[{"href":"https:\/\/uki3d.pl\/en\/wp-json\/wp\/v2\/types\/product"}],"replies":[{"embeddable":true,"href":"https:\/\/uki3d.pl\/en\/wp-json\/wp\/v2\/comments?post=6656"}],"wp:featuredmedia":[{"embeddable":true,"href":"https:\/\/uki3d.pl\/en\/wp-json\/wp\/v2\/media\/6661"}],"wp:attachment":[{"href":"https:\/\/uki3d.pl\/en\/wp-json\/wp\/v2\/media?parent=6656"}],"wp:term":[{"taxonomy":"product_brand","embeddable":true,"href":"https:\/\/uki3d.pl\/en\/wp-json\/wp\/v2\/product_brand?post=6656"},{"taxonomy":"product_cat","embeddable":true,"href":"https:\/\/uki3d.pl\/en\/wp-json\/wp\/v2\/product_cat?post=6656"},{"taxonomy":"product_tag","embeddable":true,"href":"https:\/\/uki3d.pl\/en\/wp-json\/wp\/v2\/product_tag?post=6656"}],"curies":[{"name":"wp","href":"https:\/\/api.w.org\/{rel}","templated":true}]}}