{"id":6729,"date":"2025-04-02T14:06:34","date_gmt":"2025-04-02T12:06:34","guid":{"rendered":"https:\/\/uki3d.pl\/?post_type=product&#038;p=6729"},"modified":"2026-04-09T17:05:04","modified_gmt":"2026-04-09T15:05:04","slug":"mdt-crush-it-adapter","status":"publish","type":"product","link":"https:\/\/uki3d.pl\/en\/store\/mdt-crush-it-adapter\/","title":{"rendered":"MDT CRUSH IT &#8211; Adapter"},"content":{"rendered":"<p class=\" translation-block\">Angle adapter for mounting the <strong>MDT CRUSH IT<\/strong> timer.<\/p>\n<p>Adapter mounting:<\/p>\n<ul>\n<li class=\" translation-block\"><strong>MLOK<\/strong> \u2013 2 MLOK screws included<li class=\" translation-block\"><strong>SPUHR\/LAMBDA PRECISION<\/strong>\u00a0 \u2013 2 M4 screws included<\/ul>\n<p><strong>Made using 3D printing technology using PETG-CF (Carbon Fiber).<\/strong><\/p>\n<hr>","protected":false},"excerpt":{"rendered":"<p>Adapter k\u0105towy mocuj\u0105cy timer MDT CRUSH IT. Mocowanie adaptera: MLOK &#8211; 2 \u015bruby MLOK w zestawie SPUHR\/LAMBDA PRECISION &#8211; 2 \u015bruby M4 w zestawie Wykonano w technologii druku 3D z PETG-CF (Carbon Fiber).<\/p>","protected":false},"featured_media":6726,"comment_status":"open","ping_status":"closed","template":"","meta":{"_uag_custom_page_level_css":"","_kad_post_transparent":"default","_kad_post_title":"","_kad_post_layout":"default","_kad_post_sidebar_id":"","_kad_post_content_style":"default","_kad_post_vertical_padding":"default","_kad_post_feature":"","_kad_post_feature_position":"","_kad_post_header":false,"_kad_post_footer":false,"_kad_post_classname":""},"product_brand":[],"product_cat":[126],"product_tag":[],"class_list":{"0":"post-6729","1":"product","2":"type-product","3":"status-publish","4":"has-post-thumbnail","6":"product_cat-strzelectwo","7":"product_shipping_class-standard","9":"first","10":"instock","11":"featured","12":"taxable","13":"shipping-taxable","14":"purchasable","15":"product-type-variable","16":"has-default-attributes","17":"entry","18":"content-bg","19":"loop-entry","20":"wpzoom-wc-spi-has-enabled"},"uagb_featured_image_src":{"full":["https:\/\/uki3d.pl\/wp-content\/uploads\/2025\/04\/MDT_CRUSHIT_MLOK.png",800,800,false],"thumbnail":["https:\/\/uki3d.pl\/wp-content\/uploads\/2025\/04\/MDT_CRUSHIT_MLOK.png",96,96,false],"medium":["https:\/\/uki3d.pl\/wp-content\/uploads\/2025\/04\/MDT_CRUSHIT_MLOK.png",800,800,false],"medium_large":["https:\/\/uki3d.pl\/wp-content\/uploads\/2025\/04\/MDT_CRUSHIT_MLOK-768x768.png",768,768,true],"large":["https:\/\/uki3d.pl\/wp-content\/uploads\/2025\/04\/MDT_CRUSHIT_MLOK.png",800,800,false],"1536x1536":["https:\/\/uki3d.pl\/wp-content\/uploads\/2025\/04\/MDT_CRUSHIT_MLOK.png",800,800,false],"2048x2048":["https:\/\/uki3d.pl\/wp-content\/uploads\/2025\/04\/MDT_CRUSHIT_MLOK.png",800,800,false],"trp-custom-language-flag":["https:\/\/uki3d.pl\/wp-content\/uploads\/2025\/04\/MDT_CRUSHIT_MLOK-12x12.png",12,12,true],"woocommerce_thumbnail":["https:\/\/uki3d.pl\/wp-content\/uploads\/2025\/04\/MDT_CRUSHIT_MLOK.png",800,800,false],"woocommerce_single":["https:\/\/uki3d.pl\/wp-content\/uploads\/2025\/04\/MDT_CRUSHIT_MLOK.png",800,800,false],"woocommerce_gallery_thumbnail":["https:\/\/uki3d.pl\/wp-content\/uploads\/2025\/04\/MDT_CRUSHIT_MLOK-100x100.png",100,100,true]},"uagb_author_info":{"display_name":"uki","author_link":"https:\/\/uki3d.pl\/en\/author\/"},"uagb_comment_info":0,"uagb_excerpt":"Adapter k\u0105towy mocuj\u0105cy timer MDT CRUSH IT. Mocowanie adaptera: MLOK &#8211; 2 \u015bruby MLOK w zestawie SPUHR\/LAMBDA PRECISION &#8211; 2 \u015bruby M4 w zestawie Wykonano w technologii druku 3D z PETG-CF (Carbon Fiber).","_links":{"self":[{"href":"https:\/\/uki3d.pl\/en\/wp-json\/wp\/v2\/product\/6729","targetHints":{"allow":["GET"]}}],"collection":[{"href":"https:\/\/uki3d.pl\/en\/wp-json\/wp\/v2\/product"}],"about":[{"href":"https:\/\/uki3d.pl\/en\/wp-json\/wp\/v2\/types\/product"}],"replies":[{"embeddable":true,"href":"https:\/\/uki3d.pl\/en\/wp-json\/wp\/v2\/comments?post=6729"}],"wp:featuredmedia":[{"embeddable":true,"href":"https:\/\/uki3d.pl\/en\/wp-json\/wp\/v2\/media\/6726"}],"wp:attachment":[{"href":"https:\/\/uki3d.pl\/en\/wp-json\/wp\/v2\/media?parent=6729"}],"wp:term":[{"taxonomy":"product_brand","embeddable":true,"href":"https:\/\/uki3d.pl\/en\/wp-json\/wp\/v2\/product_brand?post=6729"},{"taxonomy":"product_cat","embeddable":true,"href":"https:\/\/uki3d.pl\/en\/wp-json\/wp\/v2\/product_cat?post=6729"},{"taxonomy":"product_tag","embeddable":true,"href":"https:\/\/uki3d.pl\/en\/wp-json\/wp\/v2\/product_tag?post=6729"}],"curies":[{"name":"wp","href":"https:\/\/api.w.org\/{rel}","templated":true}]}}