{"id":6748,"date":"2025-04-02T23:18:15","date_gmt":"2025-04-02T21:18:15","guid":{"rendered":"https:\/\/uki3d.pl\/?post_type=product&#038;p=6748"},"modified":"2026-04-09T17:05:04","modified_gmt":"2026-04-09T15:05:04","slug":"mdt-send-it-adapter","status":"publish","type":"product","link":"https:\/\/uki3d.pl\/en\/store\/mdt-send-it-adapter\/","title":{"rendered":"MDT SEND IT &#8211; Adapter"},"content":{"rendered":"<p class=\" translation-block\">Angle adapter for mounting the <strong>MDT LRA \u2013 MV3 \u2013 SEND IT<\/strong> electronic spirit level<\/p>\n<p class=\" translation-block\">The <strong>MDT Picatinny<\/strong> adapter allows you to mount the MDT level to the original Picatinny clamp, which is included in the MDT factory kit. The adapters allow you to mount the MDT level vertically or upside down, and offer three offsets to choose from: 0mm, 5mm, 10mm (see diagrams).<br> <em><strong>Distances in the diagrams are measured from the front of the original MDT Picatinny clamp's mounting socket to the side wall of the bubble level housing.<\/strong><\/em><br> The <strong>SPUHR\/LAMBDA PRECISION<\/strong> adapter allows you to mount the MDT level to the SPUHR\/LAMBDA PRECISION mount in place of the accessory holes.<\/p>\n<p>Info:<\/p>\n<p>&nbsp;<\/p>\n<ul>\n<li class=\" translation-block\"><strong>MDT Picatinny<\/strong> \u2013 2 screws included<\/li>\n<li class=\" translation-block\"><strong>SPUHR\/LAMBDA PRECISION<\/strong>\u00a0 \u2013 2 M4 screws included<\/li>\n<\/ul>\n<p>&nbsp;<\/p>\n<p><strong>Made using 3D printing technology using PETG-CF (Carbon Fiber).<\/strong><\/p>\n<hr \/>","protected":false},"excerpt":{"rendered":"<p>Adapter k\u0105towy mocuj\u0105cy poziomic\u0119 MDT LRA &#8211; MV3 &#8211; SEND IT. Adapter MDT Picatinny pozwala na zamontowanie poziomicy do oryginalnego zacisku Picatinny, kt\u00f3ry jest w zestawie fabrycznym MDT. Adaptery umo\u017cliwiaj\u0105 zamontowanie poziomicy pionowo, &#8222;do g\u00f3ry nogami&#8221; oraz posiadaj\u0105 do wyboru 3 offsety: 0mm, 5mm, 10mm (patrz schematy). Odleg\u0142o\u015bci na schematach mierzone od czo\u0142a gniazda mocuj\u0105cego&#8230;<\/p>","protected":false},"featured_media":6714,"comment_status":"open","ping_status":"closed","template":"","meta":{"_uag_custom_page_level_css":"","_kad_post_transparent":"default","_kad_post_title":"","_kad_post_layout":"default","_kad_post_sidebar_id":"","_kad_post_content_style":"default","_kad_post_vertical_padding":"default","_kad_post_feature":"","_kad_post_feature_position":"","_kad_post_header":false,"_kad_post_footer":false,"_kad_post_classname":""},"product_brand":[],"product_cat":[126],"product_tag":[],"class_list":{"0":"post-6748","1":"product","2":"type-product","3":"status-publish","4":"has-post-thumbnail","6":"product_cat-strzelectwo","7":"product_shipping_class-standard","9":"first","10":"instock","11":"featured","12":"taxable","13":"shipping-taxable","14":"purchasable","15":"product-type-variable","16":"has-default-attributes","17":"entry","18":"content-bg","19":"loop-entry","20":"wpzoom-wc-spi-has-enabled"},"uagb_featured_image_src":{"full":["https:\/\/uki3d.pl\/wp-content\/uploads\/2025\/03\/MDT_SENDIT_PICATINNY_10mm_2.png",800,800,false],"thumbnail":["https:\/\/uki3d.pl\/wp-content\/uploads\/2025\/03\/MDT_SENDIT_PICATINNY_10mm_2.png",96,96,false],"medium":["https:\/\/uki3d.pl\/wp-content\/uploads\/2025\/03\/MDT_SENDIT_PICATINNY_10mm_2.png",800,800,false],"medium_large":["https:\/\/uki3d.pl\/wp-content\/uploads\/2025\/03\/MDT_SENDIT_PICATINNY_10mm_2-768x768.png",768,768,true],"large":["https:\/\/uki3d.pl\/wp-content\/uploads\/2025\/03\/MDT_SENDIT_PICATINNY_10mm_2.png",800,800,false],"1536x1536":["https:\/\/uki3d.pl\/wp-content\/uploads\/2025\/03\/MDT_SENDIT_PICATINNY_10mm_2.png",800,800,false],"2048x2048":["https:\/\/uki3d.pl\/wp-content\/uploads\/2025\/03\/MDT_SENDIT_PICATINNY_10mm_2.png",800,800,false],"trp-custom-language-flag":["https:\/\/uki3d.pl\/wp-content\/uploads\/2025\/03\/MDT_SENDIT_PICATINNY_10mm_2-12x12.png",12,12,true],"woocommerce_thumbnail":["https:\/\/uki3d.pl\/wp-content\/uploads\/2025\/03\/MDT_SENDIT_PICATINNY_10mm_2.png",800,800,false],"woocommerce_single":["https:\/\/uki3d.pl\/wp-content\/uploads\/2025\/03\/MDT_SENDIT_PICATINNY_10mm_2.png",800,800,false],"woocommerce_gallery_thumbnail":["https:\/\/uki3d.pl\/wp-content\/uploads\/2025\/03\/MDT_SENDIT_PICATINNY_10mm_2-100x100.png",100,100,true]},"uagb_author_info":{"display_name":"uki","author_link":"https:\/\/uki3d.pl\/en\/author\/"},"uagb_comment_info":0,"uagb_excerpt":"Adapter k\u0105towy mocuj\u0105cy poziomic\u0119 MDT LRA &#8211; MV3 &#8211; SEND IT. Adapter MDT Picatinny pozwala na zamontowanie poziomicy do oryginalnego zacisku Picatinny, kt\u00f3ry jest w zestawie fabrycznym MDT. Adaptery umo\u017cliwiaj\u0105 zamontowanie poziomicy pionowo, &#8222;do g\u00f3ry nogami&#8221; oraz posiadaj\u0105 do wyboru 3 offsety: 0mm, 5mm, 10mm (patrz schematy). Odleg\u0142o\u015bci na schematach mierzone od czo\u0142a gniazda mocuj\u0105cego...","_links":{"self":[{"href":"https:\/\/uki3d.pl\/en\/wp-json\/wp\/v2\/product\/6748","targetHints":{"allow":["GET"]}}],"collection":[{"href":"https:\/\/uki3d.pl\/en\/wp-json\/wp\/v2\/product"}],"about":[{"href":"https:\/\/uki3d.pl\/en\/wp-json\/wp\/v2\/types\/product"}],"replies":[{"embeddable":true,"href":"https:\/\/uki3d.pl\/en\/wp-json\/wp\/v2\/comments?post=6748"}],"wp:featuredmedia":[{"embeddable":true,"href":"https:\/\/uki3d.pl\/en\/wp-json\/wp\/v2\/media\/6714"}],"wp:attachment":[{"href":"https:\/\/uki3d.pl\/en\/wp-json\/wp\/v2\/media?parent=6748"}],"wp:term":[{"taxonomy":"product_brand","embeddable":true,"href":"https:\/\/uki3d.pl\/en\/wp-json\/wp\/v2\/product_brand?post=6748"},{"taxonomy":"product_cat","embeddable":true,"href":"https:\/\/uki3d.pl\/en\/wp-json\/wp\/v2\/product_cat?post=6748"},{"taxonomy":"product_tag","embeddable":true,"href":"https:\/\/uki3d.pl\/en\/wp-json\/wp\/v2\/product_tag?post=6748"}],"curies":[{"name":"wp","href":"https:\/\/api.w.org\/{rel}","templated":true}]}}