{"id":6774,"date":"2025-04-14T22:46:57","date_gmt":"2025-04-14T20:46:57","guid":{"rendered":"https:\/\/uki3d.pl\/?post_type=product&#038;p=6774"},"modified":"2026-04-02T22:05:05","modified_gmt":"2026-04-02T20:05:05","slug":"barricade-stop-do-osady-mpa-competition-edition","status":"publish","type":"product","link":"https:\/\/uki3d.pl\/en\/store\/barricade-stop-do-osady-mpa-competition-edition\/","title":{"rendered":"Barricade Stop for MPA Competition Edition Chassis"},"content":{"rendered":"<p class=\" translation-block\">Barricade Stop for the <strong>MPA Competition Edition<\/strong> stock. Width matches the stock, height <strong>80mm<\/strong> (if you want a different height \u2013 <a href=\"https:\/\/uki3d.pl\/contact\/\" target=\"_self\">contact<\/a>).<br>\nRemoving the stop from the inside does not interfere with the magazine's easy removal.<br>\nElement filled with <strong>100%<\/strong>. Very strong. It will easily withstand many demanding barricades!<\/p>\n<blockquote><p><em><strong>Zestaw nie zawiera \u015brub!<\/strong><\/em><\/p><\/blockquote>\n<p><strong>Made using 3D printing technology using PETG-CF (Carbon Fiber).<\/strong><\/p>\n<hr \/>","protected":false},"excerpt":{"rendered":"<p>Barricade Stop do osady MPA Competition Edition. Szeroko\u015b\u0107 zgodna z osad\u0105, wysoko\u015b\u0107 80mm (je\u017celi chcesz inn\u0105 &#8211; napisz). Wybranie od wewn\u0119trznej strony nie ingeruje w swobodne wypinanie magazynka. Element o wype\u0142nieniu 100%. Bardzo mocny. Spokojnie wytrzyma nie jedn\u0105 wymagaj\u0105c\u0105 barykad\u0119! Zestaw nie zawiera \u015brub! Wykonano w technologii druku 3D z PETG-CF (Carbon Fiber).<\/p>","protected":false},"featured_media":6778,"comment_status":"open","ping_status":"closed","template":"","meta":{"_uag_custom_page_level_css":"","_kad_post_transparent":"default","_kad_post_title":"","_kad_post_layout":"default","_kad_post_sidebar_id":"","_kad_post_content_style":"default","_kad_post_vertical_padding":"default","_kad_post_feature":"","_kad_post_feature_position":"","_kad_post_header":false,"_kad_post_footer":false,"_kad_post_classname":""},"product_brand":[],"product_cat":[126],"product_tag":[],"class_list":{"0":"post-6774","1":"product","2":"type-product","3":"status-publish","4":"has-post-thumbnail","6":"product_cat-strzelectwo","7":"product_shipping_class-standard","9":"first","10":"instock","11":"featured","12":"taxable","13":"shipping-taxable","14":"purchasable","15":"product-type-simple","16":"entry","17":"content-bg","18":"loop-entry","19":"wpzoom-wc-spi-has-enabled"},"uagb_featured_image_src":{"full":["https:\/\/uki3d.pl\/wp-content\/uploads\/2025\/04\/MPA_CARRICADE_STOP_1.png",800,800,false],"thumbnail":["https:\/\/uki3d.pl\/wp-content\/uploads\/2025\/04\/MPA_CARRICADE_STOP_1.png",96,96,false],"medium":["https:\/\/uki3d.pl\/wp-content\/uploads\/2025\/04\/MPA_CARRICADE_STOP_1.png",800,800,false],"medium_large":["https:\/\/uki3d.pl\/wp-content\/uploads\/2025\/04\/MPA_CARRICADE_STOP_1-768x768.png",768,768,true],"large":["https:\/\/uki3d.pl\/wp-content\/uploads\/2025\/04\/MPA_CARRICADE_STOP_1.png",800,800,false],"1536x1536":["https:\/\/uki3d.pl\/wp-content\/uploads\/2025\/04\/MPA_CARRICADE_STOP_1.png",800,800,false],"2048x2048":["https:\/\/uki3d.pl\/wp-content\/uploads\/2025\/04\/MPA_CARRICADE_STOP_1.png",800,800,false],"trp-custom-language-flag":["https:\/\/uki3d.pl\/wp-content\/uploads\/2025\/04\/MPA_CARRICADE_STOP_1-12x12.png",12,12,true],"woocommerce_thumbnail":["https:\/\/uki3d.pl\/wp-content\/uploads\/2025\/04\/MPA_CARRICADE_STOP_1.png",800,800,false],"woocommerce_single":["https:\/\/uki3d.pl\/wp-content\/uploads\/2025\/04\/MPA_CARRICADE_STOP_1.png",800,800,false],"woocommerce_gallery_thumbnail":["https:\/\/uki3d.pl\/wp-content\/uploads\/2025\/04\/MPA_CARRICADE_STOP_1-100x100.png",100,100,true]},"uagb_author_info":{"display_name":"uki","author_link":"https:\/\/uki3d.pl\/en\/author\/"},"uagb_comment_info":0,"uagb_excerpt":"Barricade Stop do osady MPA Competition Edition. Szeroko\u015b\u0107 zgodna z osad\u0105, wysoko\u015b\u0107 80mm (je\u017celi chcesz inn\u0105 &#8211; napisz). Wybranie od wewn\u0119trznej strony nie ingeruje w swobodne wypinanie magazynka. Element o wype\u0142nieniu 100%. Bardzo mocny. Spokojnie wytrzyma nie jedn\u0105 wymagaj\u0105c\u0105 barykad\u0119! Zestaw nie zawiera \u015brub! Wykonano w technologii druku 3D z PETG-CF (Carbon Fiber).","_links":{"self":[{"href":"https:\/\/uki3d.pl\/en\/wp-json\/wp\/v2\/product\/6774","targetHints":{"allow":["GET"]}}],"collection":[{"href":"https:\/\/uki3d.pl\/en\/wp-json\/wp\/v2\/product"}],"about":[{"href":"https:\/\/uki3d.pl\/en\/wp-json\/wp\/v2\/types\/product"}],"replies":[{"embeddable":true,"href":"https:\/\/uki3d.pl\/en\/wp-json\/wp\/v2\/comments?post=6774"}],"wp:featuredmedia":[{"embeddable":true,"href":"https:\/\/uki3d.pl\/en\/wp-json\/wp\/v2\/media\/6778"}],"wp:attachment":[{"href":"https:\/\/uki3d.pl\/en\/wp-json\/wp\/v2\/media?parent=6774"}],"wp:term":[{"taxonomy":"product_brand","embeddable":true,"href":"https:\/\/uki3d.pl\/en\/wp-json\/wp\/v2\/product_brand?post=6774"},{"taxonomy":"product_cat","embeddable":true,"href":"https:\/\/uki3d.pl\/en\/wp-json\/wp\/v2\/product_cat?post=6774"},{"taxonomy":"product_tag","embeddable":true,"href":"https:\/\/uki3d.pl\/en\/wp-json\/wp\/v2\/product_tag?post=6774"}],"curies":[{"name":"wp","href":"https:\/\/api.w.org\/{rel}","templated":true}]}}