{"id":6952,"date":"2025-04-27T22:59:36","date_gmt":"2025-04-27T20:59:36","guid":{"rendered":"https:\/\/uki3d.pl\/?post_type=product&#038;p=6952"},"modified":"2026-04-10T14:24:24","modified_gmt":"2026-04-10T12:24:24","slug":"sg-pulse-obejma-ze-swiatlowodem-pod-okular-lunety","status":"publish","type":"product","link":"https:\/\/uki3d.pl\/en\/store\/sg-pulse-obejma-ze-swiatlowodem-pod-okular-lunety\/","title":{"rendered":"SG PULSE \u2013 Fiber optic clamp for the scope eyepiece"},"content":{"rendered":"<p class=\" translation-block\">A clamp that transfers the readings of the <strong>SG PULSE<\/strong> electronic level to the scope's eyepiece. It allows you to focus on the target and simultaneously correct the rifle's cant without taking your eyes off the reticle!<br>\nEquipped with a 1.5mm internal diameter fiber optic cable mounted to the clamp's button, which slides on and locks with an M2 screw.<br>\nThe housing is made with a perfect fit!<br>\nThe clamp's button is made of a <strong>transparent<\/strong> material that transmits (and even smoothes) the light from the level's reading! <strong><br>Effortless button manipulation!<\/strong><\/p>\n<p>Info:<\/p>\n<ul>\n<li class=\" translation-block\">Eyepiece clamp width \u2013 <strong>16mm<\/strong><\/li>\n<li class=\" translation-block\">Eyepiece clamp diameter \u2013 <strong>self-adjusting<\/strong><\/li>\n<li class=\" translation-block\">Fiber optic length \u2013 <strong>any!<\/strong><\/li>\n<\/ul>\n<p>Included in the set:<\/p>\n<ul>\n<li>Clamp for SG PULSE<\/li>\n<li>Eyepiece clamp with optical fibers<\/li>\n<li>O-rings (several sizes) for attaching the clamp<\/li>\n<\/ul>\n<p>&nbsp;<\/p>\n<blockquote><p><span style=\"color: #ff0000;\"><em><strong>NOTE! The optical fiber is quite stiff and if it presses the button on its own, it must be cut, 2mm of insulation removed and reinstalled in the button!<\/strong><\/em><\/span><\/p><\/blockquote>\n<blockquote><p><span style=\"color: #ff0000;\"><em><strong>When ordering, please write in the \"Fiber optic length\" field what length the fiber optic cables should be (measured from the front of the clamp to the face of the level +5mm)!<\/strong><\/em><\/span><\/p><\/blockquote>\n<blockquote>\n<p style=\"text-align: left;\"><span style=\"color: #000000;\"><em><strong>Adaptery do monta\u017cu obejmy dost\u0119pne w sklepie &#8211;\u00a0<a href=\"https:\/\/uki3d.pl\/store\/sg-pulse-adapter\/\">LINK<\/a><\/strong><\/em><\/span><\/p>\n<\/blockquote>\n<blockquote><p><span style=\"color: #000000;\"><em><strong>Istnieje mo\u017cliwo\u015b\u0107 wykonania monta\u017cu do dowolnego miejsca na osadzie &#8211; <a href=\"https:\/\/uki3d.pl\/contact\/\">email me<\/a><\/strong><br \/>\n<\/em><\/span><\/p><\/blockquote>\n<p>&nbsp;<\/p>\n<p><strong>Made using 3D printing technology using PETG-CF (Carbon Fiber).<\/strong><\/p>\n<hr \/>","protected":false},"excerpt":{"rendered":"<p>Obejma przenosz\u0105ca wskazania poziomicy elektronicznej SG PULSE pod okular lunety. Pozwala na skoncentrowanie si\u0119 na celu i jednoczesnym korygowaniu przechy\u0142u karabinu bez odrywania wzroku od krzy\u017ca celowniczego! Wyposa\u017cona w \u015bwiat\u0142ow\u00f3d o \u015brednicy wewn\u0119trznej 1.5mm zamontowanego do przycisku w obejmie, kt\u00f3r\u0105 nasuwa si\u0119 i kontruje \u015brubk\u0105 M2. Obudowa wykonana z idealnym pasowaniem! Przycisk obejmy wykonany z&#8230;<\/p>","protected":false},"featured_media":6950,"comment_status":"open","ping_status":"closed","template":"","meta":{"_uag_custom_page_level_css":"","_kad_post_transparent":"default","_kad_post_title":"","_kad_post_layout":"default","_kad_post_sidebar_id":"","_kad_post_content_style":"default","_kad_post_vertical_padding":"default","_kad_post_feature":"","_kad_post_feature_position":"","_kad_post_header":false,"_kad_post_footer":false,"_kad_post_classname":""},"product_brand":[],"product_cat":[126],"product_tag":[],"class_list":{"0":"post-6952","1":"product","2":"type-product","3":"status-publish","4":"has-post-thumbnail","6":"product_cat-strzelectwo","7":"product_shipping_class-standard","9":"first","10":"instock","11":"featured","12":"taxable","13":"shipping-taxable","14":"purchasable","15":"product-type-simple","16":"entry","17":"content-bg","18":"loop-entry","19":"wpzoom-wc-spi-has-enabled"},"uagb_featured_image_src":{"full":["https:\/\/uki3d.pl\/wp-content\/uploads\/2025\/04\/d5b7ab74.png",800,800,false],"thumbnail":["https:\/\/uki3d.pl\/wp-content\/uploads\/2025\/04\/d5b7ab74.png",96,96,false],"medium":["https:\/\/uki3d.pl\/wp-content\/uploads\/2025\/04\/d5b7ab74.png",800,800,false],"medium_large":["https:\/\/uki3d.pl\/wp-content\/uploads\/2025\/04\/d5b7ab74-768x768.png",768,768,true],"large":["https:\/\/uki3d.pl\/wp-content\/uploads\/2025\/04\/d5b7ab74.png",800,800,false],"1536x1536":["https:\/\/uki3d.pl\/wp-content\/uploads\/2025\/04\/d5b7ab74.png",800,800,false],"2048x2048":["https:\/\/uki3d.pl\/wp-content\/uploads\/2025\/04\/d5b7ab74.png",800,800,false],"trp-custom-language-flag":["https:\/\/uki3d.pl\/wp-content\/uploads\/2025\/04\/d5b7ab74-12x12.png",12,12,true],"woocommerce_thumbnail":["https:\/\/uki3d.pl\/wp-content\/uploads\/2025\/04\/d5b7ab74.png",800,800,false],"woocommerce_single":["https:\/\/uki3d.pl\/wp-content\/uploads\/2025\/04\/d5b7ab74.png",800,800,false],"woocommerce_gallery_thumbnail":["https:\/\/uki3d.pl\/wp-content\/uploads\/2025\/04\/d5b7ab74-100x100.png",100,100,true]},"uagb_author_info":{"display_name":"uki","author_link":"https:\/\/uki3d.pl\/en\/author\/"},"uagb_comment_info":0,"uagb_excerpt":"Obejma przenosz\u0105ca wskazania poziomicy elektronicznej SG PULSE pod okular lunety. Pozwala na skoncentrowanie si\u0119 na celu i jednoczesnym korygowaniu przechy\u0142u karabinu bez odrywania wzroku od krzy\u017ca celowniczego! Wyposa\u017cona w \u015bwiat\u0142ow\u00f3d o \u015brednicy wewn\u0119trznej 1.5mm zamontowanego do przycisku w obejmie, kt\u00f3r\u0105 nasuwa si\u0119 i kontruje \u015brubk\u0105 M2. Obudowa wykonana z idealnym pasowaniem! Przycisk obejmy wykonany z...","_links":{"self":[{"href":"https:\/\/uki3d.pl\/en\/wp-json\/wp\/v2\/product\/6952","targetHints":{"allow":["GET"]}}],"collection":[{"href":"https:\/\/uki3d.pl\/en\/wp-json\/wp\/v2\/product"}],"about":[{"href":"https:\/\/uki3d.pl\/en\/wp-json\/wp\/v2\/types\/product"}],"replies":[{"embeddable":true,"href":"https:\/\/uki3d.pl\/en\/wp-json\/wp\/v2\/comments?post=6952"}],"wp:featuredmedia":[{"embeddable":true,"href":"https:\/\/uki3d.pl\/en\/wp-json\/wp\/v2\/media\/6950"}],"wp:attachment":[{"href":"https:\/\/uki3d.pl\/en\/wp-json\/wp\/v2\/media?parent=6952"}],"wp:term":[{"taxonomy":"product_brand","embeddable":true,"href":"https:\/\/uki3d.pl\/en\/wp-json\/wp\/v2\/product_brand?post=6952"},{"taxonomy":"product_cat","embeddable":true,"href":"https:\/\/uki3d.pl\/en\/wp-json\/wp\/v2\/product_cat?post=6952"},{"taxonomy":"product_tag","embeddable":true,"href":"https:\/\/uki3d.pl\/en\/wp-json\/wp\/v2\/product_tag?post=6952"}],"curies":[{"name":"wp","href":"https:\/\/api.w.org\/{rel}","templated":true}]}}