{"id":6954,"date":"2025-04-27T23:18:56","date_gmt":"2025-04-27T21:18:56","guid":{"rendered":"https:\/\/uki3d.pl\/?post_type=product&#038;p=6954"},"modified":"2026-04-09T17:05:04","modified_gmt":"2026-04-09T15:05:04","slug":"sg-pulse-adapter","status":"publish","type":"product","link":"https:\/\/uki3d.pl\/en\/store\/sg-pulse-adapter\/","title":{"rendered":"SG PULSE &#8211; Adapter"},"content":{"rendered":"<p class=\" translation-block\"><strong>SG PULSE<\/strong> mounting adapter<\/p>\n<p>Info:<\/p>\n<ul>\n<strong><\/p>\n<li class=\" translation-block\"><strong><strong>SPUHR<\/strong> \u2013 2 \u015bruby M4 w zestawie<br>\r\n<\/strong><\/strong>, pozwala na zamontowanie poziomicy do monta\u017cu SPUHR w miejsce otwor\u00f3w akcesoryjnych.\n<li class=\" translation-block\"><strong>MLOK<\/strong> \u2013 2 MLOK screws included<\/strong>, allows you to mount the <strong>SG PULSE<\/strong> to MLOK slot.<\/li>\n<\/ul>\n<p class=\" translation-block\"><strong>After installing the spirit level, calibrate it according to the manufacturer's instructions.<\/strong><br>\n<br>\n<strong>Made using 3D printing technology from PETG-CF (Carbon Fiber).<\/strong><\/p>\n<hr>","protected":false},"excerpt":{"rendered":"<p>Adapter mocuj\u0105cy poziomic\u0119 SG PULSE. Info: SPUHR &#8211; 2 \u015bruby M4 w zestawie, pozwala na zamontowanie poziomicy do monta\u017cu SPUHR w miejsce otwor\u00f3w akcesoryjnych. MLOK &#8211; 2 \u015bruby MLOK w zestawie, pozwala na zamontowanie poziomicy do slotu MLOK. Po zamontowaniu poziomicy nale\u017cy przeprowadzi\u0107 kalibracj\u0119 zgodnie z instrukcjami producenta. Wykonano w technologii druku 3D z PETG-CF&#8230;<\/p>","protected":false},"featured_media":6961,"comment_status":"open","ping_status":"closed","template":"","meta":{"_uag_custom_page_level_css":"","_kad_post_transparent":"default","_kad_post_title":"","_kad_post_layout":"default","_kad_post_sidebar_id":"","_kad_post_content_style":"default","_kad_post_vertical_padding":"default","_kad_post_feature":"","_kad_post_feature_position":"","_kad_post_header":false,"_kad_post_footer":false,"_kad_post_classname":""},"product_brand":[],"product_cat":[126],"product_tag":[],"class_list":{"0":"post-6954","1":"product","2":"type-product","3":"status-publish","4":"has-post-thumbnail","6":"product_cat-strzelectwo","7":"product_shipping_class-standard","9":"first","10":"instock","11":"featured","12":"taxable","13":"shipping-taxable","14":"purchasable","15":"product-type-variable","16":"has-default-attributes","17":"entry","18":"content-bg","19":"loop-entry","20":"wpzoom-wc-spi-has-enabled"},"uagb_featured_image_src":{"full":["https:\/\/uki3d.pl\/wp-content\/uploads\/2025\/04\/1f863d77.png",800,800,false],"thumbnail":["https:\/\/uki3d.pl\/wp-content\/uploads\/2025\/04\/1f863d77.png",96,96,false],"medium":["https:\/\/uki3d.pl\/wp-content\/uploads\/2025\/04\/1f863d77.png",800,800,false],"medium_large":["https:\/\/uki3d.pl\/wp-content\/uploads\/2025\/04\/1f863d77-768x768.png",768,768,true],"large":["https:\/\/uki3d.pl\/wp-content\/uploads\/2025\/04\/1f863d77.png",800,800,false],"1536x1536":["https:\/\/uki3d.pl\/wp-content\/uploads\/2025\/04\/1f863d77.png",800,800,false],"2048x2048":["https:\/\/uki3d.pl\/wp-content\/uploads\/2025\/04\/1f863d77.png",800,800,false],"trp-custom-language-flag":["https:\/\/uki3d.pl\/wp-content\/uploads\/2025\/04\/1f863d77-12x12.png",12,12,true],"woocommerce_thumbnail":["https:\/\/uki3d.pl\/wp-content\/uploads\/2025\/04\/1f863d77.png",800,800,false],"woocommerce_single":["https:\/\/uki3d.pl\/wp-content\/uploads\/2025\/04\/1f863d77.png",800,800,false],"woocommerce_gallery_thumbnail":["https:\/\/uki3d.pl\/wp-content\/uploads\/2025\/04\/1f863d77-100x100.png",100,100,true]},"uagb_author_info":{"display_name":"uki","author_link":"https:\/\/uki3d.pl\/en\/author\/"},"uagb_comment_info":0,"uagb_excerpt":"Adapter mocuj\u0105cy poziomic\u0119 SG PULSE. Info: SPUHR &#8211; 2 \u015bruby M4 w zestawie, pozwala na zamontowanie poziomicy do monta\u017cu SPUHR w miejsce otwor\u00f3w akcesoryjnych. MLOK &#8211; 2 \u015bruby MLOK w zestawie, pozwala na zamontowanie poziomicy do slotu MLOK. Po zamontowaniu poziomicy nale\u017cy przeprowadzi\u0107 kalibracj\u0119 zgodnie z instrukcjami producenta. Wykonano w technologii druku 3D z PETG-CF...","_links":{"self":[{"href":"https:\/\/uki3d.pl\/en\/wp-json\/wp\/v2\/product\/6954","targetHints":{"allow":["GET"]}}],"collection":[{"href":"https:\/\/uki3d.pl\/en\/wp-json\/wp\/v2\/product"}],"about":[{"href":"https:\/\/uki3d.pl\/en\/wp-json\/wp\/v2\/types\/product"}],"replies":[{"embeddable":true,"href":"https:\/\/uki3d.pl\/en\/wp-json\/wp\/v2\/comments?post=6954"}],"wp:featuredmedia":[{"embeddable":true,"href":"https:\/\/uki3d.pl\/en\/wp-json\/wp\/v2\/media\/6961"}],"wp:attachment":[{"href":"https:\/\/uki3d.pl\/en\/wp-json\/wp\/v2\/media?parent=6954"}],"wp:term":[{"taxonomy":"product_brand","embeddable":true,"href":"https:\/\/uki3d.pl\/en\/wp-json\/wp\/v2\/product_brand?post=6954"},{"taxonomy":"product_cat","embeddable":true,"href":"https:\/\/uki3d.pl\/en\/wp-json\/wp\/v2\/product_cat?post=6954"},{"taxonomy":"product_tag","embeddable":true,"href":"https:\/\/uki3d.pl\/en\/wp-json\/wp\/v2\/product_tag?post=6954"}],"curies":[{"name":"wp","href":"https:\/\/api.w.org\/{rel}","templated":true}]}}