{"id":7048,"date":"2025-05-21T23:53:32","date_gmt":"2025-05-21T21:53:32","guid":{"rendered":"https:\/\/uki3d.pl\/?post_type=product&#038;p=7048"},"modified":"2026-04-02T22:05:05","modified_gmt":"2026-04-02T20:05:05","slug":"przedluzenie-2-do-magazynka-bergara-22-lr","status":"publish","type":"product","link":"https:\/\/uki3d.pl\/en\/store\/przedluzenie-2-do-magazynka-bergara-22-lr\/","title":{"rendered":"+2 extension for Bergara .22 LR magazine"},"content":{"rendered":"<p class=\" translation-block\">+2 magazine extension for the <strong>Bergara 0.22 LR<\/strong> magazine. The set consists of two elements: an internal ammo channel extension and an external housing. The original buttplate is used for assembly.<\/p>\n<blockquote><p><em><strong>The extension allows you to increase the amount of ammo by 2 rounds. There is room for +3 rounds, but I strongly do not recommend it, because the spring may not be able to feed the last rounds after some time!<\/strong><\/em><\/p><\/blockquote>\n<p class=\" translation-block\">Installation:<br>\nSlide the housing onto the magazine and insert the internal ammo guide at an angle. Press firmly. The rest of the procedure is the same as the original.<\/p>\n<div style=\"width: 1300px;\" class=\"wp-video\"><video class=\"wp-video-shortcode\" id=\"video-7048-1\" width=\"1300\" height=\"731\" preload=\"metadata\" controls=\"controls\"><source type=\"video\/webm\" src=\"https:\/\/uki3d.pl\/wp-content\/uploads\/2025\/05\/BERGARA_22LR_MAG_EXTENSION.webm?_=1\" \/><a href=\"https:\/\/uki3d.pl\/wp-content\/uploads\/2025\/05\/BERGARA_22LR_MAG_EXTENSION.webm\">https:\/\/uki3d.pl\/wp-content\/uploads\/2025\/05\/BERGARA_22LR_MAG_EXTENSION.webm<\/a><\/video><\/div>\n<p><strong>Made using 3D printing technology using PETG-CF (Carbon Fiber).<\/strong><\/p>\n<hr \/>","protected":false},"excerpt":{"rendered":"<p>Przed\u0142u\u017cenie +2 magazynka do magazynka Bergara 0.22 LR. Komplet sk\u0142ada si\u0119 z 2 element\u00f3w: przed\u0142u\u017cenia wewn\u0119trznego prowadzenia ammo i obudowy zewn\u0119trznej. Do monta\u017cu wykorzystujemy oryginaln\u0105 stopk\u0119. Przed\u0142u\u017cenie pozwala na zwi\u0119kszenie ilo\u015bci ammo o 2 szt. Jest miejsce na +3 szt. ale stanowczo tego nie zalecam, poniewa\u017c spr\u0119\u017cyna mo\u017ce po jakim\u015b czasie nie dosy\u0142a\u0107 ostatnich naboj\u00f3w!&#8230;<\/p>","protected":false},"featured_media":7051,"comment_status":"open","ping_status":"closed","template":"","meta":{"_uag_custom_page_level_css":"","_kad_post_transparent":"default","_kad_post_title":"","_kad_post_layout":"default","_kad_post_sidebar_id":"","_kad_post_content_style":"default","_kad_post_vertical_padding":"default","_kad_post_feature":"","_kad_post_feature_position":"","_kad_post_header":false,"_kad_post_footer":false,"_kad_post_classname":""},"product_brand":[],"product_cat":[126],"product_tag":[],"class_list":{"0":"post-7048","1":"product","2":"type-product","3":"status-publish","4":"has-post-thumbnail","6":"product_cat-strzelectwo","7":"product_shipping_class-standard","9":"first","10":"outofstock","11":"featured","12":"taxable","13":"shipping-taxable","14":"purchasable","15":"product-type-simple","16":"entry","17":"content-bg","18":"loop-entry","19":"wpzoom-wc-spi-has-enabled"},"uagb_featured_image_src":{"full":["https:\/\/uki3d.pl\/wp-content\/uploads\/2025\/05\/BERGARA_22LR_MAG_EX_1.png",800,800,false],"thumbnail":["https:\/\/uki3d.pl\/wp-content\/uploads\/2025\/05\/BERGARA_22LR_MAG_EX_1.png",96,96,false],"medium":["https:\/\/uki3d.pl\/wp-content\/uploads\/2025\/05\/BERGARA_22LR_MAG_EX_1.png",800,800,false],"medium_large":["https:\/\/uki3d.pl\/wp-content\/uploads\/2025\/05\/BERGARA_22LR_MAG_EX_1-768x768.png",768,768,true],"large":["https:\/\/uki3d.pl\/wp-content\/uploads\/2025\/05\/BERGARA_22LR_MAG_EX_1.png",800,800,false],"1536x1536":["https:\/\/uki3d.pl\/wp-content\/uploads\/2025\/05\/BERGARA_22LR_MAG_EX_1.png",800,800,false],"2048x2048":["https:\/\/uki3d.pl\/wp-content\/uploads\/2025\/05\/BERGARA_22LR_MAG_EX_1.png",800,800,false],"trp-custom-language-flag":["https:\/\/uki3d.pl\/wp-content\/uploads\/2025\/05\/BERGARA_22LR_MAG_EX_1-12x12.png",12,12,true],"woocommerce_thumbnail":["https:\/\/uki3d.pl\/wp-content\/uploads\/2025\/05\/BERGARA_22LR_MAG_EX_1.png",800,800,false],"woocommerce_single":["https:\/\/uki3d.pl\/wp-content\/uploads\/2025\/05\/BERGARA_22LR_MAG_EX_1.png",800,800,false],"woocommerce_gallery_thumbnail":["https:\/\/uki3d.pl\/wp-content\/uploads\/2025\/05\/BERGARA_22LR_MAG_EX_1-100x100.png",100,100,true]},"uagb_author_info":{"display_name":"uki","author_link":"https:\/\/uki3d.pl\/en\/author\/"},"uagb_comment_info":0,"uagb_excerpt":"Przed\u0142u\u017cenie +2 magazynka do magazynka Bergara 0.22 LR. Komplet sk\u0142ada si\u0119 z 2 element\u00f3w: przed\u0142u\u017cenia wewn\u0119trznego prowadzenia ammo i obudowy zewn\u0119trznej. Do monta\u017cu wykorzystujemy oryginaln\u0105 stopk\u0119. Przed\u0142u\u017cenie pozwala na zwi\u0119kszenie ilo\u015bci ammo o 2 szt. Jest miejsce na +3 szt. ale stanowczo tego nie zalecam, poniewa\u017c spr\u0119\u017cyna mo\u017ce po jakim\u015b czasie nie dosy\u0142a\u0107 ostatnich naboj\u00f3w!...","_links":{"self":[{"href":"https:\/\/uki3d.pl\/en\/wp-json\/wp\/v2\/product\/7048","targetHints":{"allow":["GET"]}}],"collection":[{"href":"https:\/\/uki3d.pl\/en\/wp-json\/wp\/v2\/product"}],"about":[{"href":"https:\/\/uki3d.pl\/en\/wp-json\/wp\/v2\/types\/product"}],"replies":[{"embeddable":true,"href":"https:\/\/uki3d.pl\/en\/wp-json\/wp\/v2\/comments?post=7048"}],"wp:featuredmedia":[{"embeddable":true,"href":"https:\/\/uki3d.pl\/en\/wp-json\/wp\/v2\/media\/7051"}],"wp:attachment":[{"href":"https:\/\/uki3d.pl\/en\/wp-json\/wp\/v2\/media?parent=7048"}],"wp:term":[{"taxonomy":"product_brand","embeddable":true,"href":"https:\/\/uki3d.pl\/en\/wp-json\/wp\/v2\/product_brand?post=7048"},{"taxonomy":"product_cat","embeddable":true,"href":"https:\/\/uki3d.pl\/en\/wp-json\/wp\/v2\/product_cat?post=7048"},{"taxonomy":"product_tag","embeddable":true,"href":"https:\/\/uki3d.pl\/en\/wp-json\/wp\/v2\/product_tag?post=7048"}],"curies":[{"name":"wp","href":"https:\/\/api.w.org\/{rel}","templated":true}]}}