{"id":7109,"date":"2025-06-17T20:09:58","date_gmt":"2025-06-17T18:09:58","guid":{"rendered":"https:\/\/uki3d.pl\/?post_type=product&#038;p=7109"},"modified":"2026-04-02T22:05:05","modified_gmt":"2026-04-02T20:05:05","slug":"plozy-do-bipodu-accu-tac","status":"publish","type":"product","link":"https:\/\/uki3d.pl\/en\/store\/plozy-do-bipodu-accu-tac\/","title":{"rendered":"ACCU TAC Bipod Skids"},"content":{"rendered":"<p class=\" translation-block\"><strong>ACCU TAC<\/strong> Bipod Skids. Perfectly matched to the shape of the bipod feet. Thick grooved bottom.<br>\nPrinted with 100% infill \u2013 very strong.<br>\nIncludes 2 skids and 2 imperial mounting screws.<\/p>\n<p>Info:<\/p>\n<ul>\n<li>Length - 120mm\n<li>Length of contact with the ground \u2013 80mm\n<li class=\" translation-block\">Width \u2013 <strong>40mm<\/strong><li>Thickness \u2013 8mm\n<li>Weight \u2013 with screws \u2013 110g\n<\/li>\n<\/ul>\n<p><strong>Made using 3D printing technology using PETG-CF (Carbon Fiber).<\/strong><\/p>\n<hr \/>","protected":false},"excerpt":{"rendered":"<p>P\u0142ozy do bipodu ACCU TAC. Idealnie dopasowane do kszta\u0142tu stopek bipodu. Od spodu grube ryflowanie. Drukowane z wype\u0142nieniem 100% &#8211; bardzo mocne. W zestawie 2 p\u0142ozy i 2 \u015bruby mocuj\u0105ce, imperialne. Info: D\u0142ugo\u015b\u0107 ca\u0142kowita &#8211; 120mm D\u0142ugo\u015b\u0107 styku z pod\u0142o\u017cem &#8211; 80mm Szeroko\u015b\u0107 &#8211; 40mm Grubo\u015b\u0107 &#8211; 8mm Waga &#8211; ze \u015brubami &#8211; 110g Wykonano&#8230;<\/p>","protected":false},"featured_media":7108,"comment_status":"open","ping_status":"closed","template":"","meta":{"_uag_custom_page_level_css":"","_kad_post_transparent":"default","_kad_post_title":"","_kad_post_layout":"default","_kad_post_sidebar_id":"","_kad_post_content_style":"default","_kad_post_vertical_padding":"default","_kad_post_feature":"","_kad_post_feature_position":"","_kad_post_header":false,"_kad_post_footer":false,"_kad_post_classname":""},"product_brand":[],"product_cat":[126],"product_tag":[],"class_list":{"0":"post-7109","1":"product","2":"type-product","3":"status-publish","4":"has-post-thumbnail","6":"product_cat-strzelectwo","7":"product_shipping_class-standard","9":"first","10":"instock","11":"featured","12":"taxable","13":"shipping-taxable","14":"purchasable","15":"product-type-simple","16":"entry","17":"content-bg","18":"loop-entry","19":"wpzoom-wc-spi-has-enabled"},"uagb_featured_image_src":{"full":["https:\/\/uki3d.pl\/wp-content\/uploads\/2025\/06\/ACCUTAC_BIPOD_FOOT_1.png",800,800,false],"thumbnail":["https:\/\/uki3d.pl\/wp-content\/uploads\/2025\/06\/ACCUTAC_BIPOD_FOOT_1.png",96,96,false],"medium":["https:\/\/uki3d.pl\/wp-content\/uploads\/2025\/06\/ACCUTAC_BIPOD_FOOT_1.png",800,800,false],"medium_large":["https:\/\/uki3d.pl\/wp-content\/uploads\/2025\/06\/ACCUTAC_BIPOD_FOOT_1-768x768.png",768,768,true],"large":["https:\/\/uki3d.pl\/wp-content\/uploads\/2025\/06\/ACCUTAC_BIPOD_FOOT_1.png",800,800,false],"1536x1536":["https:\/\/uki3d.pl\/wp-content\/uploads\/2025\/06\/ACCUTAC_BIPOD_FOOT_1.png",800,800,false],"2048x2048":["https:\/\/uki3d.pl\/wp-content\/uploads\/2025\/06\/ACCUTAC_BIPOD_FOOT_1.png",800,800,false],"trp-custom-language-flag":["https:\/\/uki3d.pl\/wp-content\/uploads\/2025\/06\/ACCUTAC_BIPOD_FOOT_1-12x12.png",12,12,true],"woocommerce_thumbnail":["https:\/\/uki3d.pl\/wp-content\/uploads\/2025\/06\/ACCUTAC_BIPOD_FOOT_1.png",800,800,false],"woocommerce_single":["https:\/\/uki3d.pl\/wp-content\/uploads\/2025\/06\/ACCUTAC_BIPOD_FOOT_1.png",800,800,false],"woocommerce_gallery_thumbnail":["https:\/\/uki3d.pl\/wp-content\/uploads\/2025\/06\/ACCUTAC_BIPOD_FOOT_1-100x100.png",100,100,true]},"uagb_author_info":{"display_name":"uki","author_link":"https:\/\/uki3d.pl\/en\/author\/"},"uagb_comment_info":0,"uagb_excerpt":"P\u0142ozy do bipodu ACCU TAC. Idealnie dopasowane do kszta\u0142tu stopek bipodu. Od spodu grube ryflowanie. Drukowane z wype\u0142nieniem 100% &#8211; bardzo mocne. W zestawie 2 p\u0142ozy i 2 \u015bruby mocuj\u0105ce, imperialne. Info: D\u0142ugo\u015b\u0107 ca\u0142kowita &#8211; 120mm D\u0142ugo\u015b\u0107 styku z pod\u0142o\u017cem &#8211; 80mm Szeroko\u015b\u0107 &#8211; 40mm Grubo\u015b\u0107 &#8211; 8mm Waga &#8211; ze \u015brubami &#8211; 110g Wykonano...","_links":{"self":[{"href":"https:\/\/uki3d.pl\/en\/wp-json\/wp\/v2\/product\/7109","targetHints":{"allow":["GET"]}}],"collection":[{"href":"https:\/\/uki3d.pl\/en\/wp-json\/wp\/v2\/product"}],"about":[{"href":"https:\/\/uki3d.pl\/en\/wp-json\/wp\/v2\/types\/product"}],"replies":[{"embeddable":true,"href":"https:\/\/uki3d.pl\/en\/wp-json\/wp\/v2\/comments?post=7109"}],"wp:featuredmedia":[{"embeddable":true,"href":"https:\/\/uki3d.pl\/en\/wp-json\/wp\/v2\/media\/7108"}],"wp:attachment":[{"href":"https:\/\/uki3d.pl\/en\/wp-json\/wp\/v2\/media?parent=7109"}],"wp:term":[{"taxonomy":"product_brand","embeddable":true,"href":"https:\/\/uki3d.pl\/en\/wp-json\/wp\/v2\/product_brand?post=7109"},{"taxonomy":"product_cat","embeddable":true,"href":"https:\/\/uki3d.pl\/en\/wp-json\/wp\/v2\/product_cat?post=7109"},{"taxonomy":"product_tag","embeddable":true,"href":"https:\/\/uki3d.pl\/en\/wp-json\/wp\/v2\/product_tag?post=7109"}],"curies":[{"name":"wp","href":"https:\/\/api.w.org\/{rel}","templated":true}]}}