{"id":7265,"date":"2025-10-22T20:31:52","date_gmt":"2025-10-22T18:31:52","guid":{"rendered":"https:\/\/uki3d.pl\/?post_type=product&#038;p=7265"},"modified":"2026-04-02T22:05:05","modified_gmt":"2026-04-02T20:05:05","slug":"wkladka-jednostrzalowa-tikka-t3x-a1-223-rem","status":"publish","type":"product","link":"https:\/\/uki3d.pl\/en\/store\/wkladka-jednostrzalowa-tikka-t3x-a1-223-rem\/","title":{"rendered":"Single-shot tray \u2013 TIKKA T3X A1 .223 Rem"},"content":{"rendered":"<p class=\" translation-block\">Single-shot tray adapted only for the <strong>.223 Rem<\/strong> TIKKA T3X A1 magazine!<\/p>\n<p class=\" translation-block\">The insert makes loading a single round into the chamber during competition much easier. Designed for the <strong>TIKKA .223 Rem magazine.<\/strong><br>\nVery easy to install and remove the insert! Grooved material on the back of the insert makes feeding the cartridge much easier!<\/p>\n<p class=\" translation-block\">If you are looking for a <strong>6.5 Creedmoor<\/strong> single-shot tray, it is <a href=\"https:\/\/uki3d.pl\/store\/wkladka-jednostrzalowa-tikka-t3x-a1-6-5-creedmoor-223-rem\/\" target=\"_self\"><strong>HERE<\/strong><\/a>.<\/p>\n<p><strong>Made using 3D printing technology using PETG-CF (Carbon Fiber).<\/strong><\/p>\n<hr>","protected":false},"excerpt":{"rendered":"<p>Wk\u0142adka jednostrza\u0142owa przystosowana tylko do magazynka .223 Rem TIKKA T3X A1! Wk\u0142adka znacznie u\u0142atwia pojedyncze \u0142adowanie naboju do komory podczas zawod\u00f3w. Zaprojektowana do magazynka TIKKA .223 Rem! Bardzo \u0142atwy monta\u017c i demonta\u017c wk\u0142adki! Wybranie materia\u0142u z ty\u0142u wk\u0142adki znacznie u\u0142atwia podawanie naboju! Je\u017celi szukasz wk\u0142adki do magazynka 6.5 Creedmoor to jest ona TUTAJ. Wykonano w&#8230;<\/p>","protected":false},"featured_media":7268,"comment_status":"open","ping_status":"closed","template":"","meta":{"_uag_custom_page_level_css":"","_kad_post_transparent":"default","_kad_post_title":"","_kad_post_layout":"default","_kad_post_sidebar_id":"","_kad_post_content_style":"default","_kad_post_vertical_padding":"default","_kad_post_feature":"","_kad_post_feature_position":"","_kad_post_header":false,"_kad_post_footer":false,"_kad_post_classname":""},"product_brand":[],"product_cat":[126],"product_tag":[],"class_list":{"0":"post-7265","1":"product","2":"type-product","3":"status-publish","4":"has-post-thumbnail","6":"product_cat-strzelectwo","7":"product_shipping_class-standard","9":"first","10":"instock","11":"featured","12":"taxable","13":"shipping-taxable","14":"purchasable","15":"product-type-simple","16":"entry","17":"content-bg","18":"loop-entry","19":"wpzoom-wc-spi-has-enabled"},"uagb_featured_image_src":{"full":["https:\/\/uki3d.pl\/wp-content\/uploads\/2025\/10\/223_SINGLE_SHOT_TRAY_TIKKA_T3X_A1_2.png",800,800,false],"thumbnail":["https:\/\/uki3d.pl\/wp-content\/uploads\/2025\/10\/223_SINGLE_SHOT_TRAY_TIKKA_T3X_A1_2.png",96,96,false],"medium":["https:\/\/uki3d.pl\/wp-content\/uploads\/2025\/10\/223_SINGLE_SHOT_TRAY_TIKKA_T3X_A1_2.png",800,800,false],"medium_large":["https:\/\/uki3d.pl\/wp-content\/uploads\/2025\/10\/223_SINGLE_SHOT_TRAY_TIKKA_T3X_A1_2-768x768.png",768,768,true],"large":["https:\/\/uki3d.pl\/wp-content\/uploads\/2025\/10\/223_SINGLE_SHOT_TRAY_TIKKA_T3X_A1_2.png",800,800,false],"1536x1536":["https:\/\/uki3d.pl\/wp-content\/uploads\/2025\/10\/223_SINGLE_SHOT_TRAY_TIKKA_T3X_A1_2.png",800,800,false],"2048x2048":["https:\/\/uki3d.pl\/wp-content\/uploads\/2025\/10\/223_SINGLE_SHOT_TRAY_TIKKA_T3X_A1_2.png",800,800,false],"trp-custom-language-flag":["https:\/\/uki3d.pl\/wp-content\/uploads\/2025\/10\/223_SINGLE_SHOT_TRAY_TIKKA_T3X_A1_2-12x12.png",12,12,true],"woocommerce_thumbnail":["https:\/\/uki3d.pl\/wp-content\/uploads\/2025\/10\/223_SINGLE_SHOT_TRAY_TIKKA_T3X_A1_2.png",800,800,false],"woocommerce_single":["https:\/\/uki3d.pl\/wp-content\/uploads\/2025\/10\/223_SINGLE_SHOT_TRAY_TIKKA_T3X_A1_2.png",800,800,false],"woocommerce_gallery_thumbnail":["https:\/\/uki3d.pl\/wp-content\/uploads\/2025\/10\/223_SINGLE_SHOT_TRAY_TIKKA_T3X_A1_2-100x100.png",100,100,true]},"uagb_author_info":{"display_name":"uki","author_link":"https:\/\/uki3d.pl\/en\/author\/"},"uagb_comment_info":0,"uagb_excerpt":"Wk\u0142adka jednostrza\u0142owa przystosowana tylko do magazynka .223 Rem TIKKA T3X A1! Wk\u0142adka znacznie u\u0142atwia pojedyncze \u0142adowanie naboju do komory podczas zawod\u00f3w. Zaprojektowana do magazynka TIKKA .223 Rem! Bardzo \u0142atwy monta\u017c i demonta\u017c wk\u0142adki! Wybranie materia\u0142u z ty\u0142u wk\u0142adki znacznie u\u0142atwia podawanie naboju! Je\u017celi szukasz wk\u0142adki do magazynka 6.5 Creedmoor to jest ona TUTAJ. Wykonano w...","_links":{"self":[{"href":"https:\/\/uki3d.pl\/en\/wp-json\/wp\/v2\/product\/7265","targetHints":{"allow":["GET"]}}],"collection":[{"href":"https:\/\/uki3d.pl\/en\/wp-json\/wp\/v2\/product"}],"about":[{"href":"https:\/\/uki3d.pl\/en\/wp-json\/wp\/v2\/types\/product"}],"replies":[{"embeddable":true,"href":"https:\/\/uki3d.pl\/en\/wp-json\/wp\/v2\/comments?post=7265"}],"wp:featuredmedia":[{"embeddable":true,"href":"https:\/\/uki3d.pl\/en\/wp-json\/wp\/v2\/media\/7268"}],"wp:attachment":[{"href":"https:\/\/uki3d.pl\/en\/wp-json\/wp\/v2\/media?parent=7265"}],"wp:term":[{"taxonomy":"product_brand","embeddable":true,"href":"https:\/\/uki3d.pl\/en\/wp-json\/wp\/v2\/product_brand?post=7265"},{"taxonomy":"product_cat","embeddable":true,"href":"https:\/\/uki3d.pl\/en\/wp-json\/wp\/v2\/product_cat?post=7265"},{"taxonomy":"product_tag","embeddable":true,"href":"https:\/\/uki3d.pl\/en\/wp-json\/wp\/v2\/product_tag?post=7265"}],"curies":[{"name":"wp","href":"https:\/\/api.w.org\/{rel}","templated":true}]}}