{"id":7285,"date":"2025-10-25T00:27:32","date_gmt":"2025-10-24T22:27:32","guid":{"rendered":"https:\/\/uki3d.pl\/?post_type=product&#038;p=7285"},"modified":"2026-04-17T11:55:52","modified_gmt":"2026-04-17T09:55:52","slug":"przyrzad-do-magazynka-cz457","status":"publish","type":"product","link":"https:\/\/uki3d.pl\/en\/store\/przyrzad-do-magazynka-cz457\/","title":{"rendered":"CZ457 .22 LR Mag Tool"},"content":{"rendered":"<p class=\" translation-block\">A tool that makes installing and removing the <strong>CZ457 .22LR<\/strong> magazine base plate incredibly easy!<br>\nIt has a stainless steel pin that <strong>unlocks the base plate pin<\/strong> and <strong>locks the spring in the upper position<\/strong> during magazine assembly!<br>\nThe tool's \"ears\" allow for precise spring adjustment.<br>\nThe pin slides into the tool, creating a small but helpful widget!<\/p>\n<div style=\"width: 1300px;\" class=\"wp-video\"><video class=\"wp-video-shortcode\" id=\"video-7285-1\" width=\"1300\" height=\"731\" preload=\"metadata\" controls=\"controls\"><source type=\"video\/webm\" src=\"https:\/\/uki3d.pl\/wp-content\/uploads\/2025\/10\/webm_CZ457_MAG_INSTALL_TOOL.webm?_=1\" \/><a href=\"https:\/\/uki3d.pl\/wp-content\/uploads\/2025\/10\/webm_CZ457_MAG_INSTALL_TOOL.webm\">https:\/\/uki3d.pl\/wp-content\/uploads\/2025\/10\/webm_CZ457_MAG_INSTALL_TOOL.webm<\/a><\/video><\/div>\n<p><strong>Made using 3D printing technology using PETG-CF (Carbon Fiber).<\/strong><\/p>\n<hr>","protected":false},"excerpt":{"rendered":"<p>Przyrz\u0105d, kt\u00f3ry kolosalnie u\u0142atwia monta\u017c i demonta\u017c stopki magazynka .22LR CZ457! Posiada nierdzewny pin, kt\u00f3rym odblokujemy ko\u0142ek stopki i zablokujemy spr\u0119\u017cyn\u0119 w g\u00f3rnym po\u0142o\u017ceniu przy sk\u0142adaniu magazynka! &#8222;Uszy&#8221; przyrz\u0105du pozwalaj\u0105 na dok\u0142adne ustawienie spr\u0119\u017cyny. Pin wsuwa si\u0119 w przyrz\u0105d tworz\u0105c ma\u0142y ale pomocny wihajster! Wykonano w technologii druku 3D z PETG-CF (Carbon Fiber).<\/p>","protected":false},"featured_media":7275,"comment_status":"open","ping_status":"closed","template":"","meta":{"_uag_custom_page_level_css":"","_kad_post_transparent":"default","_kad_post_title":"","_kad_post_layout":"default","_kad_post_sidebar_id":"","_kad_post_content_style":"default","_kad_post_vertical_padding":"default","_kad_post_feature":"","_kad_post_feature_position":"","_kad_post_header":false,"_kad_post_footer":false,"_kad_post_classname":""},"product_brand":[],"product_cat":[126],"product_tag":[],"class_list":{"0":"post-7285","1":"product","2":"type-product","3":"status-publish","4":"has-post-thumbnail","6":"product_cat-strzelectwo","7":"product_shipping_class-standard","9":"first","10":"instock","11":"featured","12":"taxable","13":"shipping-taxable","14":"purchasable","15":"product-type-simple","16":"entry","17":"content-bg","18":"loop-entry","19":"wpzoom-wc-spi-has-enabled"},"uagb_featured_image_src":{"full":["https:\/\/uki3d.pl\/wp-content\/uploads\/2025\/10\/CZ457_MAG_INSTALL_TOOL_2.png",800,800,false],"thumbnail":["https:\/\/uki3d.pl\/wp-content\/uploads\/2025\/10\/CZ457_MAG_INSTALL_TOOL_2.png",96,96,false],"medium":["https:\/\/uki3d.pl\/wp-content\/uploads\/2025\/10\/CZ457_MAG_INSTALL_TOOL_2.png",800,800,false],"medium_large":["https:\/\/uki3d.pl\/wp-content\/uploads\/2025\/10\/CZ457_MAG_INSTALL_TOOL_2-768x768.png",768,768,true],"large":["https:\/\/uki3d.pl\/wp-content\/uploads\/2025\/10\/CZ457_MAG_INSTALL_TOOL_2.png",800,800,false],"1536x1536":["https:\/\/uki3d.pl\/wp-content\/uploads\/2025\/10\/CZ457_MAG_INSTALL_TOOL_2.png",800,800,false],"2048x2048":["https:\/\/uki3d.pl\/wp-content\/uploads\/2025\/10\/CZ457_MAG_INSTALL_TOOL_2.png",800,800,false],"trp-custom-language-flag":["https:\/\/uki3d.pl\/wp-content\/uploads\/2025\/10\/CZ457_MAG_INSTALL_TOOL_2-12x12.png",12,12,true],"woocommerce_thumbnail":["https:\/\/uki3d.pl\/wp-content\/uploads\/2025\/10\/CZ457_MAG_INSTALL_TOOL_2.png",800,800,false],"woocommerce_single":["https:\/\/uki3d.pl\/wp-content\/uploads\/2025\/10\/CZ457_MAG_INSTALL_TOOL_2.png",800,800,false],"woocommerce_gallery_thumbnail":["https:\/\/uki3d.pl\/wp-content\/uploads\/2025\/10\/CZ457_MAG_INSTALL_TOOL_2-100x100.png",100,100,true]},"uagb_author_info":{"display_name":"uki","author_link":"https:\/\/uki3d.pl\/en\/author\/"},"uagb_comment_info":0,"uagb_excerpt":"Przyrz\u0105d, kt\u00f3ry kolosalnie u\u0142atwia monta\u017c i demonta\u017c stopki magazynka .22LR CZ457! Posiada nierdzewny pin, kt\u00f3rym odblokujemy ko\u0142ek stopki i zablokujemy spr\u0119\u017cyn\u0119 w g\u00f3rnym po\u0142o\u017ceniu przy sk\u0142adaniu magazynka! &#8222;Uszy&#8221; przyrz\u0105du pozwalaj\u0105 na dok\u0142adne ustawienie spr\u0119\u017cyny. Pin wsuwa si\u0119 w przyrz\u0105d tworz\u0105c ma\u0142y ale pomocny wihajster! Wykonano w technologii druku 3D z PETG-CF (Carbon Fiber).","_links":{"self":[{"href":"https:\/\/uki3d.pl\/en\/wp-json\/wp\/v2\/product\/7285","targetHints":{"allow":["GET"]}}],"collection":[{"href":"https:\/\/uki3d.pl\/en\/wp-json\/wp\/v2\/product"}],"about":[{"href":"https:\/\/uki3d.pl\/en\/wp-json\/wp\/v2\/types\/product"}],"replies":[{"embeddable":true,"href":"https:\/\/uki3d.pl\/en\/wp-json\/wp\/v2\/comments?post=7285"}],"wp:featuredmedia":[{"embeddable":true,"href":"https:\/\/uki3d.pl\/en\/wp-json\/wp\/v2\/media\/7275"}],"wp:attachment":[{"href":"https:\/\/uki3d.pl\/en\/wp-json\/wp\/v2\/media?parent=7285"}],"wp:term":[{"taxonomy":"product_brand","embeddable":true,"href":"https:\/\/uki3d.pl\/en\/wp-json\/wp\/v2\/product_brand?post=7285"},{"taxonomy":"product_cat","embeddable":true,"href":"https:\/\/uki3d.pl\/en\/wp-json\/wp\/v2\/product_cat?post=7285"},{"taxonomy":"product_tag","embeddable":true,"href":"https:\/\/uki3d.pl\/en\/wp-json\/wp\/v2\/product_tag?post=7285"}],"curies":[{"name":"wp","href":"https:\/\/api.w.org\/{rel}","templated":true}]}}