{"id":7566,"date":"2026-03-05T20:00:04","date_gmt":"2026-03-05T19:00:04","guid":{"rendered":"https:\/\/uki3d.pl\/?post_type=product&#038;p=7566"},"modified":"2026-04-02T22:05:04","modified_gmt":"2026-04-02T20:05:04","slug":"stopka-20mm-do-magazynka-staccato-2011-9mm","status":"publish","type":"product","link":"https:\/\/uki3d.pl\/en\/store\/stopka-20mm-do-magazynka-staccato-2011-9mm\/","title":{"rendered":"Stopka +20mm do magazynka Staccato 2011 9mm"},"content":{"rendered":"<p>Stopka magazynka <strong>Staccato 2011 9mm<\/strong>. Przed\u0142u\u017ca magazynek o ~20mm w celu sprawniejszej obs\u0142ugi. Montowana w miejsce oryginalnej.<br \/>\nDwie wersje do wyboru:<\/p>\n<ul>\n<li>Zwi\u0119kszaj\u0105ca ilo\u015b\u0107 \u0142adowanego ammo &#8211; <strong>+3<\/strong>\n<li>Samo przed\u0142u\u017cenie, bez mo\u017cliwo\u015bci \u0142adowania dodatkowej ammo<\/strong>\n<\/ul>\n<\/li>\n<blockquote><p><span style=\"color: #ff0000;\"><em><strong>UWAGA! Stopka +3 ammo wymaga wymiany spr\u0119\u017cyny na d\u0142u\u017csz\u0105!<\/strong><\/em><\/span><\/p><\/blockquote>\n<p><strong>Made using 3D printing technology using PETG-CF (Carbon Fiber).<\/strong><\/p>\n<hr \/>","protected":false},"excerpt":{"rendered":"<p>Stopka magazynka Staccato 2011 9mm. Przed\u0142u\u017ca magazynek o ~20mm w celu sprawniejszej obs\u0142ugi. Montowana w miejsce oryginalnej. Dwie wersje do wyboru: Zwi\u0119kszaj\u0105ca ilo\u015b\u0107 \u0142adowanego ammo &#8211; +3 Samo przed\u0142u\u017cenie, bez mo\u017cliwo\u015bci \u0142adowania dodatkowej ammo UWAGA! Stopka +3 ammo wymaga wymiany spr\u0119\u017cyny na d\u0142u\u017csz\u0105! Wykonano w technologii druku 3D z PETG-CF (Carbon Fiber).<\/p>","protected":false},"featured_media":7565,"comment_status":"open","ping_status":"closed","template":"","meta":{"_uag_custom_page_level_css":"","_kad_post_transparent":"default","_kad_post_title":"","_kad_post_layout":"default","_kad_post_sidebar_id":"","_kad_post_content_style":"default","_kad_post_vertical_padding":"default","_kad_post_feature":"","_kad_post_feature_position":"","_kad_post_header":false,"_kad_post_footer":false,"_kad_post_classname":""},"product_brand":[],"product_cat":[126],"product_tag":[],"class_list":{"0":"post-7566","1":"product","2":"type-product","3":"status-publish","4":"has-post-thumbnail","6":"product_cat-strzelectwo","7":"product_shipping_class-standard","9":"first","10":"instock","11":"featured","12":"taxable","13":"shipping-taxable","14":"purchasable","15":"product-type-variable","16":"has-default-attributes","17":"entry","18":"content-bg","19":"loop-entry","20":"wpzoom-wc-spi-has-enabled"},"uagb_featured_image_src":{"full":["https:\/\/uki3d.pl\/wp-content\/uploads\/2026\/02\/STACCATO_MAG_PLATE_FULL_1.png",800,800,false],"thumbnail":["https:\/\/uki3d.pl\/wp-content\/uploads\/2026\/02\/STACCATO_MAG_PLATE_FULL_1.png",96,96,false],"medium":["https:\/\/uki3d.pl\/wp-content\/uploads\/2026\/02\/STACCATO_MAG_PLATE_FULL_1.png",800,800,false],"medium_large":["https:\/\/uki3d.pl\/wp-content\/uploads\/2026\/02\/STACCATO_MAG_PLATE_FULL_1-768x768.png",768,768,true],"large":["https:\/\/uki3d.pl\/wp-content\/uploads\/2026\/02\/STACCATO_MAG_PLATE_FULL_1.png",800,800,false],"1536x1536":["https:\/\/uki3d.pl\/wp-content\/uploads\/2026\/02\/STACCATO_MAG_PLATE_FULL_1.png",800,800,false],"2048x2048":["https:\/\/uki3d.pl\/wp-content\/uploads\/2026\/02\/STACCATO_MAG_PLATE_FULL_1.png",800,800,false],"trp-custom-language-flag":["https:\/\/uki3d.pl\/wp-content\/uploads\/2026\/02\/STACCATO_MAG_PLATE_FULL_1-12x12.png",12,12,true],"woocommerce_thumbnail":["https:\/\/uki3d.pl\/wp-content\/uploads\/2026\/02\/STACCATO_MAG_PLATE_FULL_1.png",800,800,false],"woocommerce_single":["https:\/\/uki3d.pl\/wp-content\/uploads\/2026\/02\/STACCATO_MAG_PLATE_FULL_1.png",800,800,false],"woocommerce_gallery_thumbnail":["https:\/\/uki3d.pl\/wp-content\/uploads\/2026\/02\/STACCATO_MAG_PLATE_FULL_1-100x100.png",100,100,true]},"uagb_author_info":{"display_name":"uki","author_link":"https:\/\/uki3d.pl\/en\/author\/"},"uagb_comment_info":0,"uagb_excerpt":"Stopka magazynka Staccato 2011 9mm. Przed\u0142u\u017ca magazynek o ~20mm w celu sprawniejszej obs\u0142ugi. Montowana w miejsce oryginalnej. Dwie wersje do wyboru: Zwi\u0119kszaj\u0105ca ilo\u015b\u0107 \u0142adowanego ammo &#8211; +3 Samo przed\u0142u\u017cenie, bez mo\u017cliwo\u015bci \u0142adowania dodatkowej ammo UWAGA! Stopka +3 ammo wymaga wymiany spr\u0119\u017cyny na d\u0142u\u017csz\u0105! Wykonano w technologii druku 3D z PETG-CF (Carbon Fiber).","_links":{"self":[{"href":"https:\/\/uki3d.pl\/en\/wp-json\/wp\/v2\/product\/7566","targetHints":{"allow":["GET"]}}],"collection":[{"href":"https:\/\/uki3d.pl\/en\/wp-json\/wp\/v2\/product"}],"about":[{"href":"https:\/\/uki3d.pl\/en\/wp-json\/wp\/v2\/types\/product"}],"replies":[{"embeddable":true,"href":"https:\/\/uki3d.pl\/en\/wp-json\/wp\/v2\/comments?post=7566"}],"wp:featuredmedia":[{"embeddable":true,"href":"https:\/\/uki3d.pl\/en\/wp-json\/wp\/v2\/media\/7565"}],"wp:attachment":[{"href":"https:\/\/uki3d.pl\/en\/wp-json\/wp\/v2\/media?parent=7566"}],"wp:term":[{"taxonomy":"product_brand","embeddable":true,"href":"https:\/\/uki3d.pl\/en\/wp-json\/wp\/v2\/product_brand?post=7566"},{"taxonomy":"product_cat","embeddable":true,"href":"https:\/\/uki3d.pl\/en\/wp-json\/wp\/v2\/product_cat?post=7566"},{"taxonomy":"product_tag","embeddable":true,"href":"https:\/\/uki3d.pl\/en\/wp-json\/wp\/v2\/product_tag?post=7566"}],"curies":[{"name":"wp","href":"https:\/\/api.w.org\/{rel}","templated":true}]}}