{"id":7818,"date":"2026-03-03T09:43:00","date_gmt":"2026-03-03T08:43:00","guid":{"rendered":"https:\/\/uki3d.pl\/?post_type=product&#038;p=7818"},"modified":"2026-04-02T22:05:04","modified_gmt":"2026-04-02T20:05:04","slug":"barricade-stop-cz457-warrior","status":"publish","type":"product","link":"https:\/\/uki3d.pl\/en\/store\/barricade-stop-cz457-warrior\/","title":{"rendered":"Barricade Stop do osady Warrior CZ457"},"content":{"rendered":"<p><strong>Barricade Stop <\/strong>na szyn\u0119 ARCA do <strong>CZ457 w osadzie Warrior<\/strong>. Szeroko\u015b\u0107 <strong>zgodna z osad\u0105<\/strong>, wysoko\u015b\u0107 do wyboru: <strong>50mm lub 70mm<\/strong> (je\u017celi chcesz inn\u0105 &#8211; <a href=\"https:\/\/uki3d.pl\/contact\/\">email me<\/a>).<br \/>\n&#8222;Schodki&#8221; idealnie wpasowuj\u0105 si\u0119 w obrys osady.<br \/>\nElement o wype\u0142nieniu <strong>100%<\/strong>. Bardzo mocny. Spokojnie wytrzyma nie jedn\u0105 wymagaj\u0105c\u0105 barykad\u0119!<\/p>\n<p><strong>Made using 3D printing technology using PETG-CF (Carbon Fiber).<\/strong><\/p>\n<hr \/>","protected":false},"excerpt":{"rendered":"<p>Barricade Stop na szyn\u0119 ARCA do CZ457 w osadzie Warrior. Szeroko\u015b\u0107 zgodna z osad\u0105, wysoko\u015b\u0107 do wyboru: 50mm lub 70mm (je\u017celi chcesz inn\u0105 &#8211; napisz). &#8222;Schodki&#8221; idealnie wpasowuj\u0105 si\u0119 w obrys osady. Element o wype\u0142nieniu 100%. Bardzo mocny. Spokojnie wytrzyma nie jedn\u0105 wymagaj\u0105c\u0105 barykad\u0119! Wykonano w technologii druku 3D z PETG-CF (Carbon Fiber).<\/p>","protected":false},"featured_media":7826,"comment_status":"open","ping_status":"closed","template":"","meta":{"_uag_custom_page_level_css":"","_kad_post_transparent":"default","_kad_post_title":"","_kad_post_layout":"default","_kad_post_sidebar_id":"","_kad_post_content_style":"default","_kad_post_vertical_padding":"default","_kad_post_feature":"","_kad_post_feature_position":"","_kad_post_header":false,"_kad_post_footer":false,"_kad_post_classname":""},"product_brand":[],"product_cat":[126],"product_tag":[],"class_list":{"0":"post-7818","1":"product","2":"type-product","3":"status-publish","4":"has-post-thumbnail","6":"product_cat-strzelectwo","7":"product_shipping_class-standard","9":"first","10":"instock","11":"featured","12":"taxable","13":"shipping-taxable","14":"purchasable","15":"product-type-variable","16":"has-default-attributes","17":"entry","18":"content-bg","19":"loop-entry","20":"wpzoom-wc-spi-has-enabled"},"uagb_featured_image_src":{"full":["https:\/\/uki3d.pl\/wp-content\/uploads\/2026\/03\/70_BARRICADE_STOP_CZ457_WARRIOR_1.png",800,800,false],"thumbnail":["https:\/\/uki3d.pl\/wp-content\/uploads\/2026\/03\/70_BARRICADE_STOP_CZ457_WARRIOR_1.png",96,96,false],"medium":["https:\/\/uki3d.pl\/wp-content\/uploads\/2026\/03\/70_BARRICADE_STOP_CZ457_WARRIOR_1.png",800,800,false],"medium_large":["https:\/\/uki3d.pl\/wp-content\/uploads\/2026\/03\/70_BARRICADE_STOP_CZ457_WARRIOR_1-768x768.png",768,768,true],"large":["https:\/\/uki3d.pl\/wp-content\/uploads\/2026\/03\/70_BARRICADE_STOP_CZ457_WARRIOR_1.png",800,800,false],"1536x1536":["https:\/\/uki3d.pl\/wp-content\/uploads\/2026\/03\/70_BARRICADE_STOP_CZ457_WARRIOR_1.png",800,800,false],"2048x2048":["https:\/\/uki3d.pl\/wp-content\/uploads\/2026\/03\/70_BARRICADE_STOP_CZ457_WARRIOR_1.png",800,800,false],"trp-custom-language-flag":["https:\/\/uki3d.pl\/wp-content\/uploads\/2026\/03\/70_BARRICADE_STOP_CZ457_WARRIOR_1-12x12.png",12,12,true],"woocommerce_thumbnail":["https:\/\/uki3d.pl\/wp-content\/uploads\/2026\/03\/70_BARRICADE_STOP_CZ457_WARRIOR_1.png",800,800,false],"woocommerce_single":["https:\/\/uki3d.pl\/wp-content\/uploads\/2026\/03\/70_BARRICADE_STOP_CZ457_WARRIOR_1.png",800,800,false],"woocommerce_gallery_thumbnail":["https:\/\/uki3d.pl\/wp-content\/uploads\/2026\/03\/70_BARRICADE_STOP_CZ457_WARRIOR_1-100x100.png",100,100,true]},"uagb_author_info":{"display_name":"uki","author_link":"https:\/\/uki3d.pl\/en\/author\/"},"uagb_comment_info":0,"uagb_excerpt":"Barricade Stop na szyn\u0119 ARCA do CZ457 w osadzie Warrior. Szeroko\u015b\u0107 zgodna z osad\u0105, wysoko\u015b\u0107 do wyboru: 50mm lub 70mm (je\u017celi chcesz inn\u0105 &#8211; napisz). &#8222;Schodki&#8221; idealnie wpasowuj\u0105 si\u0119 w obrys osady. Element o wype\u0142nieniu 100%. Bardzo mocny. Spokojnie wytrzyma nie jedn\u0105 wymagaj\u0105c\u0105 barykad\u0119! Wykonano w technologii druku 3D z PETG-CF (Carbon Fiber).","_links":{"self":[{"href":"https:\/\/uki3d.pl\/en\/wp-json\/wp\/v2\/product\/7818","targetHints":{"allow":["GET"]}}],"collection":[{"href":"https:\/\/uki3d.pl\/en\/wp-json\/wp\/v2\/product"}],"about":[{"href":"https:\/\/uki3d.pl\/en\/wp-json\/wp\/v2\/types\/product"}],"replies":[{"embeddable":true,"href":"https:\/\/uki3d.pl\/en\/wp-json\/wp\/v2\/comments?post=7818"}],"wp:featuredmedia":[{"embeddable":true,"href":"https:\/\/uki3d.pl\/en\/wp-json\/wp\/v2\/media\/7826"}],"wp:attachment":[{"href":"https:\/\/uki3d.pl\/en\/wp-json\/wp\/v2\/media?parent=7818"}],"wp:term":[{"taxonomy":"product_brand","embeddable":true,"href":"https:\/\/uki3d.pl\/en\/wp-json\/wp\/v2\/product_brand?post=7818"},{"taxonomy":"product_cat","embeddable":true,"href":"https:\/\/uki3d.pl\/en\/wp-json\/wp\/v2\/product_cat?post=7818"},{"taxonomy":"product_tag","embeddable":true,"href":"https:\/\/uki3d.pl\/en\/wp-json\/wp\/v2\/product_tag?post=7818"}],"curies":[{"name":"wp","href":"https:\/\/api.w.org\/{rel}","templated":true}]}}