{"id":7871,"date":"2026-03-23T01:00:09","date_gmt":"2026-03-23T00:00:09","guid":{"rendered":"https:\/\/uki3d.pl\/?post_type=product&#038;p=7871"},"modified":"2026-04-04T23:00:04","modified_gmt":"2026-04-04T21:00:04","slug":"obejma-na-lufe-z-szyna-picatinny-winchester-sxp","status":"publish","type":"product","link":"https:\/\/uki3d.pl\/en\/store\/obejma-na-lufe-z-szyna-picatinny-winchester-sxp\/","title":{"rendered":"Obejma na luf\u0119 z szyn\u0105 Picatinny (Winchester SXP, itp.)"},"content":{"rendered":"<p>Obejma na luf\u0119 z szyn\u0105 picatinny. Zaprojektowana z my\u015bl\u0105 o <strong>Winchester SXP<\/strong> ale r\u00f3wnie dobrze pos\u0142u\u017cy jako baza do kolimator\u00f3w, chrono, latarek itp.<\/p>\n<p>W ofercie 2 rodzaje obejmy:<\/p>\n<ul>\n<li><strong>z klapk\u0105<\/strong> &#8211; pozwala na zamontowanie w dowolnym miejscu &#8211; gdy nie ma mo\u017cliwo\u015bci &#8222;nasuni\u0119cia&#8221; na luf\u0119,<\/li>\n<li><strong>bez klapki<\/strong> &#8211; monta\u017c polega na <strong>&#8222;nasuni\u0119ciu&#8221;<\/strong> obejmy na luf\u0119 i skr\u0119ceniu \u015brubami.<\/li>\n<\/ul>\n<ul>\n<li>D\u0142ugo\u015b\u0107 &#8211; <strong>35mm<\/strong><\/li>\n<li>\u015arednica &#8211; <strong>dowolna<\/strong><\/li>\n<\/ul>\n<p><strong>Bezproblemowy monta\u017c<\/strong> &#8211; rozchylasz g\u00f3rn\u0105 obejm\u0119, przek\u0142adasz pod luf\u0105 i zaciskasz trzema \u015brubami! Pe\u0142ne wype\u0142nienie zapewnia sztywno\u015b\u0107 i niezawodno\u015b\u0107 zacisku!<\/p>\n<p><strong>Made using 3D printing technology using PETG-CF (Carbon Fiber).<\/strong><\/p>\n<hr \/>","protected":false},"excerpt":{"rendered":"<p>Obejma na luf\u0119 z szyn\u0105 picatinny. Zaprojektowana z my\u015bl\u0105 o Winchester SXP ale r\u00f3wnie dobrze pos\u0142u\u017cy jako baza do kolimator\u00f3w, chrono, latarek itp. W ofercie 2 rodzaje obejmy: z klapk\u0105 &#8211; pozwala na zamontowanie w dowolnym miejscu &#8211; gdy nie ma mo\u017cliwo\u015bci &#8222;nasuni\u0119cia&#8221; na luf\u0119, bez klapki &#8211; monta\u017c polega na &#8222;nasuni\u0119ciu&#8221; obejmy na luf\u0119&#8230;<\/p>","protected":false},"featured_media":7933,"comment_status":"open","ping_status":"closed","template":"","meta":{"_uag_custom_page_level_css":"","_kad_post_transparent":"default","_kad_post_title":"","_kad_post_layout":"default","_kad_post_sidebar_id":"","_kad_post_content_style":"default","_kad_post_vertical_padding":"default","_kad_post_feature":"","_kad_post_feature_position":"","_kad_post_header":false,"_kad_post_footer":false,"_kad_post_classname":""},"product_brand":[],"product_cat":[126],"product_tag":[],"class_list":{"0":"post-7871","1":"product","2":"type-product","3":"status-publish","4":"has-post-thumbnail","6":"product_cat-strzelectwo","7":"product_shipping_class-standard","9":"first","10":"instock","11":"featured","12":"taxable","13":"shipping-taxable","14":"purchasable","15":"product-type-variable","16":"has-default-attributes","17":"entry","18":"content-bg","19":"loop-entry","20":"wpzoom-wc-spi-has-enabled"},"uagb_featured_image_src":{"full":["https:\/\/uki3d.pl\/wp-content\/uploads\/2026\/03\/PICATINNY_CLAMP_HEX_3.png",800,800,false],"thumbnail":["https:\/\/uki3d.pl\/wp-content\/uploads\/2026\/03\/PICATINNY_CLAMP_HEX_3.png",96,96,false],"medium":["https:\/\/uki3d.pl\/wp-content\/uploads\/2026\/03\/PICATINNY_CLAMP_HEX_3.png",800,800,false],"medium_large":["https:\/\/uki3d.pl\/wp-content\/uploads\/2026\/03\/PICATINNY_CLAMP_HEX_3-768x768.png",768,768,true],"large":["https:\/\/uki3d.pl\/wp-content\/uploads\/2026\/03\/PICATINNY_CLAMP_HEX_3.png",800,800,false],"1536x1536":["https:\/\/uki3d.pl\/wp-content\/uploads\/2026\/03\/PICATINNY_CLAMP_HEX_3.png",800,800,false],"2048x2048":["https:\/\/uki3d.pl\/wp-content\/uploads\/2026\/03\/PICATINNY_CLAMP_HEX_3.png",800,800,false],"trp-custom-language-flag":["https:\/\/uki3d.pl\/wp-content\/uploads\/2026\/03\/PICATINNY_CLAMP_HEX_3-12x12.png",12,12,true],"woocommerce_thumbnail":["https:\/\/uki3d.pl\/wp-content\/uploads\/2026\/03\/PICATINNY_CLAMP_HEX_3.png",800,800,false],"woocommerce_single":["https:\/\/uki3d.pl\/wp-content\/uploads\/2026\/03\/PICATINNY_CLAMP_HEX_3.png",800,800,false],"woocommerce_gallery_thumbnail":["https:\/\/uki3d.pl\/wp-content\/uploads\/2026\/03\/PICATINNY_CLAMP_HEX_3-100x100.png",100,100,true]},"uagb_author_info":{"display_name":"uki","author_link":"https:\/\/uki3d.pl\/en\/author\/"},"uagb_comment_info":0,"uagb_excerpt":"Obejma na luf\u0119 z szyn\u0105 picatinny. Zaprojektowana z my\u015bl\u0105 o Winchester SXP ale r\u00f3wnie dobrze pos\u0142u\u017cy jako baza do kolimator\u00f3w, chrono, latarek itp. W ofercie 2 rodzaje obejmy: z klapk\u0105 &#8211; pozwala na zamontowanie w dowolnym miejscu &#8211; gdy nie ma mo\u017cliwo\u015bci &#8222;nasuni\u0119cia&#8221; na luf\u0119, bez klapki &#8211; monta\u017c polega na &#8222;nasuni\u0119ciu&#8221; obejmy na luf\u0119...","_links":{"self":[{"href":"https:\/\/uki3d.pl\/en\/wp-json\/wp\/v2\/product\/7871","targetHints":{"allow":["GET"]}}],"collection":[{"href":"https:\/\/uki3d.pl\/en\/wp-json\/wp\/v2\/product"}],"about":[{"href":"https:\/\/uki3d.pl\/en\/wp-json\/wp\/v2\/types\/product"}],"replies":[{"embeddable":true,"href":"https:\/\/uki3d.pl\/en\/wp-json\/wp\/v2\/comments?post=7871"}],"wp:featuredmedia":[{"embeddable":true,"href":"https:\/\/uki3d.pl\/en\/wp-json\/wp\/v2\/media\/7933"}],"wp:attachment":[{"href":"https:\/\/uki3d.pl\/en\/wp-json\/wp\/v2\/media?parent=7871"}],"wp:term":[{"taxonomy":"product_brand","embeddable":true,"href":"https:\/\/uki3d.pl\/en\/wp-json\/wp\/v2\/product_brand?post=7871"},{"taxonomy":"product_cat","embeddable":true,"href":"https:\/\/uki3d.pl\/en\/wp-json\/wp\/v2\/product_cat?post=7871"},{"taxonomy":"product_tag","embeddable":true,"href":"https:\/\/uki3d.pl\/en\/wp-json\/wp\/v2\/product_tag?post=7871"}],"curies":[{"name":"wp","href":"https:\/\/api.w.org\/{rel}","templated":true}]}}