{"id":7924,"date":"2026-03-23T00:07:04","date_gmt":"2026-03-22T23:07:04","guid":{"rendered":"https:\/\/uki3d.pl\/?post_type=product&#038;p=7924"},"modified":"2026-04-02T22:05:04","modified_gmt":"2026-04-02T20:05:04","slug":"baka-policzkowa-do-cz457-lrp","status":"publish","type":"product","link":"https:\/\/uki3d.pl\/en\/store\/baka-policzkowa-do-cz457-lrp\/","title":{"rendered":"Baka Policzkowa do CZ457 LRP"},"content":{"rendered":"<p><strong>Baka Policzkowa<\/strong> do kolby <strong>CZ457 LRP<\/strong>.<\/p>\n<p>Baka stworzona dla tych, kt\u00f3rzy chc\u0105 jeszcze wy\u017cej! Wzorowana na wz\u00f3r oryginalnej od CZ. <strong>Idealnie spasowana do osady!<\/strong><\/p>\n<ul>\n<li>d\u0142ugo\u015b\u0107 \u2013 <strong>jak w oryginale<\/strong><\/li>\n<li>szeroko\u015b\u0107 \u2013 <strong>jak w oryginale<\/strong><\/li>\n<li>Prowadnice nierdzewne o d\u0142ugo\u015bci 70mm<\/li>\n<\/ul>\n<blockquote><p><span style=\"color: #ff0000;\"><em><strong>UWAGA! Prowadnice s\u0105 d\u0142u\u017csze od oryginalnych, przez co nie schowaj\u0105 si\u0119 do ko\u0144ca w osadzie (nie b\u0119dzie mo\u017cna opu\u015bci\u0107 baki na sam d\u00f3\u0142); wynika to z konstrukcji osady!<\/strong><\/em><\/span><\/p><\/blockquote>\n<p><strong>Made using 3D printing technology using PETG-CF (Carbon Fiber).<\/strong><\/p>\n<hr \/>","protected":false},"excerpt":{"rendered":"<p>Baka Policzkowa do kolby CZ457 LRP. Baka stworzona dla tych, kt\u00f3rzy chc\u0105 jeszcze wy\u017cej! Wzorowana na wz\u00f3r oryginalnej od CZ. Idealnie spasowana do osady! d\u0142ugo\u015b\u0107 \u2013 jak w oryginale szeroko\u015b\u0107 \u2013 jak w oryginale Prowadnice nierdzewne o d\u0142ugo\u015bci 70mm UWAGA! Prowadnice s\u0105 d\u0142u\u017csze od oryginalnych, przez co nie schowaj\u0105 si\u0119 do ko\u0144ca w osadzie (nie&#8230;<\/p>","protected":false},"featured_media":7928,"comment_status":"open","ping_status":"closed","template":"","meta":{"_uag_custom_page_level_css":"","_kad_post_transparent":"default","_kad_post_title":"","_kad_post_layout":"default","_kad_post_sidebar_id":"","_kad_post_content_style":"default","_kad_post_vertical_padding":"default","_kad_post_feature":"","_kad_post_feature_position":"","_kad_post_header":false,"_kad_post_footer":false,"_kad_post_classname":""},"product_brand":[],"product_cat":[126],"product_tag":[],"class_list":{"0":"post-7924","1":"product","2":"type-product","3":"status-publish","4":"has-post-thumbnail","6":"product_cat-strzelectwo","7":"product_shipping_class-standard","9":"first","10":"instock","11":"featured","12":"taxable","13":"shipping-taxable","14":"purchasable","15":"product-type-simple","16":"entry","17":"content-bg","18":"loop-entry","19":"wpzoom-wc-spi-has-enabled"},"uagb_featured_image_src":{"full":["https:\/\/uki3d.pl\/wp-content\/uploads\/2026\/03\/LRP_CHEEK_REST_1.png",800,800,false],"thumbnail":["https:\/\/uki3d.pl\/wp-content\/uploads\/2026\/03\/LRP_CHEEK_REST_1.png",96,96,false],"medium":["https:\/\/uki3d.pl\/wp-content\/uploads\/2026\/03\/LRP_CHEEK_REST_1.png",800,800,false],"medium_large":["https:\/\/uki3d.pl\/wp-content\/uploads\/2026\/03\/LRP_CHEEK_REST_1-768x768.png",768,768,true],"large":["https:\/\/uki3d.pl\/wp-content\/uploads\/2026\/03\/LRP_CHEEK_REST_1.png",800,800,false],"1536x1536":["https:\/\/uki3d.pl\/wp-content\/uploads\/2026\/03\/LRP_CHEEK_REST_1.png",800,800,false],"2048x2048":["https:\/\/uki3d.pl\/wp-content\/uploads\/2026\/03\/LRP_CHEEK_REST_1.png",800,800,false],"trp-custom-language-flag":["https:\/\/uki3d.pl\/wp-content\/uploads\/2026\/03\/LRP_CHEEK_REST_1-12x12.png",12,12,true],"woocommerce_thumbnail":["https:\/\/uki3d.pl\/wp-content\/uploads\/2026\/03\/LRP_CHEEK_REST_1.png",800,800,false],"woocommerce_single":["https:\/\/uki3d.pl\/wp-content\/uploads\/2026\/03\/LRP_CHEEK_REST_1.png",800,800,false],"woocommerce_gallery_thumbnail":["https:\/\/uki3d.pl\/wp-content\/uploads\/2026\/03\/LRP_CHEEK_REST_1-100x100.png",100,100,true]},"uagb_author_info":{"display_name":"uki","author_link":"https:\/\/uki3d.pl\/en\/author\/"},"uagb_comment_info":0,"uagb_excerpt":"Baka Policzkowa do kolby CZ457 LRP. Baka stworzona dla tych, kt\u00f3rzy chc\u0105 jeszcze wy\u017cej! Wzorowana na wz\u00f3r oryginalnej od CZ. Idealnie spasowana do osady! d\u0142ugo\u015b\u0107 \u2013 jak w oryginale szeroko\u015b\u0107 \u2013 jak w oryginale Prowadnice nierdzewne o d\u0142ugo\u015bci 70mm UWAGA! Prowadnice s\u0105 d\u0142u\u017csze od oryginalnych, przez co nie schowaj\u0105 si\u0119 do ko\u0144ca w osadzie (nie...","_links":{"self":[{"href":"https:\/\/uki3d.pl\/en\/wp-json\/wp\/v2\/product\/7924","targetHints":{"allow":["GET"]}}],"collection":[{"href":"https:\/\/uki3d.pl\/en\/wp-json\/wp\/v2\/product"}],"about":[{"href":"https:\/\/uki3d.pl\/en\/wp-json\/wp\/v2\/types\/product"}],"replies":[{"embeddable":true,"href":"https:\/\/uki3d.pl\/en\/wp-json\/wp\/v2\/comments?post=7924"}],"wp:featuredmedia":[{"embeddable":true,"href":"https:\/\/uki3d.pl\/en\/wp-json\/wp\/v2\/media\/7928"}],"wp:attachment":[{"href":"https:\/\/uki3d.pl\/en\/wp-json\/wp\/v2\/media?parent=7924"}],"wp:term":[{"taxonomy":"product_brand","embeddable":true,"href":"https:\/\/uki3d.pl\/en\/wp-json\/wp\/v2\/product_brand?post=7924"},{"taxonomy":"product_cat","embeddable":true,"href":"https:\/\/uki3d.pl\/en\/wp-json\/wp\/v2\/product_cat?post=7924"},{"taxonomy":"product_tag","embeddable":true,"href":"https:\/\/uki3d.pl\/en\/wp-json\/wp\/v2\/product_tag?post=7924"}],"curies":[{"name":"wp","href":"https:\/\/api.w.org\/{rel}","templated":true}]}}