{"id":7944,"date":"2026-03-25T09:18:20","date_gmt":"2026-03-25T08:18:20","guid":{"rendered":"https:\/\/uki3d.pl\/?post_type=product&#038;p=7944"},"modified":"2026-04-02T22:05:04","modified_gmt":"2026-04-02T20:05:04","slug":"obejma-na-tubus-lunety-z-szyna-picatinny-na-wymiar","status":"publish","type":"product","link":"https:\/\/uki3d.pl\/en\/store\/obejma-na-tubus-lunety-z-szyna-picatinny-na-wymiar\/","title":{"rendered":"Obejma na tubus lunety z szyn\u0105 Picatinny (na wymiar)"},"content":{"rendered":"<p>Obejma na tubus lunety z szyn\u0105 Picatinny. Konfigurator pozwala na dobranie idealnej wysoko\u015bci i d\u0142ugo\u015bci szyny!<\/p>\n<h4 style=\"text-align: center;\"><strong>Konfigurator:<\/strong><br \/>\n<br \/><img fetchpriority=\"high\" decoding=\"async\" class=\"size-full wp-image-7952 aligncenter\" src=\"https:\/\/uki3d.pl\/wp-content\/uploads\/2026\/03\/Picatinny-Clamp-Schemat.png?t=1774429717\" alt=\"\" width=\"800\" height=\"800\" srcset=\"https:\/\/uki3d.pl\/wp-content\/uploads\/2026\/03\/Picatinny-Clamp-Schemat.png 800w, https:\/\/uki3d.pl\/wp-content\/uploads\/2026\/03\/Picatinny-Clamp-Schemat-768x768.png 768w, https:\/\/uki3d.pl\/wp-content\/uploads\/2026\/03\/Picatinny-Clamp-Schemat-12x12.png 12w, https:\/\/uki3d.pl\/wp-content\/uploads\/2026\/03\/Picatinny-Clamp-Schemat-100x100.png 100w\" sizes=\"(max-width: 800px) 100vw, 800px\" \/><\/h4>\n<p>&nbsp;<br \/>\n<\/p>\n<ul>\n<li>D\u0142ugo\u015b\u0107 szyny Picatinny &#8211; <strong>mierzona w wielokrotno\u015bci slot\u00f3w na szynie Picatinny (np. 3 sloty: 14.8mm * 3 = 44.4mm ),<\/strong><\/li>\n<li>Wysoko\u015b\u0107 szyny Picatinny &#8211; <strong>mierzona od g\u00f3rnej p\u0142aszczyzny tubusa lunety do dolnej kraw\u0119dzi szyny Picatinny,<\/strong><\/li>\n<li>\u015arednica &#8211; <strong>1&#8243;, 30, 34, 35, 36mm.<\/strong><\/li>\n<\/ul>\n<blockquote><p><strong>UWAGA! Ka\u017cda obejma jest wykonywana na indywidualne zam\u00f3wienie! Czas oczekiwania na wykonanie to oko\u0142o 2 dni robocze.<\/strong><\/em><\/span><\/p><\/blockquote>\n<p><strong>Made using 3D printing technology using PETG-CF (Carbon Fiber).<\/strong><\/p>\n<hr \/>","protected":false},"excerpt":{"rendered":"<p>Obejma na tubus lunety z szyn\u0105 Picatinny. Konfigurator pozwala na dobranie idealnej wysoko\u015bci i d\u0142ugo\u015bci szyny! Konfigurator: &nbsp; D\u0142ugo\u015b\u0107 szyny Picatinny &#8211; mierzona w wielokrotno\u015bci slot\u00f3w na szynie Picatinny (np. 3 sloty: 14.8mm * 3 = 44.4mm ), Wysoko\u015b\u0107 szyny Picatinny &#8211; mierzona od g\u00f3rnej p\u0142aszczyzny tubusa lunety do dolnej kraw\u0119dzi szyny Picatinny, \u015arednica &#8211;&#8230;<\/p>","protected":false},"featured_media":7959,"comment_status":"open","ping_status":"closed","template":"","meta":{"_uag_custom_page_level_css":"","_kad_post_transparent":"default","_kad_post_title":"","_kad_post_layout":"default","_kad_post_sidebar_id":"","_kad_post_content_style":"default","_kad_post_vertical_padding":"default","_kad_post_feature":"","_kad_post_feature_position":"","_kad_post_header":false,"_kad_post_footer":false,"_kad_post_classname":""},"product_brand":[],"product_cat":[126],"product_tag":[],"class_list":{"0":"post-7944","1":"product","2":"type-product","3":"status-publish","4":"has-post-thumbnail","6":"product_cat-strzelectwo","7":"product_shipping_class-standard","9":"first","10":"instock","11":"featured","12":"taxable","13":"shipping-taxable","14":"purchasable","15":"product-type-variable","16":"has-default-attributes","17":"entry","18":"content-bg","19":"loop-entry","20":"wpzoom-wc-spi-has-enabled"},"uagb_featured_image_src":{"full":["https:\/\/uki3d.pl\/wp-content\/uploads\/2026\/03\/34_SCOPE_PICATINNY_RAIL_1.png",800,800,false],"thumbnail":["https:\/\/uki3d.pl\/wp-content\/uploads\/2026\/03\/34_SCOPE_PICATINNY_RAIL_1.png",96,96,false],"medium":["https:\/\/uki3d.pl\/wp-content\/uploads\/2026\/03\/34_SCOPE_PICATINNY_RAIL_1.png",800,800,false],"medium_large":["https:\/\/uki3d.pl\/wp-content\/uploads\/2026\/03\/34_SCOPE_PICATINNY_RAIL_1-768x768.png",768,768,true],"large":["https:\/\/uki3d.pl\/wp-content\/uploads\/2026\/03\/34_SCOPE_PICATINNY_RAIL_1.png",800,800,false],"1536x1536":["https:\/\/uki3d.pl\/wp-content\/uploads\/2026\/03\/34_SCOPE_PICATINNY_RAIL_1.png",800,800,false],"2048x2048":["https:\/\/uki3d.pl\/wp-content\/uploads\/2026\/03\/34_SCOPE_PICATINNY_RAIL_1.png",800,800,false],"trp-custom-language-flag":["https:\/\/uki3d.pl\/wp-content\/uploads\/2026\/03\/34_SCOPE_PICATINNY_RAIL_1-12x12.png",12,12,true],"woocommerce_thumbnail":["https:\/\/uki3d.pl\/wp-content\/uploads\/2026\/03\/34_SCOPE_PICATINNY_RAIL_1.png",800,800,false],"woocommerce_single":["https:\/\/uki3d.pl\/wp-content\/uploads\/2026\/03\/34_SCOPE_PICATINNY_RAIL_1.png",800,800,false],"woocommerce_gallery_thumbnail":["https:\/\/uki3d.pl\/wp-content\/uploads\/2026\/03\/34_SCOPE_PICATINNY_RAIL_1-100x100.png",100,100,true]},"uagb_author_info":{"display_name":"uki","author_link":"https:\/\/uki3d.pl\/en\/author\/"},"uagb_comment_info":0,"uagb_excerpt":"Obejma na tubus lunety z szyn\u0105 Picatinny. Konfigurator pozwala na dobranie idealnej wysoko\u015bci i d\u0142ugo\u015bci szyny! Konfigurator: &nbsp; D\u0142ugo\u015b\u0107 szyny Picatinny &#8211; mierzona w wielokrotno\u015bci slot\u00f3w na szynie Picatinny (np. 3 sloty: 14.8mm * 3 = 44.4mm ), Wysoko\u015b\u0107 szyny Picatinny &#8211; mierzona od g\u00f3rnej p\u0142aszczyzny tubusa lunety do dolnej kraw\u0119dzi szyny Picatinny, \u015arednica &#8211;...","_links":{"self":[{"href":"https:\/\/uki3d.pl\/en\/wp-json\/wp\/v2\/product\/7944","targetHints":{"allow":["GET"]}}],"collection":[{"href":"https:\/\/uki3d.pl\/en\/wp-json\/wp\/v2\/product"}],"about":[{"href":"https:\/\/uki3d.pl\/en\/wp-json\/wp\/v2\/types\/product"}],"replies":[{"embeddable":true,"href":"https:\/\/uki3d.pl\/en\/wp-json\/wp\/v2\/comments?post=7944"}],"wp:featuredmedia":[{"embeddable":true,"href":"https:\/\/uki3d.pl\/en\/wp-json\/wp\/v2\/media\/7959"}],"wp:attachment":[{"href":"https:\/\/uki3d.pl\/en\/wp-json\/wp\/v2\/media?parent=7944"}],"wp:term":[{"taxonomy":"product_brand","embeddable":true,"href":"https:\/\/uki3d.pl\/en\/wp-json\/wp\/v2\/product_brand?post=7944"},{"taxonomy":"product_cat","embeddable":true,"href":"https:\/\/uki3d.pl\/en\/wp-json\/wp\/v2\/product_cat?post=7944"},{"taxonomy":"product_tag","embeddable":true,"href":"https:\/\/uki3d.pl\/en\/wp-json\/wp\/v2\/product_tag?post=7944"}],"curies":[{"name":"wp","href":"https:\/\/api.w.org\/{rel}","templated":true}]}}