{"id":7996,"date":"2026-03-26T12:09:23","date_gmt":"2026-03-26T11:09:23","guid":{"rendered":"https:\/\/uki3d.pl\/?post_type=product&#038;p=7996"},"modified":"2026-04-17T11:52:15","modified_gmt":"2026-04-17T09:52:15","slug":"magdouble-podwojna-stopka-magazynka-cz457","status":"publish","type":"product","link":"https:\/\/uki3d.pl\/en\/store\/magdouble-podwojna-stopka-magazynka-cz457\/","title":{"rendered":"MagDouble &#8211; Podw\u00f3jna stopka magazynka CZ457"},"content":{"rendered":"<p><strong>Podw\u00f3jna<\/strong> stopka do <strong>magazynk\u00f3w CZ457<\/strong>.<br \/>\nIdealne dopasowanie do konkretnej osady &#8211; offset podawany przy zam\u00f3wieniu. Lekko \u015bci\u0119ta przednia \u015bciana stopki w celu poprawienia manipulacji zmiany magazynka.<\/p>\n<p>Do wyboru warianty magazynk\u00f3w: <\/p>\n<ul>\n<li><strong>2x Polimer<\/strong><\/li>\n<li><strong>2x Metal<\/strong><\/li>\n<li><strong>1x Polimer + 1x Metal<\/strong><\/li>\n<\/ul>\n<ul>\n<li><strong>Offset<\/strong> &#8211; odleg\u0142o\u015b\u0107 pomi\u0119dzy \u015bciankami magazynk\u00f3w.<\/li>\n<\/ul>\n<p>\n<img fetchpriority=\"high\" decoding=\"async\" src=\"https:\/\/uki3d.pl\/wp-content\/uploads\/2026\/03\/CZ457_DOUBLE_MAG_OFFSET.png?t=1774523843\" alt=\"\" width=\"600\" height=\"600\" class=\"aligncenter size-full wp-image-7995\" srcset=\"https:\/\/uki3d.pl\/wp-content\/uploads\/2026\/03\/CZ457_DOUBLE_MAG_OFFSET.png 800w, https:\/\/uki3d.pl\/wp-content\/uploads\/2026\/03\/CZ457_DOUBLE_MAG_OFFSET-768x768.png 768w, https:\/\/uki3d.pl\/wp-content\/uploads\/2026\/03\/CZ457_DOUBLE_MAG_OFFSET-12x12.png 12w, https:\/\/uki3d.pl\/wp-content\/uploads\/2026\/03\/CZ457_DOUBLE_MAG_OFFSET-100x100.png 100w\" sizes=\"(max-width: 600px) 100vw, 600px\" \/><br \/>\n<\/p>\n<blockquote><p><strong>UWAGA! Ka\u017cda stopka jest wykonywana na indywidualne zam\u00f3wienie! Czas oczekiwania na wykonanie to oko\u0142o 2 dni robocze.<\/strong><\/em><\/span><\/p><\/blockquote>\n<p><strong>Made using 3D printing technology using PETG-CF (Carbon Fiber).<\/strong><\/p>\n<hr \/>","protected":false},"excerpt":{"rendered":"<p>Podw\u00f3jna stopka do magazynk\u00f3w CZ457. Idealne dopasowanie do konkretnej osady &#8211; offset podawany przy zam\u00f3wieniu. Lekko \u015bci\u0119ta przednia \u015bciana stopki w celu poprawienia manipulacji zmiany magazynka. Do wyboru warianty magazynk\u00f3w: 2x Polimer 2x Metal 1x Polimer + 1x Metal Offset &#8211; odleg\u0142o\u015b\u0107 pomi\u0119dzy \u015bciankami magazynk\u00f3w. UWAGA! Ka\u017cda stopka jest wykonywana na indywidualne zam\u00f3wienie! Czas oczekiwania&#8230;<\/p>","protected":false},"featured_media":8046,"comment_status":"open","ping_status":"closed","template":"","meta":{"_uag_custom_page_level_css":"","_kad_post_transparent":"default","_kad_post_title":"","_kad_post_layout":"default","_kad_post_sidebar_id":"","_kad_post_content_style":"default","_kad_post_vertical_padding":"default","_kad_post_feature":"","_kad_post_feature_position":"","_kad_post_header":false,"_kad_post_footer":false,"_kad_post_classname":""},"product_brand":[],"product_cat":[126],"product_tag":[],"class_list":{"0":"post-7996","1":"product","2":"type-product","3":"status-publish","4":"has-post-thumbnail","6":"product_cat-strzelectwo","7":"product_shipping_class-standard","9":"first","10":"instock","11":"featured","12":"taxable","13":"shipping-taxable","14":"purchasable","15":"product-type-variable","16":"has-default-attributes","17":"entry","18":"content-bg","19":"loop-entry","20":"wpzoom-wc-spi-has-enabled"},"uagb_featured_image_src":{"full":["https:\/\/uki3d.pl\/wp-content\/uploads\/2026\/03\/DMAG_CZ457_P_2.png?t=1776439869",800,800,false],"thumbnail":["https:\/\/uki3d.pl\/wp-content\/uploads\/2026\/03\/DMAG_CZ457_P_2.png?t=1776439869",96,96,false],"medium":["https:\/\/uki3d.pl\/wp-content\/uploads\/2026\/03\/DMAG_CZ457_P_2.png?t=1776439869",800,800,false],"medium_large":["https:\/\/uki3d.pl\/wp-content\/uploads\/2026\/03\/DMAG_CZ457_P_2-768x768.png?t=1776439869",768,768,true],"large":["https:\/\/uki3d.pl\/wp-content\/uploads\/2026\/03\/DMAG_CZ457_P_2.png?t=1776439869",800,800,false],"1536x1536":["https:\/\/uki3d.pl\/wp-content\/uploads\/2026\/03\/DMAG_CZ457_P_2.png?t=1776439869",800,800,false],"2048x2048":["https:\/\/uki3d.pl\/wp-content\/uploads\/2026\/03\/DMAG_CZ457_P_2.png?t=1776439869",800,800,false],"trp-custom-language-flag":["https:\/\/uki3d.pl\/wp-content\/uploads\/2026\/03\/DMAG_CZ457_P_2-12x12.png?t=1776439869",12,12,true],"woocommerce_thumbnail":["https:\/\/uki3d.pl\/wp-content\/uploads\/2026\/03\/DMAG_CZ457_P_2.png?t=1776439869",800,800,false],"woocommerce_single":["https:\/\/uki3d.pl\/wp-content\/uploads\/2026\/03\/DMAG_CZ457_P_2.png?t=1776439869",800,800,false],"woocommerce_gallery_thumbnail":["https:\/\/uki3d.pl\/wp-content\/uploads\/2026\/03\/DMAG_CZ457_P_2-100x100.png?t=1776439869",100,100,true]},"uagb_author_info":{"display_name":"uki","author_link":"https:\/\/uki3d.pl\/en\/author\/"},"uagb_comment_info":0,"uagb_excerpt":"Podw\u00f3jna stopka do magazynk\u00f3w CZ457. Idealne dopasowanie do konkretnej osady &#8211; offset podawany przy zam\u00f3wieniu. Lekko \u015bci\u0119ta przednia \u015bciana stopki w celu poprawienia manipulacji zmiany magazynka. Do wyboru warianty magazynk\u00f3w: 2x Polimer 2x Metal 1x Polimer + 1x Metal Offset &#8211; odleg\u0142o\u015b\u0107 pomi\u0119dzy \u015bciankami magazynk\u00f3w. UWAGA! Ka\u017cda stopka jest wykonywana na indywidualne zam\u00f3wienie! Czas oczekiwania...","_links":{"self":[{"href":"https:\/\/uki3d.pl\/en\/wp-json\/wp\/v2\/product\/7996","targetHints":{"allow":["GET"]}}],"collection":[{"href":"https:\/\/uki3d.pl\/en\/wp-json\/wp\/v2\/product"}],"about":[{"href":"https:\/\/uki3d.pl\/en\/wp-json\/wp\/v2\/types\/product"}],"replies":[{"embeddable":true,"href":"https:\/\/uki3d.pl\/en\/wp-json\/wp\/v2\/comments?post=7996"}],"wp:featuredmedia":[{"embeddable":true,"href":"https:\/\/uki3d.pl\/en\/wp-json\/wp\/v2\/media\/8046"}],"wp:attachment":[{"href":"https:\/\/uki3d.pl\/en\/wp-json\/wp\/v2\/media?parent=7996"}],"wp:term":[{"taxonomy":"product_brand","embeddable":true,"href":"https:\/\/uki3d.pl\/en\/wp-json\/wp\/v2\/product_brand?post=7996"},{"taxonomy":"product_cat","embeddable":true,"href":"https:\/\/uki3d.pl\/en\/wp-json\/wp\/v2\/product_cat?post=7996"},{"taxonomy":"product_tag","embeddable":true,"href":"https:\/\/uki3d.pl\/en\/wp-json\/wp\/v2\/product_tag?post=7996"}],"curies":[{"name":"wp","href":"https:\/\/api.w.org\/{rel}","templated":true}]}}