{"id":8021,"date":"2026-03-26T22:19:15","date_gmt":"2026-03-26T21:19:15","guid":{"rendered":"https:\/\/uki3d.pl\/?post_type=product&#038;p=8021"},"modified":"2026-04-04T14:42:34","modified_gmt":"2026-04-04T12:42:34","slug":"adapter-z-szyna-picatinny-do-hk","status":"publish","type":"product","link":"https:\/\/uki3d.pl\/en\/store\/adapter-z-szyna-picatinny-do-hk\/","title":{"rendered":"Adapter z szyn\u0105 Picatinny do H&#038;K"},"content":{"rendered":"<p><strong>Adapter z szyn\u0105 picatinny<\/strong> do kolby <strong>H&#038;K<\/strong>.<br \/>\nAdapter mocowany pomi\u0119dzy kolb\u0119 a regulowan\u0105 stopk\u0119 karabinka i kontrowany trzema \u015brubami &#8211; mocne i pewne po\u0142\u0105czenie!<br \/>\nDolna szyna adaptera wzmocniona dwoma pr\u0119tami nierdzewnymi w celu usztywnienia konstrukcji.<\/p>\n<ul>\n<li>szeroko\u015b\u0107 adaptera &#8211; 10mm<\/li>\n<\/ul>\n<p><strong>Zestaw zawiera Adapter oraz wszystkie elementy potrzebne do monta\u017cu na karabinku!<\/strong><\/p>\n<p><strong>Made using 3D printing technology using PETG-CF (Carbon Fiber).<\/strong><\/p>\n<hr \/>","protected":false},"excerpt":{"rendered":"<p>Adapter z szyn\u0105 picatinny do kolby H&#038;K. Adapter mocowany pomi\u0119dzy kolb\u0119 a regulowan\u0105 stopk\u0119 karabinka i kontrowany trzema \u015brubami &#8211; mocne i pewne po\u0142\u0105czenie! Dolna szyna adaptera wzmocniona dwoma pr\u0119tami nierdzewnymi w celu usztywnienia konstrukcji. szeroko\u015b\u0107 adaptera &#8211; 10mm Zestaw zawiera Adapter oraz wszystkie elementy potrzebne do monta\u017cu na karabinku! Wykonano w technologii druku 3D&#8230;<\/p>","protected":false},"featured_media":8023,"comment_status":"open","ping_status":"closed","template":"","meta":{"_uag_custom_page_level_css":"","_kad_post_transparent":"default","_kad_post_title":"","_kad_post_layout":"default","_kad_post_sidebar_id":"","_kad_post_content_style":"default","_kad_post_vertical_padding":"default","_kad_post_feature":"","_kad_post_feature_position":"","_kad_post_header":false,"_kad_post_footer":false,"_kad_post_classname":""},"product_brand":[],"product_cat":[126],"product_tag":[133],"class_list":{"0":"post-8021","1":"product","2":"type-product","3":"status-publish","4":"has-post-thumbnail","6":"product_cat-strzelectwo","7":"product_tag-bagrider","8":"product_shipping_class-standard","10":"first","11":"instock","12":"featured","13":"taxable","14":"shipping-taxable","15":"purchasable","16":"product-type-simple","17":"entry","18":"content-bg","19":"loop-entry","20":"wpzoom-wc-spi-has-enabled"},"uagb_featured_image_src":{"full":["https:\/\/uki3d.pl\/wp-content\/uploads\/2026\/03\/HK_BR_PICATINNY_ADAPTER_1.png",800,800,false],"thumbnail":["https:\/\/uki3d.pl\/wp-content\/uploads\/2026\/03\/HK_BR_PICATINNY_ADAPTER_1.png",96,96,false],"medium":["https:\/\/uki3d.pl\/wp-content\/uploads\/2026\/03\/HK_BR_PICATINNY_ADAPTER_1.png",800,800,false],"medium_large":["https:\/\/uki3d.pl\/wp-content\/uploads\/2026\/03\/HK_BR_PICATINNY_ADAPTER_1-768x768.png",768,768,true],"large":["https:\/\/uki3d.pl\/wp-content\/uploads\/2026\/03\/HK_BR_PICATINNY_ADAPTER_1.png",800,800,false],"1536x1536":["https:\/\/uki3d.pl\/wp-content\/uploads\/2026\/03\/HK_BR_PICATINNY_ADAPTER_1.png",800,800,false],"2048x2048":["https:\/\/uki3d.pl\/wp-content\/uploads\/2026\/03\/HK_BR_PICATINNY_ADAPTER_1.png",800,800,false],"trp-custom-language-flag":["https:\/\/uki3d.pl\/wp-content\/uploads\/2026\/03\/HK_BR_PICATINNY_ADAPTER_1-12x12.png",12,12,true],"woocommerce_thumbnail":["https:\/\/uki3d.pl\/wp-content\/uploads\/2026\/03\/HK_BR_PICATINNY_ADAPTER_1.png",800,800,false],"woocommerce_single":["https:\/\/uki3d.pl\/wp-content\/uploads\/2026\/03\/HK_BR_PICATINNY_ADAPTER_1.png",800,800,false],"woocommerce_gallery_thumbnail":["https:\/\/uki3d.pl\/wp-content\/uploads\/2026\/03\/HK_BR_PICATINNY_ADAPTER_1-100x100.png",100,100,true]},"uagb_author_info":{"display_name":"uki","author_link":"https:\/\/uki3d.pl\/en\/author\/"},"uagb_comment_info":0,"uagb_excerpt":"Adapter z szyn\u0105 picatinny do kolby H&#038;K. Adapter mocowany pomi\u0119dzy kolb\u0119 a regulowan\u0105 stopk\u0119 karabinka i kontrowany trzema \u015brubami &#8211; mocne i pewne po\u0142\u0105czenie! Dolna szyna adaptera wzmocniona dwoma pr\u0119tami nierdzewnymi w celu usztywnienia konstrukcji. szeroko\u015b\u0107 adaptera &#8211; 10mm Zestaw zawiera Adapter oraz wszystkie elementy potrzebne do monta\u017cu na karabinku! Wykonano w technologii druku 3D...","_links":{"self":[{"href":"https:\/\/uki3d.pl\/en\/wp-json\/wp\/v2\/product\/8021","targetHints":{"allow":["GET"]}}],"collection":[{"href":"https:\/\/uki3d.pl\/en\/wp-json\/wp\/v2\/product"}],"about":[{"href":"https:\/\/uki3d.pl\/en\/wp-json\/wp\/v2\/types\/product"}],"replies":[{"embeddable":true,"href":"https:\/\/uki3d.pl\/en\/wp-json\/wp\/v2\/comments?post=8021"}],"wp:featuredmedia":[{"embeddable":true,"href":"https:\/\/uki3d.pl\/en\/wp-json\/wp\/v2\/media\/8023"}],"wp:attachment":[{"href":"https:\/\/uki3d.pl\/en\/wp-json\/wp\/v2\/media?parent=8021"}],"wp:term":[{"taxonomy":"product_brand","embeddable":true,"href":"https:\/\/uki3d.pl\/en\/wp-json\/wp\/v2\/product_brand?post=8021"},{"taxonomy":"product_cat","embeddable":true,"href":"https:\/\/uki3d.pl\/en\/wp-json\/wp\/v2\/product_cat?post=8021"},{"taxonomy":"product_tag","embeddable":true,"href":"https:\/\/uki3d.pl\/en\/wp-json\/wp\/v2\/product_tag?post=8021"}],"curies":[{"name":"wp","href":"https:\/\/api.w.org\/{rel}","templated":true}]}}