{"id":8024,"date":"2026-03-28T22:30:09","date_gmt":"2026-03-28T21:30:09","guid":{"rendered":"https:\/\/uki3d.pl\/?post_type=product&#038;p=8024"},"modified":"2026-04-02T22:26:09","modified_gmt":"2026-04-02T20:26:09","slug":"baka-policzkowa-do-mdt-elite","status":"publish","type":"product","link":"https:\/\/uki3d.pl\/en\/store\/baka-policzkowa-do-mdt-elite\/","title":{"rendered":"Baka Policzkowa do MDT Elite"},"content":{"rendered":"<p><strong>Baka Policzkowa<\/strong> do kolby <strong>MDT z serii ELITE<\/strong>.<\/p>\n<p>Wzorowana na wz\u00f3r oryginalnej wraz z wyci\u0119ciem na magazynek. <strong>Idealnie spasowana do osady!<\/strong><\/p>\n<ul>\n<li>d\u0142ugo\u015b\u0107 \u2013 <strong>dowolna<\/strong><\/li>\n<p>, domy\u015blna d\u0142ugo\u015b\u0107 baki MDT Elite to 5&#8243; ~127mm,<\/p>\n<li>szeroko\u015b\u0107 \u2013 <strong>jak w oryginale.<\/strong><\/li>\n<\/ul>\n<p><strong>Made using 3D printing technology using PETG-CF (Carbon Fiber).<\/strong><\/p>\n<hr \/>","protected":false},"excerpt":{"rendered":"<p>Baka Policzkowa do kolby MDT z serii ELITE. Wzorowana na wz\u00f3r oryginalnej wraz z wyci\u0119ciem na magazynek. Idealnie spasowana do osady! d\u0142ugo\u015b\u0107 \u2013 dowolna , domy\u015blna d\u0142ugo\u015b\u0107 baki MDT Elite to 5&#8243; ~127mm, szeroko\u015b\u0107 \u2013 jak w oryginale. Wykonano w technologii druku 3D z PETG-CF (Carbon Fiber).<\/p>","protected":false},"featured_media":8029,"comment_status":"open","ping_status":"closed","template":"","meta":{"_uag_custom_page_level_css":"","_kad_post_transparent":"default","_kad_post_title":"","_kad_post_layout":"default","_kad_post_sidebar_id":"","_kad_post_content_style":"default","_kad_post_vertical_padding":"default","_kad_post_feature":"","_kad_post_feature_position":"","_kad_post_header":false,"_kad_post_footer":false,"_kad_post_classname":""},"product_brand":[],"product_cat":[126],"product_tag":[],"class_list":{"0":"post-8024","1":"product","2":"type-product","3":"status-publish","4":"has-post-thumbnail","6":"product_cat-strzelectwo","7":"product_shipping_class-standard","9":"first","10":"instock","11":"featured","12":"taxable","13":"shipping-taxable","14":"purchasable","15":"product-type-simple","16":"entry","17":"content-bg","18":"loop-entry","19":"wpzoom-wc-spi-has-enabled"},"uagb_featured_image_src":{"full":["https:\/\/uki3d.pl\/wp-content\/uploads\/2026\/03\/MDT_CHEEK_RISER_1.png",800,800,false],"thumbnail":["https:\/\/uki3d.pl\/wp-content\/uploads\/2026\/03\/MDT_CHEEK_RISER_1.png",96,96,false],"medium":["https:\/\/uki3d.pl\/wp-content\/uploads\/2026\/03\/MDT_CHEEK_RISER_1.png",800,800,false],"medium_large":["https:\/\/uki3d.pl\/wp-content\/uploads\/2026\/03\/MDT_CHEEK_RISER_1-768x768.png",768,768,true],"large":["https:\/\/uki3d.pl\/wp-content\/uploads\/2026\/03\/MDT_CHEEK_RISER_1.png",800,800,false],"1536x1536":["https:\/\/uki3d.pl\/wp-content\/uploads\/2026\/03\/MDT_CHEEK_RISER_1.png",800,800,false],"2048x2048":["https:\/\/uki3d.pl\/wp-content\/uploads\/2026\/03\/MDT_CHEEK_RISER_1.png",800,800,false],"trp-custom-language-flag":["https:\/\/uki3d.pl\/wp-content\/uploads\/2026\/03\/MDT_CHEEK_RISER_1-12x12.png",12,12,true],"woocommerce_thumbnail":["https:\/\/uki3d.pl\/wp-content\/uploads\/2026\/03\/MDT_CHEEK_RISER_1.png",800,800,false],"woocommerce_single":["https:\/\/uki3d.pl\/wp-content\/uploads\/2026\/03\/MDT_CHEEK_RISER_1.png",800,800,false],"woocommerce_gallery_thumbnail":["https:\/\/uki3d.pl\/wp-content\/uploads\/2026\/03\/MDT_CHEEK_RISER_1-100x100.png",100,100,true]},"uagb_author_info":{"display_name":"uki","author_link":"https:\/\/uki3d.pl\/en\/author\/"},"uagb_comment_info":0,"uagb_excerpt":"Baka Policzkowa do kolby MDT z serii ELITE. Wzorowana na wz\u00f3r oryginalnej wraz z wyci\u0119ciem na magazynek. Idealnie spasowana do osady! d\u0142ugo\u015b\u0107 \u2013 dowolna , domy\u015blna d\u0142ugo\u015b\u0107 baki MDT Elite to 5&#8243; ~127mm, szeroko\u015b\u0107 \u2013 jak w oryginale. Wykonano w technologii druku 3D z PETG-CF (Carbon Fiber).","_links":{"self":[{"href":"https:\/\/uki3d.pl\/en\/wp-json\/wp\/v2\/product\/8024","targetHints":{"allow":["GET"]}}],"collection":[{"href":"https:\/\/uki3d.pl\/en\/wp-json\/wp\/v2\/product"}],"about":[{"href":"https:\/\/uki3d.pl\/en\/wp-json\/wp\/v2\/types\/product"}],"replies":[{"embeddable":true,"href":"https:\/\/uki3d.pl\/en\/wp-json\/wp\/v2\/comments?post=8024"}],"wp:featuredmedia":[{"embeddable":true,"href":"https:\/\/uki3d.pl\/en\/wp-json\/wp\/v2\/media\/8029"}],"wp:attachment":[{"href":"https:\/\/uki3d.pl\/en\/wp-json\/wp\/v2\/media?parent=8024"}],"wp:term":[{"taxonomy":"product_brand","embeddable":true,"href":"https:\/\/uki3d.pl\/en\/wp-json\/wp\/v2\/product_brand?post=8024"},{"taxonomy":"product_cat","embeddable":true,"href":"https:\/\/uki3d.pl\/en\/wp-json\/wp\/v2\/product_cat?post=8024"},{"taxonomy":"product_tag","embeddable":true,"href":"https:\/\/uki3d.pl\/en\/wp-json\/wp\/v2\/product_tag?post=8024"}],"curies":[{"name":"wp","href":"https:\/\/api.w.org\/{rel}","templated":true}]}}