{"id":8060,"date":"2026-04-01T22:46:23","date_gmt":"2026-04-01T20:46:23","guid":{"rendered":"https:\/\/uki3d.pl\/?post_type=product&#038;p=8060"},"modified":"2026-04-02T22:05:04","modified_gmt":"2026-04-02T20:05:04","slug":"obejma-na-lunete-do-sg-pulse-v1","status":"publish","type":"product","link":"https:\/\/uki3d.pl\/en\/store\/obejma-na-lunete-do-sg-pulse-v1\/","title":{"rendered":"Obejma na lunet\u0119 do SG Pulse v1"},"content":{"rendered":"<p>Obejma na lunet\u0119 pozwalaj\u0105ca na bezpo\u015brednie zamontowanie poziomicy <strong>SG Pulse v1<\/strong>. Monta\u017c na oryginalne \u015bruby z zestawu fabrycznego. Obejma odchylana (na zawiasie) i zaciskana dwoma \u015brubami M3 (\u015bruby wkr\u0119caj\u0105 si\u0119 w nakr\u0119tki nierdzewne w \u015brodku druku).<\/p>\n<ul>\n<li>\nSzeroko\u015b\u0107 pier\u015bcienia &#8211; 18mm (mo\u017cliwo\u015b\u0107 lekkiej zmiany na minus, na plus &#8211; dowolnie).<br \/>\n\u015arednica obejmy &#8211; 30, 34, 35 i 36mm\n<\/li>\n<\/ul>\n<hr \/>\n<p><strong>Made using 3D printing technology using PETG-CF (Carbon Fiber).<\/strong><\/p>\n<hr \/>\n<\/div>","protected":false},"excerpt":{"rendered":"<p>Obejma na lunet\u0119 pozwalaj\u0105ca na bezpo\u015brednie zamontowanie poziomicy SG Pulse v1. Monta\u017c na oryginalne \u015bruby z zestawu fabrycznego. Obejma odchylana (na zawiasie) i zaciskana dwoma \u015brubami M3 (\u015bruby wkr\u0119caj\u0105 si\u0119 w nakr\u0119tki nierdzewne w \u015brodku druku). Szeroko\u015b\u0107 pier\u015bcienia &#8211; 18mm (mo\u017cliwo\u015b\u0107 lekkiej zmiany na minus, na plus &#8211; dowolnie). \u015arednica obejmy &#8211; 30, 34, 35&#8230;<\/p>","protected":false},"featured_media":8078,"comment_status":"open","ping_status":"closed","template":"","meta":{"_uag_custom_page_level_css":"","_kad_post_transparent":"default","_kad_post_title":"","_kad_post_layout":"default","_kad_post_sidebar_id":"","_kad_post_content_style":"default","_kad_post_vertical_padding":"default","_kad_post_feature":"","_kad_post_feature_position":"","_kad_post_header":false,"_kad_post_footer":false,"_kad_post_classname":""},"product_brand":[],"product_cat":[126],"product_tag":[],"class_list":{"0":"post-8060","1":"product","2":"type-product","3":"status-publish","4":"has-post-thumbnail","6":"product_cat-strzelectwo","7":"product_shipping_class-standard","9":"first","10":"instock","11":"featured","12":"taxable","13":"shipping-taxable","14":"purchasable","15":"product-type-variable","16":"has-default-attributes","17":"entry","18":"content-bg","19":"loop-entry","20":"wpzoom-wc-spi-has-enabled"},"uagb_featured_image_src":{"full":["https:\/\/uki3d.pl\/wp-content\/uploads\/2026\/04\/SG_P_TUBE_CLAMP_1.png",800,800,false],"thumbnail":["https:\/\/uki3d.pl\/wp-content\/uploads\/2026\/04\/SG_P_TUBE_CLAMP_1.png",96,96,false],"medium":["https:\/\/uki3d.pl\/wp-content\/uploads\/2026\/04\/SG_P_TUBE_CLAMP_1.png",800,800,false],"medium_large":["https:\/\/uki3d.pl\/wp-content\/uploads\/2026\/04\/SG_P_TUBE_CLAMP_1-768x768.png",768,768,true],"large":["https:\/\/uki3d.pl\/wp-content\/uploads\/2026\/04\/SG_P_TUBE_CLAMP_1.png",800,800,false],"1536x1536":["https:\/\/uki3d.pl\/wp-content\/uploads\/2026\/04\/SG_P_TUBE_CLAMP_1.png",800,800,false],"2048x2048":["https:\/\/uki3d.pl\/wp-content\/uploads\/2026\/04\/SG_P_TUBE_CLAMP_1.png",800,800,false],"trp-custom-language-flag":["https:\/\/uki3d.pl\/wp-content\/uploads\/2026\/04\/SG_P_TUBE_CLAMP_1-12x12.png",12,12,true],"woocommerce_thumbnail":["https:\/\/uki3d.pl\/wp-content\/uploads\/2026\/04\/SG_P_TUBE_CLAMP_1.png",800,800,false],"woocommerce_single":["https:\/\/uki3d.pl\/wp-content\/uploads\/2026\/04\/SG_P_TUBE_CLAMP_1.png",800,800,false],"woocommerce_gallery_thumbnail":["https:\/\/uki3d.pl\/wp-content\/uploads\/2026\/04\/SG_P_TUBE_CLAMP_1-100x100.png",100,100,true]},"uagb_author_info":{"display_name":"uki","author_link":"https:\/\/uki3d.pl\/en\/author\/"},"uagb_comment_info":0,"uagb_excerpt":"Obejma na lunet\u0119 pozwalaj\u0105ca na bezpo\u015brednie zamontowanie poziomicy SG Pulse v1. Monta\u017c na oryginalne \u015bruby z zestawu fabrycznego. Obejma odchylana (na zawiasie) i zaciskana dwoma \u015brubami M3 (\u015bruby wkr\u0119caj\u0105 si\u0119 w nakr\u0119tki nierdzewne w \u015brodku druku). Szeroko\u015b\u0107 pier\u015bcienia &#8211; 18mm (mo\u017cliwo\u015b\u0107 lekkiej zmiany na minus, na plus &#8211; dowolnie). \u015arednica obejmy &#8211; 30, 34, 35...","_links":{"self":[{"href":"https:\/\/uki3d.pl\/en\/wp-json\/wp\/v2\/product\/8060","targetHints":{"allow":["GET"]}}],"collection":[{"href":"https:\/\/uki3d.pl\/en\/wp-json\/wp\/v2\/product"}],"about":[{"href":"https:\/\/uki3d.pl\/en\/wp-json\/wp\/v2\/types\/product"}],"replies":[{"embeddable":true,"href":"https:\/\/uki3d.pl\/en\/wp-json\/wp\/v2\/comments?post=8060"}],"wp:featuredmedia":[{"embeddable":true,"href":"https:\/\/uki3d.pl\/en\/wp-json\/wp\/v2\/media\/8078"}],"wp:attachment":[{"href":"https:\/\/uki3d.pl\/en\/wp-json\/wp\/v2\/media?parent=8060"}],"wp:term":[{"taxonomy":"product_brand","embeddable":true,"href":"https:\/\/uki3d.pl\/en\/wp-json\/wp\/v2\/product_brand?post=8060"},{"taxonomy":"product_cat","embeddable":true,"href":"https:\/\/uki3d.pl\/en\/wp-json\/wp\/v2\/product_cat?post=8060"},{"taxonomy":"product_tag","embeddable":true,"href":"https:\/\/uki3d.pl\/en\/wp-json\/wp\/v2\/product_tag?post=8060"}],"curies":[{"name":"wp","href":"https:\/\/api.w.org\/{rel}","templated":true}]}}