{"id":8119,"date":"2026-04-11T21:06:14","date_gmt":"2026-04-11T19:06:14","guid":{"rendered":"https:\/\/uki3d.pl\/?post_type=product&#038;p=8119"},"modified":"2026-04-12T21:32:20","modified_gmt":"2026-04-12T19:32:20","slug":"galka-dzwigni-zamka-tikka-t3x","status":"publish","type":"product","link":"https:\/\/uki3d.pl\/en\/store\/galka-dzwigni-zamka-tikka-t3x\/","title":{"rendered":"Ga\u0142ka d\u017awigni zamka Tikka T3x"},"content":{"rendered":"<p>Ga\u0142ka do d\u017awigni zamka <strong>Tikka T3x<\/strong>. Nak\u0142adana na oryginaln\u0105 i kontrowana \u015brub\u0105.<\/p>\n<p><strong>Monta\u017c<\/strong><br \/>\nGa\u0142k\u0119 nasuwa si\u0119 na oryginaln\u0105 &#8222;kulk\u0119&#8221; d\u017awigni zamka (do momentu s\u0142yszalnego cichego &#8222;klik&#8221;), tyln\u0105 \u015brub\u0119 wkr\u0119camy <strong>do samego ko\u0144ca<\/strong>! Pod koniec wkr\u0119cania b\u0119dzie znaczny op\u00f3r &#8211; tak ma by\u0107 &#8211; \u015bruba rozpycha &#8222;uszka&#8221;, kt\u00f3re blokuj\u0105 si\u0119 w otworze ga\u0142ki zamka zapobiegaj\u0105c przekr\u0119caniu i wypadaniu ga\u0142ki.<br \/>\nGa\u0142k\u0119 mo\u017cna dodatkowo zabezpieczy\u0107 kropelk\u0105 kleju ma\u0142oinwazyjnego (e.g. butapren) &#8211; przed monta\u017cem na\u0142o\u017cy\u0107 ma\u0142\u0105 ilo\u015b\u0107 na \u015bcianki tulejki rozporowej. Nie jest to niezb\u0119dne, ga\u0142ka bez kleju trzyma si\u0119 wzorowo!<\/p>\n<p><strong>Made using 3D printing technology using PETG-CF (Carbon Fiber).<\/strong><\/p>\n<hr>","protected":false},"excerpt":{"rendered":"<p>Ga\u0142ka do d\u017awigni zamka Tikka T3x. Nak\u0142adana na oryginaln\u0105 i kontrowana \u015brub\u0105. Monta\u017c Ga\u0142k\u0119 nasuwa si\u0119 na oryginaln\u0105 &#8222;kulk\u0119&#8221; d\u017awigni zamka (do momentu s\u0142yszalnego cichego &#8222;klik&#8221;), tyln\u0105 \u015brub\u0119 wkr\u0119camy do samego ko\u0144ca! Pod koniec wkr\u0119cania b\u0119dzie znaczny op\u00f3r &#8211; tak ma by\u0107 &#8211; \u015bruba rozpycha &#8222;uszka&#8221;, kt\u00f3re blokuj\u0105 si\u0119 w otworze ga\u0142ki zamka zapobiegaj\u0105c przekr\u0119caniu&#8230;<\/p>","protected":false},"featured_media":8118,"comment_status":"open","ping_status":"closed","template":"","meta":{"_uag_custom_page_level_css":"","_kad_post_transparent":"default","_kad_post_title":"","_kad_post_layout":"default","_kad_post_sidebar_id":"","_kad_post_content_style":"default","_kad_post_vertical_padding":"default","_kad_post_feature":"","_kad_post_feature_position":"","_kad_post_header":false,"_kad_post_footer":false,"_kad_post_classname":""},"product_brand":[],"product_cat":[126],"product_tag":[],"class_list":{"0":"post-8119","1":"product","2":"type-product","3":"status-publish","4":"has-post-thumbnail","6":"product_cat-strzelectwo","7":"product_shipping_class-standard","9":"first","10":"instock","11":"featured","12":"taxable","13":"shipping-taxable","14":"purchasable","15":"product-type-simple","16":"entry","17":"content-bg","18":"loop-entry","19":"wpzoom-wc-spi-has-enabled"},"uagb_featured_image_src":{"full":["https:\/\/uki3d.pl\/wp-content\/uploads\/2026\/04\/TIKKA_T3x_BOLT_KNOB_1.png",800,800,false],"thumbnail":["https:\/\/uki3d.pl\/wp-content\/uploads\/2026\/04\/TIKKA_T3x_BOLT_KNOB_1.png",96,96,false],"medium":["https:\/\/uki3d.pl\/wp-content\/uploads\/2026\/04\/TIKKA_T3x_BOLT_KNOB_1.png",800,800,false],"medium_large":["https:\/\/uki3d.pl\/wp-content\/uploads\/2026\/04\/TIKKA_T3x_BOLT_KNOB_1-768x768.png",768,768,true],"large":["https:\/\/uki3d.pl\/wp-content\/uploads\/2026\/04\/TIKKA_T3x_BOLT_KNOB_1.png",800,800,false],"1536x1536":["https:\/\/uki3d.pl\/wp-content\/uploads\/2026\/04\/TIKKA_T3x_BOLT_KNOB_1.png",800,800,false],"2048x2048":["https:\/\/uki3d.pl\/wp-content\/uploads\/2026\/04\/TIKKA_T3x_BOLT_KNOB_1.png",800,800,false],"trp-custom-language-flag":["https:\/\/uki3d.pl\/wp-content\/uploads\/2026\/04\/TIKKA_T3x_BOLT_KNOB_1-12x12.png",12,12,true],"woocommerce_thumbnail":["https:\/\/uki3d.pl\/wp-content\/uploads\/2026\/04\/TIKKA_T3x_BOLT_KNOB_1.png",800,800,false],"woocommerce_single":["https:\/\/uki3d.pl\/wp-content\/uploads\/2026\/04\/TIKKA_T3x_BOLT_KNOB_1.png",800,800,false],"woocommerce_gallery_thumbnail":["https:\/\/uki3d.pl\/wp-content\/uploads\/2026\/04\/TIKKA_T3x_BOLT_KNOB_1-100x100.png",100,100,true]},"uagb_author_info":{"display_name":"uki","author_link":"https:\/\/uki3d.pl\/en\/author\/"},"uagb_comment_info":0,"uagb_excerpt":"Ga\u0142ka do d\u017awigni zamka Tikka T3x. Nak\u0142adana na oryginaln\u0105 i kontrowana \u015brub\u0105. Monta\u017c Ga\u0142k\u0119 nasuwa si\u0119 na oryginaln\u0105 &#8222;kulk\u0119&#8221; d\u017awigni zamka (do momentu s\u0142yszalnego cichego &#8222;klik&#8221;), tyln\u0105 \u015brub\u0119 wkr\u0119camy do samego ko\u0144ca! Pod koniec wkr\u0119cania b\u0119dzie znaczny op\u00f3r &#8211; tak ma by\u0107 &#8211; \u015bruba rozpycha &#8222;uszka&#8221;, kt\u00f3re blokuj\u0105 si\u0119 w otworze ga\u0142ki zamka zapobiegaj\u0105c przekr\u0119caniu...","_links":{"self":[{"href":"https:\/\/uki3d.pl\/en\/wp-json\/wp\/v2\/product\/8119","targetHints":{"allow":["GET"]}}],"collection":[{"href":"https:\/\/uki3d.pl\/en\/wp-json\/wp\/v2\/product"}],"about":[{"href":"https:\/\/uki3d.pl\/en\/wp-json\/wp\/v2\/types\/product"}],"replies":[{"embeddable":true,"href":"https:\/\/uki3d.pl\/en\/wp-json\/wp\/v2\/comments?post=8119"}],"wp:featuredmedia":[{"embeddable":true,"href":"https:\/\/uki3d.pl\/en\/wp-json\/wp\/v2\/media\/8118"}],"wp:attachment":[{"href":"https:\/\/uki3d.pl\/en\/wp-json\/wp\/v2\/media?parent=8119"}],"wp:term":[{"taxonomy":"product_brand","embeddable":true,"href":"https:\/\/uki3d.pl\/en\/wp-json\/wp\/v2\/product_brand?post=8119"},{"taxonomy":"product_cat","embeddable":true,"href":"https:\/\/uki3d.pl\/en\/wp-json\/wp\/v2\/product_cat?post=8119"},{"taxonomy":"product_tag","embeddable":true,"href":"https:\/\/uki3d.pl\/en\/wp-json\/wp\/v2\/product_tag?post=8119"}],"curies":[{"name":"wp","href":"https:\/\/api.w.org\/{rel}","templated":true}]}}